{"id":4628,"date":"2022-05-31T10:23:12","date_gmt":"2022-05-31T08:27:05","guid":{"rendered":"https:\/\/www.smokingpaper.com\/?post_type=product&#038;p=4628"},"modified":"2024-09-26T15:56:19","modified_gmt":"2024-09-26T13:56:19","slug":"grinder-azul-metalico","status":"publish","type":"product","link":"https:\/\/www.smokingpaper.com\/es\/producto\/grinder-azul-metalico\/","title":{"rendered":"Grinder azul met\u00e1lico"},"content":{"rendered":"","protected":false},"excerpt":{"rendered":"<p><span data-sheets-value=\"{&quot;1&quot;:2,&quot;2&quot;:&quot;Con nuestro Grinder Azul Met\u00e1lico podr\u00e1s triturar c\u00f3modamente el cannabis en apenas dos movimientos. Un pr\u00e1ctico accesorio que est\u00e1 fabricado 100% en metal, para garantizarte la mayor durabilidad con \u00e9l. Dispone de 4 partes divididas entre zona de triturado, dep\u00f3sito y polonizadores, para que no queden restos. Viene con un atractivo dise\u00f1o en azul met\u00e1lico, con ilustraciones de llamas y el logo de Smoking\u00ae en rojo y blanco. Tenemos hasta 6 modelos de grinders diferentes. Elige tus preferidos y disfruta de su c\u00f3moda precisi\u00f3n para triturar.&quot;}\" data-sheets-userformat=\"{&quot;2&quot;:1319869,&quot;3&quot;:{&quot;1&quot;:0},&quot;5&quot;:{&quot;1&quot;:[{&quot;1&quot;:2,&quot;2&quot;:0,&quot;5&quot;:{&quot;1&quot;:2,&quot;2&quot;:0}},{&quot;1&quot;:0,&quot;2&quot;:0,&quot;3&quot;:3},{&quot;1&quot;:1,&quot;2&quot;:0,&quot;4&quot;:1}]},&quot;6&quot;:{&quot;1&quot;:[{&quot;1&quot;:2,&quot;2&quot;:0,&quot;5&quot;:{&quot;1&quot;:2,&quot;2&quot;:0}},{&quot;1&quot;:0,&quot;2&quot;:0,&quot;3&quot;:3},{&quot;1&quot;:1,&quot;2&quot;:0,&quot;4&quot;:1}]},&quot;7&quot;:{&quot;1&quot;:[{&quot;1&quot;:2,&quot;2&quot;:0,&quot;5&quot;:{&quot;1&quot;:2,&quot;2&quot;:0}},{&quot;1&quot;:0,&quot;2&quot;:0,&quot;3&quot;:3},{&quot;1&quot;:1,&quot;2&quot;:0,&quot;4&quot;:1}]},&quot;8&quot;:{&quot;1&quot;:[{&quot;1&quot;:2,&quot;2&quot;:0,&quot;5&quot;:{&quot;1&quot;:2,&quot;2&quot;:0}},{&quot;1&quot;:0,&quot;2&quot;:0,&quot;3&quot;:3},{&quot;1&quot;:1,&quot;2&quot;:0,&quot;4&quot;:1}]},&quot;10&quot;:1,&quot;11&quot;:4,&quot;12&quot;:0,&quot;16&quot;:10,&quot;21&quot;:0,&quot;23&quot;:2}\">Con nuestro Grinder Azul Met\u00e1lico podr\u00e1s triturar c\u00f3modamente el cannabis en apenas dos movimientos. Un pr\u00e1ctico accesorio que est\u00e1 fabricado 100% en metal, para garantizarte la mayor durabilidad con \u00e9l. Dispone de 4 partes divididas entre zona de triturado, dep\u00f3sito y polonizadores, para que no queden restos. Viene con un atractivo dise\u00f1o en azul met\u00e1lico, con ilustraciones de llamas y el logo de Smoking\u00ae en rojo y blanco. Tenemos hasta 6 modelos de grinders diferentes. Elige tus preferidos y disfruta de su c\u00f3moda precisi\u00f3n para triturar.<\/span><\/p>\n","protected":false},"featured_media":6210,"template":"","meta":{"_acf_changed":false,"inline_featured_image":false},"product_brand":[],"product_cat":[772],"product_tag":[],"class_list":{"0":"post-4628","1":"product","2":"type-product","3":"status-publish","4":"has-post-thumbnail","6":"product_cat-grinder","8":"first","9":"instock","10":"shipping-taxable","11":"product-type-simple"},"acf":[],"yoast_head":"<!-- This site is optimized with the Yoast SEO plugin v26.2 - https:\/\/yoast.com\/wordpress\/plugins\/seo\/ -->\n<title>\u25b7 Grinder azul met\u00e1lico de 4 partes| Smoking Paper<\/title>\n<meta name=\"description\" content=\"Descubre el Grinder azul met\u00e1lico de Smoking Paper para maria, hachis, tabaco y todo lo que quieras picar. Descubre todos nuestros grinders.\" \/>\n<meta name=\"robots\" content=\"index, follow, max-snippet:-1, max-image-preview:large, max-video-preview:-1\" \/>\n<link rel=\"canonical\" href=\"https:\/\/www.smokingpaper.com\/es\/producto\/grinder-azul-metalico\/\" \/>\n<meta property=\"og:locale\" content=\"es_ES\" \/>\n<meta property=\"og:type\" content=\"article\" \/>\n<meta property=\"og:title\" content=\"\u25b7 Grinder azul met\u00e1lico de 4 partes| Smoking Paper\" \/>\n<meta property=\"og:description\" content=\"Descubre el Grinder azul met\u00e1lico de Smoking Paper para maria, hachis, tabaco y todo lo que quieras picar. Descubre todos nuestros grinders.\" \/>\n<meta property=\"og:url\" content=\"https:\/\/www.smokingpaper.com\/es\/producto\/grinder-azul-metalico\/\" \/>\n<meta property=\"og:site_name\" content=\"Smoking\" \/>\n<meta property=\"article:modified_time\" content=\"2024-09-26T13:56:19+00:00\" \/>\n<meta property=\"og:image\" content=\"https:\/\/www.smokingpaper.com\/wp-content\/uploads\/2022\/05\/grinder-blue_sflames_obert_tot-2.jpg\" \/>\n\t<meta property=\"og:image:width\" content=\"1824\" \/>\n\t<meta property=\"og:image:height\" content=\"2736\" \/>\n\t<meta property=\"og:image:type\" content=\"image\/jpeg\" \/>\n<meta name=\"twitter:card\" content=\"summary_large_image\" \/>\n<!-- \/ Yoast SEO plugin. -->","yoast_head_json":{"title":"\u25b7 Grinder azul met\u00e1lico de 4 partes| Smoking Paper","description":"Descubre el Grinder azul met\u00e1lico de Smoking Paper para maria, hachis, tabaco y todo lo que quieras picar. Descubre todos nuestros grinders.","robots":{"index":"index","follow":"follow","max-snippet":"max-snippet:-1","max-image-preview":"max-image-preview:large","max-video-preview":"max-video-preview:-1"},"canonical":"https:\/\/www.smokingpaper.com\/es\/producto\/grinder-azul-metalico\/","og_locale":"es_ES","og_type":"article","og_title":"\u25b7 Grinder azul met\u00e1lico de 4 partes| Smoking Paper","og_description":"Descubre el Grinder azul met\u00e1lico de Smoking Paper para maria, hachis, tabaco y todo lo que quieras picar. Descubre todos nuestros grinders.","og_url":"https:\/\/www.smokingpaper.com\/es\/producto\/grinder-azul-metalico\/","og_site_name":"Smoking","article_modified_time":"2024-09-26T13:56:19+00:00","og_image":[{"width":1824,"height":2736,"url":"https:\/\/www.smokingpaper.com\/wp-content\/uploads\/2022\/05\/grinder-blue_sflames_obert_tot-2.jpg","type":"image\/jpeg"}],"twitter_card":"summary_large_image","schema":{"@context":"https:\/\/schema.org","@graph":[{"@type":"BreadcrumbList","@id":"https:\/\/www.smokingpaper.com\/es\/producto\/grinder-azul-metalico\/#breadcrumb","itemListElement":[{"@type":"ListItem","position":1,"name":"Home","item":"https:\/\/www.smokingpaper.com\/es\/"},{"@type":"ListItem","position":2,"name":"Productos","item":"https:\/\/www.smokingpaper.com\/es\/shop\/"},{"@type":"ListItem","position":3,"name":"Grinders","item":"https:\/\/www.smokingpaper.com\/es\/productos\/grinder\/"},{"@type":"ListItem","position":4,"name":"Grinder azul met\u00e1lico"}]}]}},"_links":{"self":[{"href":"https:\/\/www.smokingpaper.com\/es\/wp-json\/wp\/v2\/product\/4628","targetHints":{"allow":["GET"]}}],"collection":[{"href":"https:\/\/www.smokingpaper.com\/es\/wp-json\/wp\/v2\/product"}],"about":[{"href":"https:\/\/www.smokingpaper.com\/es\/wp-json\/wp\/v2\/types\/product"}],"wp:featuredmedia":[{"embeddable":true,"href":"https:\/\/www.smokingpaper.com\/es\/wp-json\/wp\/v2\/media\/6210"}],"wp:attachment":[{"href":"https:\/\/www.smokingpaper.com\/es\/wp-json\/wp\/v2\/media?parent=4628"}],"wp:term":[{"taxonomy":"product_brand","embeddable":true,"href":"https:\/\/www.smokingpaper.com\/es\/wp-json\/wp\/v2\/product_brand?post=4628"},{"taxonomy":"product_cat","embeddable":true,"href":"https:\/\/www.smokingpaper.com\/es\/wp-json\/wp\/v2\/product_cat?post=4628"},{"taxonomy":"product_tag","embeddable":true,"href":"https:\/\/www.smokingpaper.com\/es\/wp-json\/wp\/v2\/product_tag?post=4628"}],"curies":[{"name":"wp","href":"https:\/\/api.w.org\/{rel}","templated":true}]}}