{"id":4379,"date":"2022-03-31T11:05:23","date_gmt":"2022-03-31T09:05:23","guid":{"rendered":"https:\/\/www.smokingpaper.com\/?post_type=product&#038;p=4379"},"modified":"2023-12-29T19:36:25","modified_gmt":"2023-12-29T18:36:25","slug":"brown-king-size-xl","status":"publish","type":"product","link":"https:\/\/www.smokingpaper.com\/es\/producto\/brown-king-size-xl\/","title":{"rendered":"Brown King Size XL"},"content":{"rendered":"","protected":false},"excerpt":{"rendered":"<p>Brown King Size XL es el librito ideal si buscas papel de fumar sin blanquear al mayor tama\u00f1o posible. \u00a1La opci\u00f3n m\u00e1s sostenible! En este librito tienes 33 hojas para liar tus cigarros a un tama\u00f1o King Size de 108 x 52 mm. Con un acabado ultrafino de 13 g\/m2, alto nivel de transparencia y de combusti\u00f3n lenta. Tiene certificado FSC\u00ae, porque procede de bosques y plantaciones que preservan la Biodiversidad. Incluye una goma 100% natural vegetal que no lleva colorantes ni otros aditivos. Para conseguir en una sola pasada el pegado perfecto que est\u00e1s buscando.<\/p>\n","protected":false},"featured_media":4382,"template":"","meta":{"_acf_changed":false,"inline_featured_image":false},"product_brand":[],"product_cat":[67,92],"product_tag":[],"class_list":{"0":"post-4379","1":"product","2":"type-product","3":"status-publish","4":"has-post-thumbnail","6":"product_cat-papeles","7":"product_cat-kingsize","9":"first","10":"instock","11":"shipping-taxable","12":"product-type-simple"},"acf":[],"yoast_head":"<!-- This site is optimized with the Yoast SEO plugin v26.2 - https:\/\/yoast.com\/wordpress\/plugins\/seo\/ -->\n<title>King Size Brown XL | Smoking Paper<\/title>\n<meta name=\"description\" content=\"Descubre el placer de fumar con el papel Brown King Size XL de Smoking. Con 33 hojas extra grandes. \u00a1Experimenta la diferencia en cada calada! Pru\u00e9balo\" \/>\n<meta name=\"robots\" content=\"index, follow, max-snippet:-1, max-image-preview:large, max-video-preview:-1\" \/>\n<link rel=\"canonical\" href=\"https:\/\/www.smokingpaper.com\/es\/producto\/brown-king-size-xl\/\" \/>\n<meta property=\"og:locale\" content=\"es_ES\" \/>\n<meta property=\"og:type\" content=\"article\" \/>\n<meta property=\"og:title\" content=\"King Size Brown XL | Smoking Paper\" \/>\n<meta property=\"og:description\" content=\"Descubre el placer de fumar con el papel Brown King Size XL de Smoking. Con 33 hojas extra grandes. \u00a1Experimenta la diferencia en cada calada! Pru\u00e9balo\" \/>\n<meta property=\"og:url\" content=\"https:\/\/www.smokingpaper.com\/es\/producto\/brown-king-size-xl\/\" \/>\n<meta property=\"og:site_name\" content=\"Smoking\" \/>\n<meta property=\"article:modified_time\" content=\"2023-12-29T18:36:25+00:00\" \/>\n<meta property=\"og:image\" content=\"https:\/\/www.smokingpaper.com\/wp-content\/uploads\/2021\/12\/3D-LIBRITO-Smoking-Brown-KS-XL.png\" \/>\n\t<meta property=\"og:image:width\" content=\"1000\" \/>\n\t<meta property=\"og:image:height\" content=\"510\" \/>\n\t<meta property=\"og:image:type\" content=\"image\/png\" \/>\n<meta name=\"twitter:card\" content=\"summary_large_image\" \/>\n<meta name=\"twitter:label1\" content=\"Tiempo de lectura\" \/>\n\t<meta name=\"twitter:data1\" content=\"1 minuto\" \/>\n<!-- \/ Yoast SEO plugin. -->","yoast_head_json":{"title":"King Size Brown XL | Smoking Paper","description":"Descubre el placer de fumar con el papel Brown King Size XL de Smoking. Con 33 hojas extra grandes. \u00a1Experimenta la diferencia en cada calada! Pru\u00e9balo","robots":{"index":"index","follow":"follow","max-snippet":"max-snippet:-1","max-image-preview":"max-image-preview:large","max-video-preview":"max-video-preview:-1"},"canonical":"https:\/\/www.smokingpaper.com\/es\/producto\/brown-king-size-xl\/","og_locale":"es_ES","og_type":"article","og_title":"King Size Brown XL | Smoking Paper","og_description":"Descubre el placer de fumar con el papel Brown King Size XL de Smoking. Con 33 hojas extra grandes. \u00a1Experimenta la diferencia en cada calada! Pru\u00e9balo","og_url":"https:\/\/www.smokingpaper.com\/es\/producto\/brown-king-size-xl\/","og_site_name":"Smoking","article_modified_time":"2023-12-29T18:36:25+00:00","og_image":[{"width":1000,"height":510,"url":"https:\/\/www.smokingpaper.com\/wp-content\/uploads\/2021\/12\/3D-LIBRITO-Smoking-Brown-KS-XL.png","type":"image\/png"}],"twitter_card":"summary_large_image","twitter_misc":{"Tiempo de lectura":"1 minuto"},"schema":{"@context":"https:\/\/schema.org","@graph":[{"@type":"BreadcrumbList","@id":"https:\/\/www.smokingpaper.com\/es\/producto\/brown-king-size-xl\/#breadcrumb","itemListElement":[{"@type":"ListItem","position":1,"name":"Home","item":"https:\/\/www.smokingpaper.com\/es\/"},{"@type":"ListItem","position":2,"name":"Productos","item":"https:\/\/www.smokingpaper.com\/es\/shop\/"},{"@type":"ListItem","position":3,"name":"Papel de liar","item":"https:\/\/www.smokingpaper.com\/es\/productos\/papeles\/"},{"@type":"ListItem","position":4,"name":"Brown King Size XL"}]}]}},"_links":{"self":[{"href":"https:\/\/www.smokingpaper.com\/es\/wp-json\/wp\/v2\/product\/4379","targetHints":{"allow":["GET"]}}],"collection":[{"href":"https:\/\/www.smokingpaper.com\/es\/wp-json\/wp\/v2\/product"}],"about":[{"href":"https:\/\/www.smokingpaper.com\/es\/wp-json\/wp\/v2\/types\/product"}],"wp:featuredmedia":[{"embeddable":true,"href":"https:\/\/www.smokingpaper.com\/es\/wp-json\/wp\/v2\/media\/4382"}],"wp:attachment":[{"href":"https:\/\/www.smokingpaper.com\/es\/wp-json\/wp\/v2\/media?parent=4379"}],"wp:term":[{"taxonomy":"product_brand","embeddable":true,"href":"https:\/\/www.smokingpaper.com\/es\/wp-json\/wp\/v2\/product_brand?post=4379"},{"taxonomy":"product_cat","embeddable":true,"href":"https:\/\/www.smokingpaper.com\/es\/wp-json\/wp\/v2\/product_cat?post=4379"},{"taxonomy":"product_tag","embeddable":true,"href":"https:\/\/www.smokingpaper.com\/es\/wp-json\/wp\/v2\/product_tag?post=4379"}],"curies":[{"name":"wp","href":"https:\/\/api.w.org\/{rel}","templated":true}]}}