{"id":4271,"date":"2022-03-18T11:52:44","date_gmt":"2022-03-18T10:52:44","guid":{"rendered":"https:\/\/www.smokingpaper.com\/?post_type=product&#038;p=4271"},"modified":"2023-10-05T11:27:42","modified_gmt":"2023-10-05T09:27:42","slug":"conos-deluxe-ks-x12","status":"publish","type":"product","link":"https:\/\/www.smokingpaper.com\/es\/producto\/conos-deluxe-ks-x12\/","title":{"rendered":"Conos Deluxe KS x12"},"content":{"rendered":"","protected":false},"excerpt":{"rendered":"<p>El pack Conos Deluxe King Size x12 es la elecci\u00f3n ideal para los amantes de los conos en su gama m\u00e1s exquisita. En este pack tienes 12 conos King Size con tama\u00f1o de hoja de 108 mm, elaborada en el papel ultrafino y blanqueado Smoking\u00ae, que adem\u00e1s te ofrece la combusti\u00f3n lenta que est\u00e1s buscando. Conos listos para fumar sin filtro, gracias a que el tip ya viene incorporado.<\/p>\n","protected":false},"featured_media":4274,"template":"","meta":{"_acf_changed":false,"inline_featured_image":false},"product_brand":[],"product_cat":[376],"product_tag":[],"class_list":{"0":"post-4271","1":"product","2":"type-product","3":"status-publish","4":"has-post-thumbnail","6":"product_cat-conos","8":"first","9":"instock","10":"shipping-taxable","11":"product-type-simple"},"acf":[],"yoast_head":"<!-- This site is optimized with the Yoast SEO plugin v26.2 - https:\/\/yoast.com\/wordpress\/plugins\/seo\/ -->\n<title>Cones Deluxe KS x12 | Smoking Papel<\/title>\n<meta name=\"description\" content=\"Deluxe KS Cones x12, productos para fumadores de la mejor calidad en Smoking Paper \u2705 A los mejores precios, \u00a1cat\u00e1logo de productos online!\" \/>\n<meta name=\"robots\" content=\"index, follow, max-snippet:-1, max-image-preview:large, max-video-preview:-1\" \/>\n<link rel=\"canonical\" href=\"https:\/\/www.smokingpaper.com\/es\/producto\/conos-deluxe-ks-x12\/\" \/>\n<meta property=\"og:locale\" content=\"es_ES\" \/>\n<meta property=\"og:type\" content=\"article\" \/>\n<meta property=\"og:title\" content=\"Cones Deluxe KS x12 | Smoking Papel\" \/>\n<meta property=\"og:description\" content=\"Deluxe KS Cones x12, productos para fumadores de la mejor calidad en Smoking Paper \u2705 A los mejores precios, \u00a1cat\u00e1logo de productos online!\" \/>\n<meta property=\"og:url\" content=\"https:\/\/www.smokingpaper.com\/es\/producto\/conos-deluxe-ks-x12\/\" \/>\n<meta property=\"og:site_name\" content=\"Smoking\" \/>\n<meta property=\"article:modified_time\" content=\"2023-10-05T09:27:42+00:00\" \/>\n<meta property=\"og:image\" content=\"https:\/\/www.smokingpaper.com\/wp-content\/uploads\/2022\/03\/3D-PACK-cones-x12DELUXE-2.png\" \/>\n\t<meta property=\"og:image:width\" content=\"617\" \/>\n\t<meta property=\"og:image:height\" content=\"405\" \/>\n\t<meta property=\"og:image:type\" content=\"image\/png\" \/>\n<meta name=\"twitter:card\" content=\"summary_large_image\" \/>\n<!-- \/ Yoast SEO plugin. -->","yoast_head_json":{"title":"Cones Deluxe KS x12 | Smoking Papel","description":"Deluxe KS Cones x12, productos para fumadores de la mejor calidad en Smoking Paper \u2705 A los mejores precios, \u00a1cat\u00e1logo de productos online!","robots":{"index":"index","follow":"follow","max-snippet":"max-snippet:-1","max-image-preview":"max-image-preview:large","max-video-preview":"max-video-preview:-1"},"canonical":"https:\/\/www.smokingpaper.com\/es\/producto\/conos-deluxe-ks-x12\/","og_locale":"es_ES","og_type":"article","og_title":"Cones Deluxe KS x12 | Smoking Papel","og_description":"Deluxe KS Cones x12, productos para fumadores de la mejor calidad en Smoking Paper \u2705 A los mejores precios, \u00a1cat\u00e1logo de productos online!","og_url":"https:\/\/www.smokingpaper.com\/es\/producto\/conos-deluxe-ks-x12\/","og_site_name":"Smoking","article_modified_time":"2023-10-05T09:27:42+00:00","og_image":[{"width":617,"height":405,"url":"https:\/\/www.smokingpaper.com\/wp-content\/uploads\/2022\/03\/3D-PACK-cones-x12DELUXE-2.png","type":"image\/png"}],"twitter_card":"summary_large_image","schema":{"@context":"https:\/\/schema.org","@graph":[{"@type":"BreadcrumbList","@id":"https:\/\/www.smokingpaper.com\/es\/producto\/conos-deluxe-ks-x12\/#breadcrumb","itemListElement":[{"@type":"ListItem","position":1,"name":"Home","item":"https:\/\/www.smokingpaper.com\/es\/"},{"@type":"ListItem","position":2,"name":"Productos","item":"https:\/\/www.smokingpaper.com\/es\/shop\/"},{"@type":"ListItem","position":3,"name":"Conos","item":"https:\/\/www.smokingpaper.com\/es\/productos\/conos\/"},{"@type":"ListItem","position":4,"name":"Conos Deluxe KS x12"}]}]}},"_links":{"self":[{"href":"https:\/\/www.smokingpaper.com\/es\/wp-json\/wp\/v2\/product\/4271","targetHints":{"allow":["GET"]}}],"collection":[{"href":"https:\/\/www.smokingpaper.com\/es\/wp-json\/wp\/v2\/product"}],"about":[{"href":"https:\/\/www.smokingpaper.com\/es\/wp-json\/wp\/v2\/types\/product"}],"wp:featuredmedia":[{"embeddable":true,"href":"https:\/\/www.smokingpaper.com\/es\/wp-json\/wp\/v2\/media\/4274"}],"wp:attachment":[{"href":"https:\/\/www.smokingpaper.com\/es\/wp-json\/wp\/v2\/media?parent=4271"}],"wp:term":[{"taxonomy":"product_brand","embeddable":true,"href":"https:\/\/www.smokingpaper.com\/es\/wp-json\/wp\/v2\/product_brand?post=4271"},{"taxonomy":"product_cat","embeddable":true,"href":"https:\/\/www.smokingpaper.com\/es\/wp-json\/wp\/v2\/product_cat?post=4271"},{"taxonomy":"product_tag","embeddable":true,"href":"https:\/\/www.smokingpaper.com\/es\/wp-json\/wp\/v2\/product_tag?post=4271"}],"curies":[{"name":"wp","href":"https:\/\/api.w.org\/{rel}","templated":true}]}}