{"id":4263,"date":"2022-03-18T11:39:18","date_gmt":"2022-03-18T10:39:18","guid":{"rendered":"https:\/\/www.smokingpaper.com\/?post_type=product&#038;p=4263"},"modified":"2023-10-05T11:37:14","modified_gmt":"2023-10-05T09:37:14","slug":"conos-deluxe-ks-x4","status":"publish","type":"product","link":"https:\/\/www.smokingpaper.com\/es\/producto\/conos-deluxe-ks-x4\/","title":{"rendered":"Conos Deluxe King Size x4"},"content":{"rendered":"","protected":false},"excerpt":{"rendered":"<p>La inigualable gama Deluxe tambi\u00e9n la tienes disponible en formato King Size para conos. Con 108 mm de longitud y 13 g\/m2, tienes tus conos gigantes con la calidad del papel ultrafino y blanqueado Smoking\u00ae, que tambi\u00e9n aqu\u00ed mantiene su caracter\u00edstica de combusti\u00f3n lenta. En este pack tienes 4 conos Deluxe King Size listos para preparar y sin necesidad de filtro para el tabaco, gracias a su cierre recto. El display cuenta con cart\u00f3n y tapas de corcho, para que el producto est\u00e9 totalmente protegido.<\/p>\n","protected":false},"featured_media":4266,"template":"","meta":{"_acf_changed":false,"inline_featured_image":false},"product_brand":[],"product_cat":[376],"product_tag":[],"class_list":{"0":"post-4263","1":"product","2":"type-product","3":"status-publish","4":"has-post-thumbnail","6":"product_cat-conos","8":"first","9":"instock","10":"shipping-taxable","11":"product-type-simple"},"acf":[],"yoast_head":"<!-- This site is optimized with the Yoast SEO plugin v26.2 - https:\/\/yoast.com\/wordpress\/plugins\/seo\/ -->\n<title>Cones Deluxe KS x4| Smoking Papel<\/title>\n<meta name=\"description\" content=\"Deluxe KS Cones x4, productos para fumadores de la mejor calidad en Smoking Paper \u2705 A los mejores precios, \u00a1cat\u00e1logo de productos online!\" \/>\n<meta name=\"robots\" content=\"index, follow, max-snippet:-1, max-image-preview:large, max-video-preview:-1\" \/>\n<link rel=\"canonical\" href=\"https:\/\/www.smokingpaper.com\/es\/producto\/conos-deluxe-ks-x4\/\" \/>\n<meta property=\"og:locale\" content=\"es_ES\" \/>\n<meta property=\"og:type\" content=\"article\" \/>\n<meta property=\"og:title\" content=\"Cones Deluxe KS x4| Smoking Papel\" \/>\n<meta property=\"og:description\" content=\"Deluxe KS Cones x4, productos para fumadores de la mejor calidad en Smoking Paper \u2705 A los mejores precios, \u00a1cat\u00e1logo de productos online!\" \/>\n<meta property=\"og:url\" content=\"https:\/\/www.smokingpaper.com\/es\/producto\/conos-deluxe-ks-x4\/\" \/>\n<meta property=\"og:site_name\" content=\"Smoking\" \/>\n<meta property=\"article:modified_time\" content=\"2023-10-05T09:37:14+00:00\" \/>\n<meta property=\"og:image\" content=\"https:\/\/www.smokingpaper.com\/wp-content\/uploads\/2022\/03\/3D-PACK-cones-x4-DELUXE-2-1.png\" \/>\n\t<meta property=\"og:image:width\" content=\"617\" \/>\n\t<meta property=\"og:image:height\" content=\"411\" \/>\n\t<meta property=\"og:image:type\" content=\"image\/png\" \/>\n<meta name=\"twitter:card\" content=\"summary_large_image\" \/>\n<!-- \/ Yoast SEO plugin. -->","yoast_head_json":{"title":"Cones Deluxe KS x4| Smoking Papel","description":"Deluxe KS Cones x4, productos para fumadores de la mejor calidad en Smoking Paper \u2705 A los mejores precios, \u00a1cat\u00e1logo de productos online!","robots":{"index":"index","follow":"follow","max-snippet":"max-snippet:-1","max-image-preview":"max-image-preview:large","max-video-preview":"max-video-preview:-1"},"canonical":"https:\/\/www.smokingpaper.com\/es\/producto\/conos-deluxe-ks-x4\/","og_locale":"es_ES","og_type":"article","og_title":"Cones Deluxe KS x4| Smoking Papel","og_description":"Deluxe KS Cones x4, productos para fumadores de la mejor calidad en Smoking Paper \u2705 A los mejores precios, \u00a1cat\u00e1logo de productos online!","og_url":"https:\/\/www.smokingpaper.com\/es\/producto\/conos-deluxe-ks-x4\/","og_site_name":"Smoking","article_modified_time":"2023-10-05T09:37:14+00:00","og_image":[{"width":617,"height":411,"url":"https:\/\/www.smokingpaper.com\/wp-content\/uploads\/2022\/03\/3D-PACK-cones-x4-DELUXE-2-1.png","type":"image\/png"}],"twitter_card":"summary_large_image","schema":{"@context":"https:\/\/schema.org","@graph":[{"@type":"BreadcrumbList","@id":"https:\/\/www.smokingpaper.com\/es\/producto\/conos-deluxe-ks-x4\/#breadcrumb","itemListElement":[{"@type":"ListItem","position":1,"name":"Home","item":"https:\/\/www.smokingpaper.com\/es\/"},{"@type":"ListItem","position":2,"name":"Productos","item":"https:\/\/www.smokingpaper.com\/es\/shop\/"},{"@type":"ListItem","position":3,"name":"Conos","item":"https:\/\/www.smokingpaper.com\/es\/productos\/conos\/"},{"@type":"ListItem","position":4,"name":"Conos Deluxe King Size x4"}]}]}},"_links":{"self":[{"href":"https:\/\/www.smokingpaper.com\/es\/wp-json\/wp\/v2\/product\/4263","targetHints":{"allow":["GET"]}}],"collection":[{"href":"https:\/\/www.smokingpaper.com\/es\/wp-json\/wp\/v2\/product"}],"about":[{"href":"https:\/\/www.smokingpaper.com\/es\/wp-json\/wp\/v2\/types\/product"}],"wp:featuredmedia":[{"embeddable":true,"href":"https:\/\/www.smokingpaper.com\/es\/wp-json\/wp\/v2\/media\/4266"}],"wp:attachment":[{"href":"https:\/\/www.smokingpaper.com\/es\/wp-json\/wp\/v2\/media?parent=4263"}],"wp:term":[{"taxonomy":"product_brand","embeddable":true,"href":"https:\/\/www.smokingpaper.com\/es\/wp-json\/wp\/v2\/product_brand?post=4263"},{"taxonomy":"product_cat","embeddable":true,"href":"https:\/\/www.smokingpaper.com\/es\/wp-json\/wp\/v2\/product_cat?post=4263"},{"taxonomy":"product_tag","embeddable":true,"href":"https:\/\/www.smokingpaper.com\/es\/wp-json\/wp\/v2\/product_tag?post=4263"}],"curies":[{"name":"wp","href":"https:\/\/api.w.org\/{rel}","templated":true}]}}