{"id":3764,"date":"2022-03-02T16:33:46","date_gmt":"2022-03-02T15:33:46","guid":{"rendered":"https:\/\/www.smokingpaper.com\/?post_type=product&#038;p=3764"},"modified":"2023-10-05T11:32:16","modified_gmt":"2023-10-05T09:32:16","slug":"conos-deluxe-ks-x3","status":"publish","type":"product","link":"https:\/\/www.smokingpaper.com\/es\/producto\/conos-deluxe-ks-x3\/","title":{"rendered":"Conos Deluxe KS x3"},"content":{"rendered":"","protected":false},"excerpt":{"rendered":"<p>\u00bfQuieres probar los conos King Size de Smoking\u00ae? \u00a1Esta es la elecci\u00f3n perfecta! El pack Conos Deluxe King Size x3 te ofrece la oportunidad de descubrir la experiencia King Size, de nuestra popular y querida gama Deluxe, con los 3 conos XL que incluye. Todos ellos con un formato de hoja de 108 mm y con el papel ultrafino de Smoking\u00ae de 13 g\/m2. Un papel blanqueado de combusti\u00f3n lenta, para disfrutar de tu cono King Size durante m\u00e1s tiempo. El display viene con cart\u00f3n y tapas de corcho, para proteger mejor el producto.<\/p>\n","protected":false},"featured_media":3721,"template":"","meta":{"_acf_changed":false,"inline_featured_image":false},"product_brand":[],"product_cat":[376],"product_tag":[],"class_list":{"0":"post-3764","1":"product","2":"type-product","3":"status-publish","4":"has-post-thumbnail","6":"product_cat-conos","8":"first","9":"instock","10":"shipping-taxable","11":"product-type-simple"},"acf":[],"yoast_head":"<!-- This site is optimized with the Yoast SEO plugin v26.2 - https:\/\/yoast.com\/wordpress\/plugins\/seo\/ -->\n<title>Cones Deluxe KS x3| Smoking Papel<\/title>\n<meta name=\"description\" content=\"Deluxe KS Cones x3, productos para fumadores de la mejor calidad en Smoking Paper \u2705 A los mejores precios, \u00a1cat\u00e1logo de productos online!\" \/>\n<meta name=\"robots\" content=\"index, follow, max-snippet:-1, max-image-preview:large, max-video-preview:-1\" \/>\n<link rel=\"canonical\" href=\"https:\/\/www.smokingpaper.com\/es\/producto\/conos-deluxe-ks-x3\/\" \/>\n<meta property=\"og:locale\" content=\"es_ES\" \/>\n<meta property=\"og:type\" content=\"article\" \/>\n<meta property=\"og:title\" content=\"Cones Deluxe KS x3| Smoking Papel\" \/>\n<meta property=\"og:description\" content=\"Deluxe KS Cones x3, productos para fumadores de la mejor calidad en Smoking Paper \u2705 A los mejores precios, \u00a1cat\u00e1logo de productos online!\" \/>\n<meta property=\"og:url\" content=\"https:\/\/www.smokingpaper.com\/es\/producto\/conos-deluxe-ks-x3\/\" \/>\n<meta property=\"og:site_name\" content=\"Smoking\" \/>\n<meta property=\"article:modified_time\" content=\"2023-10-05T09:32:16+00:00\" \/>\n<meta property=\"og:image\" content=\"https:\/\/www.smokingpaper.com\/wp-content\/uploads\/2021\/12\/3D-PACK-Cones-DELUXE-KS-x3-_preview_rev_1.png\" \/>\n\t<meta property=\"og:image:width\" content=\"617\" \/>\n\t<meta property=\"og:image:height\" content=\"405\" \/>\n\t<meta property=\"og:image:type\" content=\"image\/png\" \/>\n<meta name=\"twitter:card\" content=\"summary_large_image\" \/>\n<!-- \/ Yoast SEO plugin. -->","yoast_head_json":{"title":"Cones Deluxe KS x3| Smoking Papel","description":"Deluxe KS Cones x3, productos para fumadores de la mejor calidad en Smoking Paper \u2705 A los mejores precios, \u00a1cat\u00e1logo de productos online!","robots":{"index":"index","follow":"follow","max-snippet":"max-snippet:-1","max-image-preview":"max-image-preview:large","max-video-preview":"max-video-preview:-1"},"canonical":"https:\/\/www.smokingpaper.com\/es\/producto\/conos-deluxe-ks-x3\/","og_locale":"es_ES","og_type":"article","og_title":"Cones Deluxe KS x3| Smoking Papel","og_description":"Deluxe KS Cones x3, productos para fumadores de la mejor calidad en Smoking Paper \u2705 A los mejores precios, \u00a1cat\u00e1logo de productos online!","og_url":"https:\/\/www.smokingpaper.com\/es\/producto\/conos-deluxe-ks-x3\/","og_site_name":"Smoking","article_modified_time":"2023-10-05T09:32:16+00:00","og_image":[{"width":617,"height":405,"url":"https:\/\/www.smokingpaper.com\/wp-content\/uploads\/2021\/12\/3D-PACK-Cones-DELUXE-KS-x3-_preview_rev_1.png","type":"image\/png"}],"twitter_card":"summary_large_image","schema":{"@context":"https:\/\/schema.org","@graph":[{"@type":"BreadcrumbList","@id":"https:\/\/www.smokingpaper.com\/es\/producto\/conos-deluxe-ks-x3\/#breadcrumb","itemListElement":[{"@type":"ListItem","position":1,"name":"Home","item":"https:\/\/www.smokingpaper.com\/es\/"},{"@type":"ListItem","position":2,"name":"Productos","item":"https:\/\/www.smokingpaper.com\/es\/shop\/"},{"@type":"ListItem","position":3,"name":"Conos","item":"https:\/\/www.smokingpaper.com\/es\/productos\/conos\/"},{"@type":"ListItem","position":4,"name":"Conos Deluxe KS x3"}]}]}},"_links":{"self":[{"href":"https:\/\/www.smokingpaper.com\/es\/wp-json\/wp\/v2\/product\/3764","targetHints":{"allow":["GET"]}}],"collection":[{"href":"https:\/\/www.smokingpaper.com\/es\/wp-json\/wp\/v2\/product"}],"about":[{"href":"https:\/\/www.smokingpaper.com\/es\/wp-json\/wp\/v2\/types\/product"}],"wp:featuredmedia":[{"embeddable":true,"href":"https:\/\/www.smokingpaper.com\/es\/wp-json\/wp\/v2\/media\/3721"}],"wp:attachment":[{"href":"https:\/\/www.smokingpaper.com\/es\/wp-json\/wp\/v2\/media?parent=3764"}],"wp:term":[{"taxonomy":"product_brand","embeddable":true,"href":"https:\/\/www.smokingpaper.com\/es\/wp-json\/wp\/v2\/product_brand?post=3764"},{"taxonomy":"product_cat","embeddable":true,"href":"https:\/\/www.smokingpaper.com\/es\/wp-json\/wp\/v2\/product_cat?post=3764"},{"taxonomy":"product_tag","embeddable":true,"href":"https:\/\/www.smokingpaper.com\/es\/wp-json\/wp\/v2\/product_tag?post=3764"}],"curies":[{"name":"wp","href":"https:\/\/api.w.org\/{rel}","templated":true}]}}