{"id":3728,"date":"2022-03-02T12:05:19","date_gmt":"2022-03-02T11:05:19","guid":{"rendered":"https:\/\/www.smokingpaper.com\/?post_type=product&#038;p=3728"},"modified":"2023-10-01T21:54:36","modified_gmt":"2023-10-01T19:54:36","slug":"cono-brown-giga-size","status":"publish","type":"product","link":"https:\/\/www.smokingpaper.com\/es\/producto\/cono-brown-giga-size\/","title":{"rendered":"Cono Brown Giga Size"},"content":{"rendered":"","protected":false},"excerpt":{"rendered":"<p>\u00a1El Cono Brown Giga Size es uno de los favoritos para los que prefieren conos gigantes con hojas de 110 mm! Un papel sin blanquear, sin colorantes ni aditivos. En este pack tienes 1 cono XL ultrafino (13 g\/m2) capaz de ofrecer una combusti\u00f3n m\u00e1s lenta y m\u00e1s natural. Y con su propio tip ya incorporado y preliado, para que te sea todo m\u00e1s c\u00f3modo.<\/p>\n","protected":false},"featured_media":3734,"template":"","meta":{"_acf_changed":false,"inline_featured_image":false},"product_brand":[],"product_cat":[376],"product_tag":[],"class_list":{"0":"post-3728","1":"product","2":"type-product","3":"status-publish","4":"has-post-thumbnail","6":"product_cat-conos","8":"first","9":"instock","10":"shipping-taxable","11":"product-type-simple"},"acf":[],"yoast_head":"<!-- This site is optimized with the Yoast SEO plugin v26.2 - https:\/\/yoast.com\/wordpress\/plugins\/seo\/ -->\n<title>Cono Brown Giga Size | Smoking Papel<\/title>\n<meta name=\"description\" content=\"Conos Brown Giga Size, productos para fumadores de la mejor calidad en Smoking Paper \u2705 A los mejores precios, \u00a1cat\u00e1logo de productos online!\" \/>\n<meta name=\"robots\" content=\"index, follow, max-snippet:-1, max-image-preview:large, max-video-preview:-1\" \/>\n<link rel=\"canonical\" href=\"https:\/\/www.smokingpaper.com\/es\/producto\/cono-brown-giga-size\/\" \/>\n<meta property=\"og:locale\" content=\"es_ES\" \/>\n<meta property=\"og:type\" content=\"article\" \/>\n<meta property=\"og:title\" content=\"Cono Brown Giga Size | Smoking Papel\" \/>\n<meta property=\"og:description\" content=\"Conos Brown Giga Size, productos para fumadores de la mejor calidad en Smoking Paper \u2705 A los mejores precios, \u00a1cat\u00e1logo de productos online!\" \/>\n<meta property=\"og:url\" content=\"https:\/\/www.smokingpaper.com\/es\/producto\/cono-brown-giga-size\/\" \/>\n<meta property=\"og:site_name\" content=\"Smoking\" \/>\n<meta property=\"article:modified_time\" content=\"2023-10-01T19:54:36+00:00\" \/>\n<meta property=\"og:image\" content=\"https:\/\/www.smokingpaper.com\/wp-content\/uploads\/2022\/03\/3D-GIGASIZE-CONE-PACK-copia-1_preview_rev_1.png\" \/>\n\t<meta property=\"og:image:width\" content=\"746\" \/>\n\t<meta property=\"og:image:height\" content=\"335\" \/>\n\t<meta property=\"og:image:type\" content=\"image\/png\" \/>\n<meta name=\"twitter:card\" content=\"summary_large_image\" \/>\n<!-- \/ Yoast SEO plugin. -->","yoast_head_json":{"title":"Cono Brown Giga Size | Smoking Papel","description":"Conos Brown Giga Size, productos para fumadores de la mejor calidad en Smoking Paper \u2705 A los mejores precios, \u00a1cat\u00e1logo de productos online!","robots":{"index":"index","follow":"follow","max-snippet":"max-snippet:-1","max-image-preview":"max-image-preview:large","max-video-preview":"max-video-preview:-1"},"canonical":"https:\/\/www.smokingpaper.com\/es\/producto\/cono-brown-giga-size\/","og_locale":"es_ES","og_type":"article","og_title":"Cono Brown Giga Size | Smoking Papel","og_description":"Conos Brown Giga Size, productos para fumadores de la mejor calidad en Smoking Paper \u2705 A los mejores precios, \u00a1cat\u00e1logo de productos online!","og_url":"https:\/\/www.smokingpaper.com\/es\/producto\/cono-brown-giga-size\/","og_site_name":"Smoking","article_modified_time":"2023-10-01T19:54:36+00:00","og_image":[{"width":746,"height":335,"url":"https:\/\/www.smokingpaper.com\/wp-content\/uploads\/2022\/03\/3D-GIGASIZE-CONE-PACK-copia-1_preview_rev_1.png","type":"image\/png"}],"twitter_card":"summary_large_image","schema":{"@context":"https:\/\/schema.org","@graph":[{"@type":"BreadcrumbList","@id":"https:\/\/www.smokingpaper.com\/es\/producto\/cono-brown-giga-size\/#breadcrumb","itemListElement":[{"@type":"ListItem","position":1,"name":"Home","item":"https:\/\/www.smokingpaper.com\/es\/"},{"@type":"ListItem","position":2,"name":"Productos","item":"https:\/\/www.smokingpaper.com\/es\/shop\/"},{"@type":"ListItem","position":3,"name":"Conos","item":"https:\/\/www.smokingpaper.com\/es\/productos\/conos\/"},{"@type":"ListItem","position":4,"name":"Cono Brown Giga Size"}]}]}},"_links":{"self":[{"href":"https:\/\/www.smokingpaper.com\/es\/wp-json\/wp\/v2\/product\/3728","targetHints":{"allow":["GET"]}}],"collection":[{"href":"https:\/\/www.smokingpaper.com\/es\/wp-json\/wp\/v2\/product"}],"about":[{"href":"https:\/\/www.smokingpaper.com\/es\/wp-json\/wp\/v2\/types\/product"}],"wp:featuredmedia":[{"embeddable":true,"href":"https:\/\/www.smokingpaper.com\/es\/wp-json\/wp\/v2\/media\/3734"}],"wp:attachment":[{"href":"https:\/\/www.smokingpaper.com\/es\/wp-json\/wp\/v2\/media?parent=3728"}],"wp:term":[{"taxonomy":"product_brand","embeddable":true,"href":"https:\/\/www.smokingpaper.com\/es\/wp-json\/wp\/v2\/product_brand?post=3728"},{"taxonomy":"product_cat","embeddable":true,"href":"https:\/\/www.smokingpaper.com\/es\/wp-json\/wp\/v2\/product_cat?post=3728"},{"taxonomy":"product_tag","embeddable":true,"href":"https:\/\/www.smokingpaper.com\/es\/wp-json\/wp\/v2\/product_tag?post=3728"}],"curies":[{"name":"wp","href":"https:\/\/api.w.org\/{rel}","templated":true}]}}