{"id":3709,"date":"2022-03-02T10:54:33","date_gmt":"2022-03-02T09:54:33","guid":{"rendered":"https:\/\/www.smokingpaper.com\/?post_type=product&#038;p=3709"},"modified":"2023-10-05T10:04:20","modified_gmt":"2023-10-05T08:04:20","slug":"conos-deluxe-1-4-x6","status":"publish","type":"product","link":"https:\/\/www.smokingpaper.com\/es\/producto\/conos-deluxe-1-4-x6\/","title":{"rendered":"Deluxe 1 1\/4 Conos x6"},"content":{"rendered":"","protected":false},"excerpt":{"rendered":"<p>Nuestra gama Deluxe tambi\u00e9n est\u00e1 disponible en tama\u00f1o 1\/4, con una medida de 77 x 44 mm similar a un cigarrillo normal, pero con forma de cono. En este pack encontrar\u00e1s 6 conos medianos ultrafinos (13 g\/m2), de dise\u00f1o en espiral y preliados, de manera que solo necesitar\u00e1s rellenarlo. El display viene con cart\u00f3n y tapas de corcho, para proteger mejor el producto del interior.<\/p>\n","protected":false},"featured_media":3713,"template":"","meta":{"_acf_changed":false,"inline_featured_image":false},"product_brand":[],"product_cat":[376],"product_tag":[],"class_list":{"0":"post-3709","1":"product","2":"type-product","3":"status-publish","4":"has-post-thumbnail","6":"product_cat-conos","8":"first","9":"instock","10":"shipping-taxable","11":"product-type-simple"},"acf":[],"yoast_head":"<!-- This site is optimized with the Yoast SEO plugin v26.2 - https:\/\/yoast.com\/wordpress\/plugins\/seo\/ -->\n<title>Conos Deluxe 1 1\/4 x6 | Smoking Papel<\/title>\n<meta name=\"description\" content=\"Conos Deluxe 1 1\/4 x6, productos para fumadores de la mejor calidad en Smoking Paper \u2705 A los mejores precios, \u00a1cat\u00e1logo de productos online!\" \/>\n<meta name=\"robots\" content=\"index, follow, max-snippet:-1, max-image-preview:large, max-video-preview:-1\" \/>\n<link rel=\"canonical\" href=\"https:\/\/www.smokingpaper.com\/es\/producto\/conos-deluxe-1-4-x6\/\" \/>\n<meta property=\"og:locale\" content=\"es_ES\" \/>\n<meta property=\"og:type\" content=\"article\" \/>\n<meta property=\"og:title\" content=\"Conos Deluxe 1 1\/4 x6 | Smoking Papel\" \/>\n<meta property=\"og:description\" content=\"Conos Deluxe 1 1\/4 x6, productos para fumadores de la mejor calidad en Smoking Paper \u2705 A los mejores precios, \u00a1cat\u00e1logo de productos online!\" \/>\n<meta property=\"og:url\" content=\"https:\/\/www.smokingpaper.com\/es\/producto\/conos-deluxe-1-4-x6\/\" \/>\n<meta property=\"og:site_name\" content=\"Smoking\" \/>\n<meta property=\"article:modified_time\" content=\"2023-10-05T08:04:20+00:00\" \/>\n<meta property=\"og:image\" content=\"https:\/\/www.smokingpaper.com\/wp-content\/uploads\/2022\/03\/3D-PACK-Smoking-Deluxe-1-1-4-Cones-x6_preview_rev_1.png\" \/>\n\t<meta property=\"og:image:width\" content=\"617\" \/>\n\t<meta property=\"og:image:height\" content=\"405\" \/>\n\t<meta property=\"og:image:type\" content=\"image\/png\" \/>\n<meta name=\"twitter:card\" content=\"summary_large_image\" \/>\n<!-- \/ Yoast SEO plugin. -->","yoast_head_json":{"title":"Conos Deluxe 1 1\/4 x6 | Smoking Papel","description":"Conos Deluxe 1 1\/4 x6, productos para fumadores de la mejor calidad en Smoking Paper \u2705 A los mejores precios, \u00a1cat\u00e1logo de productos online!","robots":{"index":"index","follow":"follow","max-snippet":"max-snippet:-1","max-image-preview":"max-image-preview:large","max-video-preview":"max-video-preview:-1"},"canonical":"https:\/\/www.smokingpaper.com\/es\/producto\/conos-deluxe-1-4-x6\/","og_locale":"es_ES","og_type":"article","og_title":"Conos Deluxe 1 1\/4 x6 | Smoking Papel","og_description":"Conos Deluxe 1 1\/4 x6, productos para fumadores de la mejor calidad en Smoking Paper \u2705 A los mejores precios, \u00a1cat\u00e1logo de productos online!","og_url":"https:\/\/www.smokingpaper.com\/es\/producto\/conos-deluxe-1-4-x6\/","og_site_name":"Smoking","article_modified_time":"2023-10-05T08:04:20+00:00","og_image":[{"width":617,"height":405,"url":"https:\/\/www.smokingpaper.com\/wp-content\/uploads\/2022\/03\/3D-PACK-Smoking-Deluxe-1-1-4-Cones-x6_preview_rev_1.png","type":"image\/png"}],"twitter_card":"summary_large_image","schema":{"@context":"https:\/\/schema.org","@graph":[{"@type":"BreadcrumbList","@id":"https:\/\/www.smokingpaper.com\/es\/producto\/conos-deluxe-1-4-x6\/#breadcrumb","itemListElement":[{"@type":"ListItem","position":1,"name":"Home","item":"https:\/\/www.smokingpaper.com\/es\/"},{"@type":"ListItem","position":2,"name":"Productos","item":"https:\/\/www.smokingpaper.com\/es\/shop\/"},{"@type":"ListItem","position":3,"name":"Conos","item":"https:\/\/www.smokingpaper.com\/es\/productos\/conos\/"},{"@type":"ListItem","position":4,"name":"Deluxe 1 1\/4 Conos x6"}]}]}},"_links":{"self":[{"href":"https:\/\/www.smokingpaper.com\/es\/wp-json\/wp\/v2\/product\/3709","targetHints":{"allow":["GET"]}}],"collection":[{"href":"https:\/\/www.smokingpaper.com\/es\/wp-json\/wp\/v2\/product"}],"about":[{"href":"https:\/\/www.smokingpaper.com\/es\/wp-json\/wp\/v2\/types\/product"}],"wp:featuredmedia":[{"embeddable":true,"href":"https:\/\/www.smokingpaper.com\/es\/wp-json\/wp\/v2\/media\/3713"}],"wp:attachment":[{"href":"https:\/\/www.smokingpaper.com\/es\/wp-json\/wp\/v2\/media?parent=3709"}],"wp:term":[{"taxonomy":"product_brand","embeddable":true,"href":"https:\/\/www.smokingpaper.com\/es\/wp-json\/wp\/v2\/product_brand?post=3709"},{"taxonomy":"product_cat","embeddable":true,"href":"https:\/\/www.smokingpaper.com\/es\/wp-json\/wp\/v2\/product_cat?post=3709"},{"taxonomy":"product_tag","embeddable":true,"href":"https:\/\/www.smokingpaper.com\/es\/wp-json\/wp\/v2\/product_tag?post=3709"}],"curies":[{"name":"wp","href":"https:\/\/api.w.org\/{rel}","templated":true}]}}