{"id":3432,"date":"2022-02-23T15:46:42","date_gmt":"2022-02-23T14:46:42","guid":{"rendered":"https:\/\/www.smokingpaper.com\/?post_type=product&#038;p=3432"},"modified":"2024-12-18T23:37:05","modified_gmt":"2024-12-18T22:37:05","slug":"filtros-active","status":"publish","type":"product","link":"https:\/\/www.smokingpaper.com\/es\/producto\/filtros-active\/","title":{"rendered":"Filtros de Carb\u00f3n Active"},"content":{"rendered":"","protected":false},"excerpt":{"rendered":"<div class=\"descripcion\">\n<p>Nuestros Active Filters son filtros de carb\u00f3n activo \u00a1que puedes reutilizar! En este pack tienes 30 filtros de 27 mm x 6 mm, con un di\u00e1metro m\u00e1s peque\u00f1o para liar tus cigarros m\u00e1s delgados que los convencionales. Son 100% vegetales e incluyen coco natural en su interior, con el que pueden retener toxinas. Una alternativa m\u00e1s sostenible para tus filtros que, adem\u00e1s, te proporcionan un sabor m\u00e1s suave en tus cigarrillos.<\/p>\n<\/div>\n","protected":false},"featured_media":3843,"template":"","meta":{"_acf_changed":false,"inline_featured_image":false},"product_brand":[],"product_cat":[213],"product_tag":[],"class_list":{"0":"post-3432","1":"product","2":"type-product","3":"status-publish","4":"has-post-thumbnail","6":"product_cat-filtros","8":"first","9":"instock","10":"shipping-taxable","11":"product-type-simple"},"acf":[],"yoast_head":"<!-- This site is optimized with the Yoast SEO plugin v26.2 - https:\/\/yoast.com\/wordpress\/plugins\/seo\/ -->\n<title>Filtros de Carb\u00f3n Active | Smoking Paper<\/title>\n<meta name=\"description\" content=\"Filtros de carb\u00f3n Active, paquete con 30 filtros de la mejor calidad en Smoking Paper. Contiene capas de cer\u00e1mica. \u00a1Cat\u00e1logo de productos online!\" \/>\n<meta name=\"robots\" content=\"index, follow, max-snippet:-1, max-image-preview:large, max-video-preview:-1\" \/>\n<link rel=\"canonical\" href=\"https:\/\/www.smokingpaper.com\/es\/producto\/filtros-active\/\" \/>\n<meta property=\"og:locale\" content=\"es_ES\" \/>\n<meta property=\"og:type\" content=\"article\" \/>\n<meta property=\"og:title\" content=\"Filtros de Carb\u00f3n Active | Smoking Paper\" \/>\n<meta property=\"og:description\" content=\"Filtros de carb\u00f3n Active, paquete con 30 filtros de la mejor calidad en Smoking Paper. Contiene capas de cer\u00e1mica. \u00a1Cat\u00e1logo de productos online!\" \/>\n<meta property=\"og:url\" content=\"https:\/\/www.smokingpaper.com\/es\/producto\/filtros-active\/\" \/>\n<meta property=\"og:site_name\" content=\"Smoking\" \/>\n<meta property=\"article:modified_time\" content=\"2024-12-18T22:37:05+00:00\" \/>\n<meta property=\"og:image\" content=\"https:\/\/www.smokingpaper.com\/wp-content\/uploads\/2022\/02\/Active_filter_2_1.png\" \/>\n\t<meta property=\"og:image:width\" content=\"667\" \/>\n\t<meta property=\"og:image:height\" content=\"374\" \/>\n\t<meta property=\"og:image:type\" content=\"image\/png\" \/>\n<meta name=\"twitter:card\" content=\"summary_large_image\" \/>\n<!-- \/ Yoast SEO plugin. -->","yoast_head_json":{"title":"Filtros de Carb\u00f3n Active | Smoking Paper","description":"Filtros de carb\u00f3n Active, paquete con 30 filtros de la mejor calidad en Smoking Paper. Contiene capas de cer\u00e1mica. \u00a1Cat\u00e1logo de productos online!","robots":{"index":"index","follow":"follow","max-snippet":"max-snippet:-1","max-image-preview":"max-image-preview:large","max-video-preview":"max-video-preview:-1"},"canonical":"https:\/\/www.smokingpaper.com\/es\/producto\/filtros-active\/","og_locale":"es_ES","og_type":"article","og_title":"Filtros de Carb\u00f3n Active | Smoking Paper","og_description":"Filtros de carb\u00f3n Active, paquete con 30 filtros de la mejor calidad en Smoking Paper. Contiene capas de cer\u00e1mica. \u00a1Cat\u00e1logo de productos online!","og_url":"https:\/\/www.smokingpaper.com\/es\/producto\/filtros-active\/","og_site_name":"Smoking","article_modified_time":"2024-12-18T22:37:05+00:00","og_image":[{"width":667,"height":374,"url":"https:\/\/www.smokingpaper.com\/wp-content\/uploads\/2022\/02\/Active_filter_2_1.png","type":"image\/png"}],"twitter_card":"summary_large_image","schema":{"@context":"https:\/\/schema.org","@graph":[{"@type":"BreadcrumbList","@id":"https:\/\/www.smokingpaper.com\/es\/producto\/filtros-active\/#breadcrumb","itemListElement":[{"@type":"ListItem","position":1,"name":"Home","item":"https:\/\/www.smokingpaper.com\/es\/"},{"@type":"ListItem","position":2,"name":"Productos","item":"https:\/\/www.smokingpaper.com\/es\/shop\/"},{"@type":"ListItem","position":3,"name":"Filtros","item":"https:\/\/www.smokingpaper.com\/es\/productos\/filtros\/"},{"@type":"ListItem","position":4,"name":"Filtros de Carb\u00f3n Active"}]}]}},"_links":{"self":[{"href":"https:\/\/www.smokingpaper.com\/es\/wp-json\/wp\/v2\/product\/3432","targetHints":{"allow":["GET"]}}],"collection":[{"href":"https:\/\/www.smokingpaper.com\/es\/wp-json\/wp\/v2\/product"}],"about":[{"href":"https:\/\/www.smokingpaper.com\/es\/wp-json\/wp\/v2\/types\/product"}],"wp:featuredmedia":[{"embeddable":true,"href":"https:\/\/www.smokingpaper.com\/es\/wp-json\/wp\/v2\/media\/3843"}],"wp:attachment":[{"href":"https:\/\/www.smokingpaper.com\/es\/wp-json\/wp\/v2\/media?parent=3432"}],"wp:term":[{"taxonomy":"product_brand","embeddable":true,"href":"https:\/\/www.smokingpaper.com\/es\/wp-json\/wp\/v2\/product_brand?post=3432"},{"taxonomy":"product_cat","embeddable":true,"href":"https:\/\/www.smokingpaper.com\/es\/wp-json\/wp\/v2\/product_cat?post=3432"},{"taxonomy":"product_tag","embeddable":true,"href":"https:\/\/www.smokingpaper.com\/es\/wp-json\/wp\/v2\/product_tag?post=3432"}],"curies":[{"name":"wp","href":"https:\/\/api.w.org\/{rel}","templated":true}]}}