{"id":3056,"date":"2022-02-04T14:11:40","date_gmt":"2022-02-04T13:11:40","guid":{"rendered":"https:\/\/www.smokingpaper.com\/?post_type=product&#038;p=3056"},"modified":"2024-09-26T16:22:07","modified_gmt":"2024-09-26T14:22:07","slug":"rolling-tray-botticelli","status":"publish","type":"product","link":"https:\/\/www.smokingpaper.com\/es\/producto\/rolling-tray-botticelli\/","title":{"rendered":"BANDEJA DE LIAR BOTTICELLI"},"content":{"rendered":"","protected":false},"excerpt":{"rendered":"<p><span data-sheets-value=\"{&quot;1&quot;:2,&quot;2&quot;:&quot;Liar tus cigarros va a ser toda una experiencia art\u00edstica cuando aproveches tu bandeja de liar Boticelli. Basada en la obra \\&quot;El nacimiento de Venus\\&quot;, una de las m\u00e1s famosas del artista italiano, podr\u00e1s preparar tus cigarrillos con m\u00e1xima comodidad, ya que tendr\u00e1s espacio para todos los accesorios que necesitas. La bandeja es resistente y fabricada en esta\u00f1o, con bordes a su alrededor que evitan que se salgan los restos, as\u00ed no desperdicias nunca nada de tabaco. \u00a1Pero no es la \u00fanica bandeja de Smoking\u00ae! Descubre nuestros 5 modelos de bandejas para liar y elige las que prefieras para tu colecci\u00f3n.&quot;}\" data-sheets-userformat=\"{&quot;2&quot;:1319869,&quot;3&quot;:{&quot;1&quot;:0},&quot;5&quot;:{&quot;1&quot;:[{&quot;1&quot;:2,&quot;2&quot;:0,&quot;5&quot;:{&quot;1&quot;:2,&quot;2&quot;:0}},{&quot;1&quot;:0,&quot;2&quot;:0,&quot;3&quot;:3},{&quot;1&quot;:1,&quot;2&quot;:0,&quot;4&quot;:1}]},&quot;6&quot;:{&quot;1&quot;:[{&quot;1&quot;:2,&quot;2&quot;:0,&quot;5&quot;:{&quot;1&quot;:2,&quot;2&quot;:0}},{&quot;1&quot;:0,&quot;2&quot;:0,&quot;3&quot;:3},{&quot;1&quot;:1,&quot;2&quot;:0,&quot;4&quot;:1}]},&quot;7&quot;:{&quot;1&quot;:[{&quot;1&quot;:2,&quot;2&quot;:0,&quot;5&quot;:{&quot;1&quot;:2,&quot;2&quot;:0}},{&quot;1&quot;:0,&quot;2&quot;:0,&quot;3&quot;:3},{&quot;1&quot;:1,&quot;2&quot;:0,&quot;4&quot;:1}]},&quot;8&quot;:{&quot;1&quot;:[{&quot;1&quot;:2,&quot;2&quot;:0,&quot;5&quot;:{&quot;1&quot;:2,&quot;2&quot;:0}},{&quot;1&quot;:0,&quot;2&quot;:0,&quot;3&quot;:3},{&quot;1&quot;:1,&quot;2&quot;:0,&quot;4&quot;:1}]},&quot;10&quot;:1,&quot;11&quot;:4,&quot;12&quot;:0,&quot;16&quot;:10,&quot;21&quot;:0,&quot;23&quot;:2}\">Liar tus cigarros va a ser toda una experiencia art\u00edstica cuando aproveches tu bandeja de liar Boticelli. Basada en la obra \u00abEl nacimiento de Venus\u00bb, una de las m\u00e1s famosas del artista italiano, podr\u00e1s preparar tus cigarrillos con m\u00e1xima comodidad, ya que tendr\u00e1s espacio para todos los accesorios que necesitas. La bandeja es resistente y fabricada en esta\u00f1o, con bordes a su alrededor que evitan que se salgan los restos, as\u00ed no desperdicias nunca nada de tabaco. \u00a1Pero no es la \u00fanica bandeja de Smoking\u00ae! Descubre nuestros 5 modelos de bandejas para liar y elige las que prefieras para tu colecci\u00f3n.<\/span><\/p>\n","protected":false},"featured_media":9337,"template":"","meta":{"_acf_changed":false,"inline_featured_image":false},"product_brand":[],"product_cat":[775],"product_tag":[],"class_list":{"0":"post-3056","1":"product","2":"type-product","3":"status-publish","4":"has-post-thumbnail","6":"product_cat-bandejas-de-liar","8":"first","9":"instock","10":"shipping-taxable","11":"product-type-simple"},"acf":[],"yoast_head":"<!-- This site is optimized with the Yoast SEO plugin v26.2 - https:\/\/yoast.com\/wordpress\/plugins\/seo\/ -->\n<title>Bandeja para liar de Smoking Botticelli | Smoking<\/title>\n<meta name=\"description\" content=\"La bandeja para liar de Smoking Botticelli\u00a0es el accesorio para fumador que necesitas para conseguir un resultado perfecto sin desperdiciar\" \/>\n<meta name=\"robots\" content=\"index, follow, max-snippet:-1, max-image-preview:large, max-video-preview:-1\" \/>\n<link rel=\"canonical\" href=\"https:\/\/www.smokingpaper.com\/es\/producto\/rolling-tray-botticelli\/\" \/>\n<meta property=\"og:locale\" content=\"es_ES\" \/>\n<meta property=\"og:type\" content=\"article\" \/>\n<meta property=\"og:title\" content=\"Bandeja para liar de Smoking Botticelli | Smoking\" \/>\n<meta property=\"og:description\" content=\"La bandeja para liar de Smoking Botticelli\u00a0es el accesorio para fumador que necesitas para conseguir un resultado perfecto sin desperdiciar\" \/>\n<meta property=\"og:url\" content=\"https:\/\/www.smokingpaper.com\/es\/producto\/rolling-tray-botticelli\/\" \/>\n<meta property=\"og:site_name\" content=\"Smoking\" \/>\n<meta property=\"article:modified_time\" content=\"2024-09-26T14:22:07+00:00\" \/>\n<meta property=\"og:image\" content=\"https:\/\/www.smokingpaper.com\/wp-content\/uploads\/2022\/02\/Bandeja-de-liar-smoking-Botticelli.jpg\" \/>\n\t<meta property=\"og:image:width\" content=\"1277\" \/>\n\t<meta property=\"og:image:height\" content=\"1915\" \/>\n\t<meta property=\"og:image:type\" content=\"image\/jpeg\" \/>\n<meta name=\"twitter:card\" content=\"summary_large_image\" \/>\n<!-- \/ Yoast SEO plugin. -->","yoast_head_json":{"title":"Bandeja para liar de Smoking Botticelli | Smoking","description":"La bandeja para liar de Smoking Botticelli\u00a0es el accesorio para fumador que necesitas para conseguir un resultado perfecto sin desperdiciar","robots":{"index":"index","follow":"follow","max-snippet":"max-snippet:-1","max-image-preview":"max-image-preview:large","max-video-preview":"max-video-preview:-1"},"canonical":"https:\/\/www.smokingpaper.com\/es\/producto\/rolling-tray-botticelli\/","og_locale":"es_ES","og_type":"article","og_title":"Bandeja para liar de Smoking Botticelli | Smoking","og_description":"La bandeja para liar de Smoking Botticelli\u00a0es el accesorio para fumador que necesitas para conseguir un resultado perfecto sin desperdiciar","og_url":"https:\/\/www.smokingpaper.com\/es\/producto\/rolling-tray-botticelli\/","og_site_name":"Smoking","article_modified_time":"2024-09-26T14:22:07+00:00","og_image":[{"width":1277,"height":1915,"url":"https:\/\/www.smokingpaper.com\/wp-content\/uploads\/2022\/02\/Bandeja-de-liar-smoking-Botticelli.jpg","type":"image\/jpeg"}],"twitter_card":"summary_large_image","schema":{"@context":"https:\/\/schema.org","@graph":[{"@type":"BreadcrumbList","@id":"https:\/\/www.smokingpaper.com\/es\/producto\/rolling-tray-botticelli\/#breadcrumb","itemListElement":[{"@type":"ListItem","position":1,"name":"Home","item":"https:\/\/www.smokingpaper.com\/es\/"},{"@type":"ListItem","position":2,"name":"Productos","item":"https:\/\/www.smokingpaper.com\/es\/shop\/"},{"@type":"ListItem","position":3,"name":"Bandeja de liar","item":"https:\/\/www.smokingpaper.com\/es\/productos\/bandejas-de-liar\/"},{"@type":"ListItem","position":4,"name":"BANDEJA DE LIAR BOTTICELLI"}]}]}},"_links":{"self":[{"href":"https:\/\/www.smokingpaper.com\/es\/wp-json\/wp\/v2\/product\/3056","targetHints":{"allow":["GET"]}}],"collection":[{"href":"https:\/\/www.smokingpaper.com\/es\/wp-json\/wp\/v2\/product"}],"about":[{"href":"https:\/\/www.smokingpaper.com\/es\/wp-json\/wp\/v2\/types\/product"}],"wp:featuredmedia":[{"embeddable":true,"href":"https:\/\/www.smokingpaper.com\/es\/wp-json\/wp\/v2\/media\/9337"}],"wp:attachment":[{"href":"https:\/\/www.smokingpaper.com\/es\/wp-json\/wp\/v2\/media?parent=3056"}],"wp:term":[{"taxonomy":"product_brand","embeddable":true,"href":"https:\/\/www.smokingpaper.com\/es\/wp-json\/wp\/v2\/product_brand?post=3056"},{"taxonomy":"product_cat","embeddable":true,"href":"https:\/\/www.smokingpaper.com\/es\/wp-json\/wp\/v2\/product_cat?post=3056"},{"taxonomy":"product_tag","embeddable":true,"href":"https:\/\/www.smokingpaper.com\/es\/wp-json\/wp\/v2\/product_tag?post=3056"}],"curies":[{"name":"wp","href":"https:\/\/api.w.org\/{rel}","templated":true}]}}