{"id":3050,"date":"2022-02-04T14:10:01","date_gmt":"2022-02-04T13:10:01","guid":{"rendered":"https:\/\/www.smokingpaper.com\/?post_type=product&#038;p=3050"},"modified":"2024-09-26T16:22:12","modified_gmt":"2024-09-26T14:22:12","slug":"rolling-tray-michelangello","status":"publish","type":"product","link":"https:\/\/www.smokingpaper.com\/es\/producto\/rolling-tray-michelangello\/","title":{"rendered":"BANDEJA DE LIAR MICHELANGELLO"},"content":{"rendered":"","protected":false},"excerpt":{"rendered":"<p>La nueva bandeja para liar de Smoking Paper Michelangello es el <strong><a href=\"https:\/\/www.smokingpaper.com\/es\/productos\/accesorios\/\">accesorio para fumador<\/a><\/strong> que necesitas para conseguir un resultado perfecto y sin desperdiciar nada. Y es que cuando se trata de liar, \u00a1no hay nada m\u00e1s c\u00f3modo que nuestras nuevas bandejas para fumadores!<\/p>\n<p>Una vez la pruebes, se convertir\u00e1 en un indispensable a la hora de liar ya que te permite tener al alcance y bien organizados todos los <strong><a href=\"https:\/\/www.smokingpaper.com\/es\/productos\/papeles\/regular\/\">papeles de liar<\/a><\/strong> y accesorios que necesitas para conseguir el cigarro perfecto en cada ocasi\u00f3n.<\/p>\n<p>Adem\u00e1s de por su funcionalidad, querr\u00e1s hacerte con todas nuestras bandejas para el cannabis por sus originales dise\u00f1os y acabados: en esta\u00f1o, de peso ligero y en este caso inspirada en el dise\u00f1o de Michelangello.<\/p>\n","protected":false},"featured_media":9344,"template":"","meta":{"_acf_changed":false,"inline_featured_image":false},"product_brand":[],"product_cat":[775],"product_tag":[],"class_list":{"0":"post-3050","1":"product","2":"type-product","3":"status-publish","4":"has-post-thumbnail","6":"product_cat-bandejas-de-liar","8":"first","9":"instock","10":"shipping-taxable","11":"product-type-simple"},"acf":[],"yoast_head":"<!-- This site is optimized with the Yoast SEO plugin v26.2 - https:\/\/yoast.com\/wordpress\/plugins\/seo\/ -->\n<title>BANDEJA DE LIAR MICHELANGELLO | Smoking<\/title>\n<meta name=\"description\" content=\"Bandeja para liar Michelangello es el accesorio para fumador que necesitas para conseguir un resultado perfecto y sin desperdiciar nada.\" \/>\n<meta name=\"robots\" content=\"index, follow, max-snippet:-1, max-image-preview:large, max-video-preview:-1\" \/>\n<link rel=\"canonical\" href=\"https:\/\/www.smokingpaper.com\/es\/producto\/rolling-tray-michelangello\/\" \/>\n<meta property=\"og:locale\" content=\"es_ES\" \/>\n<meta property=\"og:type\" content=\"article\" \/>\n<meta property=\"og:title\" content=\"BANDEJA DE LIAR MICHELANGELLO | Smoking\" \/>\n<meta property=\"og:description\" content=\"Bandeja para liar Michelangello es el accesorio para fumador que necesitas para conseguir un resultado perfecto y sin desperdiciar nada.\" \/>\n<meta property=\"og:url\" content=\"https:\/\/www.smokingpaper.com\/es\/producto\/rolling-tray-michelangello\/\" \/>\n<meta property=\"og:site_name\" content=\"Smoking\" \/>\n<meta property=\"article:modified_time\" content=\"2024-09-26T14:22:12+00:00\" \/>\n<meta property=\"og:image\" content=\"https:\/\/www.smokingpaper.com\/wp-content\/uploads\/2022\/02\/Bandeja-de-liiar-michelangello-683x1024.jpg\" \/>\n\t<meta property=\"og:image:width\" content=\"683\" \/>\n\t<meta property=\"og:image:height\" content=\"1024\" \/>\n\t<meta property=\"og:image:type\" content=\"image\/jpeg\" \/>\n<meta name=\"twitter:card\" content=\"summary_large_image\" \/>\n<!-- \/ Yoast SEO plugin. -->","yoast_head_json":{"title":"BANDEJA DE LIAR MICHELANGELLO | Smoking","description":"Bandeja para liar Michelangello es el accesorio para fumador que necesitas para conseguir un resultado perfecto y sin desperdiciar nada.","robots":{"index":"index","follow":"follow","max-snippet":"max-snippet:-1","max-image-preview":"max-image-preview:large","max-video-preview":"max-video-preview:-1"},"canonical":"https:\/\/www.smokingpaper.com\/es\/producto\/rolling-tray-michelangello\/","og_locale":"es_ES","og_type":"article","og_title":"BANDEJA DE LIAR MICHELANGELLO | Smoking","og_description":"Bandeja para liar Michelangello es el accesorio para fumador que necesitas para conseguir un resultado perfecto y sin desperdiciar nada.","og_url":"https:\/\/www.smokingpaper.com\/es\/producto\/rolling-tray-michelangello\/","og_site_name":"Smoking","article_modified_time":"2024-09-26T14:22:12+00:00","og_image":[{"width":683,"height":1024,"url":"https:\/\/www.smokingpaper.com\/wp-content\/uploads\/2022\/02\/Bandeja-de-liiar-michelangello-683x1024.jpg","type":"image\/jpeg"}],"twitter_card":"summary_large_image","schema":{"@context":"https:\/\/schema.org","@graph":[{"@type":"BreadcrumbList","@id":"https:\/\/www.smokingpaper.com\/es\/producto\/rolling-tray-michelangello\/#breadcrumb","itemListElement":[{"@type":"ListItem","position":1,"name":"Home","item":"https:\/\/www.smokingpaper.com\/es\/"},{"@type":"ListItem","position":2,"name":"Productos","item":"https:\/\/www.smokingpaper.com\/es\/shop\/"},{"@type":"ListItem","position":3,"name":"Bandeja de liar","item":"https:\/\/www.smokingpaper.com\/es\/productos\/bandejas-de-liar\/"},{"@type":"ListItem","position":4,"name":"BANDEJA DE LIAR MICHELANGELLO"}]}]}},"_links":{"self":[{"href":"https:\/\/www.smokingpaper.com\/es\/wp-json\/wp\/v2\/product\/3050","targetHints":{"allow":["GET"]}}],"collection":[{"href":"https:\/\/www.smokingpaper.com\/es\/wp-json\/wp\/v2\/product"}],"about":[{"href":"https:\/\/www.smokingpaper.com\/es\/wp-json\/wp\/v2\/types\/product"}],"wp:featuredmedia":[{"embeddable":true,"href":"https:\/\/www.smokingpaper.com\/es\/wp-json\/wp\/v2\/media\/9344"}],"wp:attachment":[{"href":"https:\/\/www.smokingpaper.com\/es\/wp-json\/wp\/v2\/media?parent=3050"}],"wp:term":[{"taxonomy":"product_brand","embeddable":true,"href":"https:\/\/www.smokingpaper.com\/es\/wp-json\/wp\/v2\/product_brand?post=3050"},{"taxonomy":"product_cat","embeddable":true,"href":"https:\/\/www.smokingpaper.com\/es\/wp-json\/wp\/v2\/product_cat?post=3050"},{"taxonomy":"product_tag","embeddable":true,"href":"https:\/\/www.smokingpaper.com\/es\/wp-json\/wp\/v2\/product_tag?post=3050"}],"curies":[{"name":"wp","href":"https:\/\/api.w.org\/{rel}","templated":true}]}}