{"id":3047,"date":"2022-02-04T14:08:41","date_gmt":"2022-02-04T13:08:41","guid":{"rendered":"https:\/\/www.smokingpaper.com\/?post_type=product&#038;p=3047"},"modified":"2024-09-26T16:22:15","modified_gmt":"2024-09-26T14:22:15","slug":"rolling-tray-klimt","status":"publish","type":"product","link":"https:\/\/www.smokingpaper.com\/es\/producto\/rolling-tray-klimt\/","title":{"rendered":"BANDEJA DE LIAR KLIMT"},"content":{"rendered":"","protected":false},"excerpt":{"rendered":"<p><span data-sheets-value=\"{&quot;1&quot;:2,&quot;2&quot;:&quot;Descubre nuestra bandeja para liar con un dise\u00f1o basado en la popular obra de arte \\&quot;El beso\\&quot; de Gustav Klimt. El accesorio para fumador ideal con el que poder dedicarte a liar tus cigarros con total comodidad y cierto toque art\u00edstico. Una bandeja fabricada en esta\u00f1o, de alta resistencia y cuya decoraci\u00f3n encaja pr\u00e1cticamente en cualquier sitio. Con la bandeja Klimt ya no se desperdiciar\u00e1 el tabaco, gracias a que cuenta con bordes que impiden que se caigan los restos. Tienes 5 modelos diferentes de bandejas para liar Smoking\u00ae. \u00a1Escoge tu preferida!&quot;}\" data-sheets-userformat=\"{&quot;2&quot;:1319869,&quot;3&quot;:{&quot;1&quot;:0},&quot;5&quot;:{&quot;1&quot;:[{&quot;1&quot;:2,&quot;2&quot;:0,&quot;5&quot;:{&quot;1&quot;:2,&quot;2&quot;:0}},{&quot;1&quot;:0,&quot;2&quot;:0,&quot;3&quot;:3},{&quot;1&quot;:1,&quot;2&quot;:0,&quot;4&quot;:1}]},&quot;6&quot;:{&quot;1&quot;:[{&quot;1&quot;:2,&quot;2&quot;:0,&quot;5&quot;:{&quot;1&quot;:2,&quot;2&quot;:0}},{&quot;1&quot;:0,&quot;2&quot;:0,&quot;3&quot;:3},{&quot;1&quot;:1,&quot;2&quot;:0,&quot;4&quot;:1}]},&quot;7&quot;:{&quot;1&quot;:[{&quot;1&quot;:2,&quot;2&quot;:0,&quot;5&quot;:{&quot;1&quot;:2,&quot;2&quot;:0}},{&quot;1&quot;:0,&quot;2&quot;:0,&quot;3&quot;:3},{&quot;1&quot;:1,&quot;2&quot;:0,&quot;4&quot;:1}]},&quot;8&quot;:{&quot;1&quot;:[{&quot;1&quot;:2,&quot;2&quot;:0,&quot;5&quot;:{&quot;1&quot;:2,&quot;2&quot;:0}},{&quot;1&quot;:0,&quot;2&quot;:0,&quot;3&quot;:3},{&quot;1&quot;:1,&quot;2&quot;:0,&quot;4&quot;:1}]},&quot;10&quot;:1,&quot;11&quot;:4,&quot;12&quot;:0,&quot;16&quot;:10,&quot;21&quot;:0,&quot;23&quot;:2}\">Descubre nuestra bandeja para liar con un dise\u00f1o basado en la popular obra de arte \u00abEl beso\u00bb de Gustav Klimt. El accesorio para fumador ideal con el que poder dedicarte a liar tus cigarros con total comodidad y cierto toque art\u00edstico. Una bandeja fabricada en esta\u00f1o, de alta resistencia y cuya decoraci\u00f3n encaja pr\u00e1cticamente en cualquier sitio. Con la bandeja Klimt ya no se desperdiciar\u00e1 el tabaco, gracias a que cuenta con bordes que impiden que se caigan los restos. Tienes 5 modelos diferentes de bandejas para liar Smoking\u00ae. \u00a1Escoge tu preferida!<\/span><\/p>\n","protected":false},"featured_media":9341,"template":"","meta":{"_acf_changed":false,"inline_featured_image":false},"product_brand":[],"product_cat":[775],"product_tag":[],"class_list":{"0":"post-3047","1":"product","2":"type-product","3":"status-publish","4":"has-post-thumbnail","6":"product_cat-bandejas-de-liar","8":"first","9":"instock","10":"shipping-taxable","11":"product-type-simple"},"acf":[],"yoast_head":"<!-- This site is optimized with the Yoast SEO plugin v26.2 - https:\/\/yoast.com\/wordpress\/plugins\/seo\/ -->\n<title>Bandejas de liar Klimt | Smoking<\/title>\n<meta name=\"description\" content=\"Bandejas de liar de Smoking Paper, el accesorio perfecto para todos aquellos que buscan la m\u00e1xima comodidad y funcionalidad a la hora de liar\" \/>\n<meta name=\"robots\" content=\"index, follow, max-snippet:-1, max-image-preview:large, max-video-preview:-1\" \/>\n<link rel=\"canonical\" href=\"https:\/\/www.smokingpaper.com\/es\/producto\/rolling-tray-klimt\/\" \/>\n<meta property=\"og:locale\" content=\"es_ES\" \/>\n<meta property=\"og:type\" content=\"article\" \/>\n<meta property=\"og:title\" content=\"Bandejas de liar Klimt | Smoking\" \/>\n<meta property=\"og:description\" content=\"Bandejas de liar de Smoking Paper, el accesorio perfecto para todos aquellos que buscan la m\u00e1xima comodidad y funcionalidad a la hora de liar\" \/>\n<meta property=\"og:url\" content=\"https:\/\/www.smokingpaper.com\/es\/producto\/rolling-tray-klimt\/\" \/>\n<meta property=\"og:site_name\" content=\"Smoking\" \/>\n<meta property=\"article:modified_time\" content=\"2024-09-26T14:22:15+00:00\" \/>\n<meta property=\"og:image\" content=\"https:\/\/www.smokingpaper.com\/wp-content\/uploads\/2022\/02\/Bandeja-de-liar-cuadro-famoso-el-beso-683x1024.jpg\" \/>\n\t<meta property=\"og:image:width\" content=\"683\" \/>\n\t<meta property=\"og:image:height\" content=\"1024\" \/>\n\t<meta property=\"og:image:type\" content=\"image\/jpeg\" \/>\n<meta name=\"twitter:card\" content=\"summary_large_image\" \/>\n<!-- \/ Yoast SEO plugin. -->","yoast_head_json":{"title":"Bandejas de liar Klimt | Smoking","description":"Bandejas de liar de Smoking Paper, el accesorio perfecto para todos aquellos que buscan la m\u00e1xima comodidad y funcionalidad a la hora de liar","robots":{"index":"index","follow":"follow","max-snippet":"max-snippet:-1","max-image-preview":"max-image-preview:large","max-video-preview":"max-video-preview:-1"},"canonical":"https:\/\/www.smokingpaper.com\/es\/producto\/rolling-tray-klimt\/","og_locale":"es_ES","og_type":"article","og_title":"Bandejas de liar Klimt | Smoking","og_description":"Bandejas de liar de Smoking Paper, el accesorio perfecto para todos aquellos que buscan la m\u00e1xima comodidad y funcionalidad a la hora de liar","og_url":"https:\/\/www.smokingpaper.com\/es\/producto\/rolling-tray-klimt\/","og_site_name":"Smoking","article_modified_time":"2024-09-26T14:22:15+00:00","og_image":[{"width":683,"height":1024,"url":"https:\/\/www.smokingpaper.com\/wp-content\/uploads\/2022\/02\/Bandeja-de-liar-cuadro-famoso-el-beso-683x1024.jpg","type":"image\/jpeg"}],"twitter_card":"summary_large_image","schema":{"@context":"https:\/\/schema.org","@graph":[{"@type":"BreadcrumbList","@id":"https:\/\/www.smokingpaper.com\/es\/producto\/rolling-tray-klimt\/#breadcrumb","itemListElement":[{"@type":"ListItem","position":1,"name":"Home","item":"https:\/\/www.smokingpaper.com\/es\/"},{"@type":"ListItem","position":2,"name":"Productos","item":"https:\/\/www.smokingpaper.com\/es\/shop\/"},{"@type":"ListItem","position":3,"name":"Bandeja de liar","item":"https:\/\/www.smokingpaper.com\/es\/productos\/bandejas-de-liar\/"},{"@type":"ListItem","position":4,"name":"BANDEJA DE LIAR KLIMT"}]}]}},"_links":{"self":[{"href":"https:\/\/www.smokingpaper.com\/es\/wp-json\/wp\/v2\/product\/3047","targetHints":{"allow":["GET"]}}],"collection":[{"href":"https:\/\/www.smokingpaper.com\/es\/wp-json\/wp\/v2\/product"}],"about":[{"href":"https:\/\/www.smokingpaper.com\/es\/wp-json\/wp\/v2\/types\/product"}],"wp:featuredmedia":[{"embeddable":true,"href":"https:\/\/www.smokingpaper.com\/es\/wp-json\/wp\/v2\/media\/9341"}],"wp:attachment":[{"href":"https:\/\/www.smokingpaper.com\/es\/wp-json\/wp\/v2\/media?parent=3047"}],"wp:term":[{"taxonomy":"product_brand","embeddable":true,"href":"https:\/\/www.smokingpaper.com\/es\/wp-json\/wp\/v2\/product_brand?post=3047"},{"taxonomy":"product_cat","embeddable":true,"href":"https:\/\/www.smokingpaper.com\/es\/wp-json\/wp\/v2\/product_cat?post=3047"},{"taxonomy":"product_tag","embeddable":true,"href":"https:\/\/www.smokingpaper.com\/es\/wp-json\/wp\/v2\/product_tag?post=3047"}],"curies":[{"name":"wp","href":"https:\/\/api.w.org\/{rel}","templated":true}]}}