{"id":2995,"date":"2022-02-04T14:07:23","date_gmt":"2022-02-04T13:07:23","guid":{"rendered":"https:\/\/www.smokingpaper.com\/?post_type=product&#038;p=2995"},"modified":"2024-09-26T16:22:19","modified_gmt":"2024-09-26T14:22:19","slug":"rolling-tray-warhol","status":"publish","type":"product","link":"https:\/\/www.smokingpaper.com\/es\/producto\/rolling-tray-warhol\/","title":{"rendered":"BANDEJA DE LIAR WARHOL"},"content":{"rendered":"","protected":false},"excerpt":{"rendered":"<p><span data-sheets-value=\"{&quot;1&quot;:2,&quot;2&quot;:&quot;Contempla la influencia de Andy Warhol en nuestra bandeja para liar mientras preparas tus cigarrillos. Bas\u00e1ndose en el famoso estilo del artista, los cl\u00e1sicos libritos de Smoking\u00ae aparecen representados en distintas tonalidades. La bandeja est\u00e1 fabricada en esta\u00f1o y es muy resistente. Adem\u00e1s, cuenta con bordes en toda su superficie para evitar que se desperdicie lo m\u00e1s m\u00ednimo tu tabaco, ya que no se podr\u00e1n caer fuera los restos. Descubre nuestros 5 modelos de bandejas para liar y hazte toda la colecci\u00f3n o elige las que m\u00e1s te gusten.&quot;}\" data-sheets-userformat=\"{&quot;2&quot;:1319869,&quot;3&quot;:{&quot;1&quot;:0},&quot;5&quot;:{&quot;1&quot;:[{&quot;1&quot;:2,&quot;2&quot;:0,&quot;5&quot;:{&quot;1&quot;:2,&quot;2&quot;:0}},{&quot;1&quot;:0,&quot;2&quot;:0,&quot;3&quot;:3},{&quot;1&quot;:1,&quot;2&quot;:0,&quot;4&quot;:1}]},&quot;6&quot;:{&quot;1&quot;:[{&quot;1&quot;:2,&quot;2&quot;:0,&quot;5&quot;:{&quot;1&quot;:2,&quot;2&quot;:0}},{&quot;1&quot;:0,&quot;2&quot;:0,&quot;3&quot;:3},{&quot;1&quot;:1,&quot;2&quot;:0,&quot;4&quot;:1}]},&quot;7&quot;:{&quot;1&quot;:[{&quot;1&quot;:2,&quot;2&quot;:0,&quot;5&quot;:{&quot;1&quot;:2,&quot;2&quot;:0}},{&quot;1&quot;:0,&quot;2&quot;:0,&quot;3&quot;:3},{&quot;1&quot;:1,&quot;2&quot;:0,&quot;4&quot;:1}]},&quot;8&quot;:{&quot;1&quot;:[{&quot;1&quot;:2,&quot;2&quot;:0,&quot;5&quot;:{&quot;1&quot;:2,&quot;2&quot;:0}},{&quot;1&quot;:0,&quot;2&quot;:0,&quot;3&quot;:3},{&quot;1&quot;:1,&quot;2&quot;:0,&quot;4&quot;:1}]},&quot;10&quot;:1,&quot;11&quot;:4,&quot;12&quot;:0,&quot;16&quot;:10,&quot;21&quot;:0,&quot;23&quot;:2}\">Contempla la influencia de Andy Warhol en nuestra bandeja para liar mientras preparas tus cigarrillos. Bas\u00e1ndose en el famoso estilo del artista, los cl\u00e1sicos libritos de Smoking\u00ae aparecen representados en distintas tonalidades. La bandeja est\u00e1 fabricada en esta\u00f1o y es muy resistente. Adem\u00e1s, cuenta con bordes en toda su superficie para evitar que se desperdicie lo m\u00e1s m\u00ednimo tu tabaco, ya que no se podr\u00e1n caer fuera los restos. Descubre nuestros 5 modelos de bandejas para liar y hazte toda la colecci\u00f3n o elige las que m\u00e1s te gusten.<\/span><\/p>\n","protected":false},"featured_media":9353,"template":"","meta":{"_acf_changed":false,"inline_featured_image":false},"product_brand":[],"product_cat":[775],"product_tag":[],"class_list":{"0":"post-2995","1":"product","2":"type-product","3":"status-publish","4":"has-post-thumbnail","6":"product_cat-bandejas-de-liar","8":"first","9":"instock","10":"shipping-taxable","11":"product-type-simple"},"acf":[],"yoast_head":"<!-- This site is optimized with the Yoast SEO plugin v26.2 - https:\/\/yoast.com\/wordpress\/plugins\/seo\/ -->\n<title>BANDEJA DE LIAR WARHOL | Smoking<\/title>\n<meta name=\"description\" content=\"Con la bandeja Warhol \u00a0se acab\u00f3 el desperdiciar tabaco. Tendr\u00e1s al alcance todos los materiales que necesitas para liar correctamente.\" \/>\n<meta name=\"robots\" content=\"index, follow, max-snippet:-1, max-image-preview:large, max-video-preview:-1\" \/>\n<link rel=\"canonical\" href=\"https:\/\/www.smokingpaper.com\/es\/producto\/rolling-tray-warhol\/\" \/>\n<meta property=\"og:locale\" content=\"es_ES\" \/>\n<meta property=\"og:type\" content=\"article\" \/>\n<meta property=\"og:title\" content=\"BANDEJA DE LIAR WARHOL | Smoking\" \/>\n<meta property=\"og:description\" content=\"Con la bandeja Warhol \u00a0se acab\u00f3 el desperdiciar tabaco. Tendr\u00e1s al alcance todos los materiales que necesitas para liar correctamente.\" \/>\n<meta property=\"og:url\" content=\"https:\/\/www.smokingpaper.com\/es\/producto\/rolling-tray-warhol\/\" \/>\n<meta property=\"og:site_name\" content=\"Smoking\" \/>\n<meta property=\"article:modified_time\" content=\"2024-09-26T14:22:19+00:00\" \/>\n<meta property=\"og:image\" content=\"https:\/\/www.smokingpaper.com\/wp-content\/uploads\/2022\/02\/Bandeja-de-liar-Warhol.jpg\" \/>\n\t<meta property=\"og:image:width\" content=\"1277\" \/>\n\t<meta property=\"og:image:height\" content=\"1915\" \/>\n\t<meta property=\"og:image:type\" content=\"image\/jpeg\" \/>\n<meta name=\"twitter:card\" content=\"summary_large_image\" \/>\n<!-- \/ Yoast SEO plugin. -->","yoast_head_json":{"title":"BANDEJA DE LIAR WARHOL | Smoking","description":"Con la bandeja Warhol \u00a0se acab\u00f3 el desperdiciar tabaco. Tendr\u00e1s al alcance todos los materiales que necesitas para liar correctamente.","robots":{"index":"index","follow":"follow","max-snippet":"max-snippet:-1","max-image-preview":"max-image-preview:large","max-video-preview":"max-video-preview:-1"},"canonical":"https:\/\/www.smokingpaper.com\/es\/producto\/rolling-tray-warhol\/","og_locale":"es_ES","og_type":"article","og_title":"BANDEJA DE LIAR WARHOL | Smoking","og_description":"Con la bandeja Warhol \u00a0se acab\u00f3 el desperdiciar tabaco. Tendr\u00e1s al alcance todos los materiales que necesitas para liar correctamente.","og_url":"https:\/\/www.smokingpaper.com\/es\/producto\/rolling-tray-warhol\/","og_site_name":"Smoking","article_modified_time":"2024-09-26T14:22:19+00:00","og_image":[{"width":1277,"height":1915,"url":"https:\/\/www.smokingpaper.com\/wp-content\/uploads\/2022\/02\/Bandeja-de-liar-Warhol.jpg","type":"image\/jpeg"}],"twitter_card":"summary_large_image","schema":{"@context":"https:\/\/schema.org","@graph":[{"@type":"BreadcrumbList","@id":"https:\/\/www.smokingpaper.com\/es\/producto\/rolling-tray-warhol\/#breadcrumb","itemListElement":[{"@type":"ListItem","position":1,"name":"Home","item":"https:\/\/www.smokingpaper.com\/es\/"},{"@type":"ListItem","position":2,"name":"Productos","item":"https:\/\/www.smokingpaper.com\/es\/shop\/"},{"@type":"ListItem","position":3,"name":"Bandeja de liar","item":"https:\/\/www.smokingpaper.com\/es\/productos\/bandejas-de-liar\/"},{"@type":"ListItem","position":4,"name":"BANDEJA DE LIAR WARHOL"}]}]}},"_links":{"self":[{"href":"https:\/\/www.smokingpaper.com\/es\/wp-json\/wp\/v2\/product\/2995","targetHints":{"allow":["GET"]}}],"collection":[{"href":"https:\/\/www.smokingpaper.com\/es\/wp-json\/wp\/v2\/product"}],"about":[{"href":"https:\/\/www.smokingpaper.com\/es\/wp-json\/wp\/v2\/types\/product"}],"wp:featuredmedia":[{"embeddable":true,"href":"https:\/\/www.smokingpaper.com\/es\/wp-json\/wp\/v2\/media\/9353"}],"wp:attachment":[{"href":"https:\/\/www.smokingpaper.com\/es\/wp-json\/wp\/v2\/media?parent=2995"}],"wp:term":[{"taxonomy":"product_brand","embeddable":true,"href":"https:\/\/www.smokingpaper.com\/es\/wp-json\/wp\/v2\/product_brand?post=2995"},{"taxonomy":"product_cat","embeddable":true,"href":"https:\/\/www.smokingpaper.com\/es\/wp-json\/wp\/v2\/product_cat?post=2995"},{"taxonomy":"product_tag","embeddable":true,"href":"https:\/\/www.smokingpaper.com\/es\/wp-json\/wp\/v2\/product_tag?post=2995"}],"curies":[{"name":"wp","href":"https:\/\/api.w.org\/{rel}","templated":true}]}}