{"id":2978,"date":"2022-02-04T11:59:19","date_gmt":"2022-02-04T10:59:19","guid":{"rendered":"https:\/\/www.smokingpaper.com\/?post_type=product&#038;p=2978"},"modified":"2024-12-16T16:58:31","modified_gmt":"2024-12-16T15:58:31","slug":"calcetines-libritos","status":"publish","type":"product","link":"https:\/\/www.smokingpaper.com\/es\/producto\/calcetines-libritos\/","title":{"rendered":"CALCETINES con Libritos de papel"},"content":{"rendered":"","protected":false},"excerpt":{"rendered":"<p><span data-sheets-value=\"{&quot;1&quot;:2,&quot;2&quot;:&quot;M\u00e1rcate un outfit a tu estilo Smoking\u00ae con estos originales calcetines de libritos, ideales para llevar en cualquier \u00e9poca del a\u00f1o. En su dise\u00f1o aparecen estampados nuestros libritos m\u00e1s famosos, con una combinaci\u00f3n vers\u00e1til de varias tonalidades de marr\u00f3n, azul, rojo y blanco. Un complemento ideal para llevar contigo con toda la comodidad que quieres, ya que est\u00e1n fabricados con algod\u00f3n en un acabado mullidito y transpirable, que vas a querer disfrutar en todo momento.&quot;}\" data-sheets-userformat=\"{&quot;2&quot;:1319869,&quot;3&quot;:{&quot;1&quot;:0},&quot;5&quot;:{&quot;1&quot;:[{&quot;1&quot;:2,&quot;2&quot;:0,&quot;5&quot;:{&quot;1&quot;:2,&quot;2&quot;:0}},{&quot;1&quot;:0,&quot;2&quot;:0,&quot;3&quot;:3},{&quot;1&quot;:1,&quot;2&quot;:0,&quot;4&quot;:1}]},&quot;6&quot;:{&quot;1&quot;:[{&quot;1&quot;:2,&quot;2&quot;:0,&quot;5&quot;:{&quot;1&quot;:2,&quot;2&quot;:0}},{&quot;1&quot;:0,&quot;2&quot;:0,&quot;3&quot;:3},{&quot;1&quot;:1,&quot;2&quot;:0,&quot;4&quot;:1}]},&quot;7&quot;:{&quot;1&quot;:[{&quot;1&quot;:2,&quot;2&quot;:0,&quot;5&quot;:{&quot;1&quot;:2,&quot;2&quot;:0}},{&quot;1&quot;:0,&quot;2&quot;:0,&quot;3&quot;:3},{&quot;1&quot;:1,&quot;2&quot;:0,&quot;4&quot;:1}]},&quot;8&quot;:{&quot;1&quot;:[{&quot;1&quot;:2,&quot;2&quot;:0,&quot;5&quot;:{&quot;1&quot;:2,&quot;2&quot;:0}},{&quot;1&quot;:0,&quot;2&quot;:0,&quot;3&quot;:3},{&quot;1&quot;:1,&quot;2&quot;:0,&quot;4&quot;:1}]},&quot;10&quot;:1,&quot;11&quot;:4,&quot;12&quot;:0,&quot;16&quot;:10,&quot;21&quot;:0,&quot;23&quot;:2}\">M\u00e1rcate un outfit a tu estilo Smoking\u00ae con estos originales calcetines de libritos, ideales para llevar en cualquier \u00e9poca del a\u00f1o. En su dise\u00f1o aparecen estampados nuestros libritos m\u00e1s famosos, con una combinaci\u00f3n vers\u00e1til de varias tonalidades de marr\u00f3n, azul, rojo y blanco. Un complemento ideal para llevar contigo con toda la comodidad que quieres, ya que est\u00e1n fabricados con algod\u00f3n en un acabado mullidito y transpirable, que vas a querer disfrutar en todo momento.<\/span><\/p>\n","protected":false},"featured_media":3138,"template":"","meta":{"_acf_changed":false,"inline_featured_image":false},"product_brand":[],"product_cat":[453],"product_tag":[],"class_list":{"0":"post-2978","1":"product","2":"type-product","3":"status-publish","4":"has-post-thumbnail","6":"product_cat-apparel","8":"first","9":"instock","10":"shipping-taxable","11":"product-type-simple"},"acf":[],"yoast_head":"<!-- This site is optimized with the Yoast SEO plugin v26.2 - https:\/\/yoast.com\/wordpress\/plugins\/seo\/ -->\n<title>Calcetines de libritos de papel | Smoking Paper<\/title>\n<meta name=\"description\" content=\"Incorpora a tu outfit los calcetines Smoking con dise\u00f1os exclusivos. Tus mejores aliados para mantener tus tobillos calientes. \u00a1No te quedes sin ellos!\" \/>\n<meta name=\"robots\" content=\"index, follow, max-snippet:-1, max-image-preview:large, max-video-preview:-1\" \/>\n<link rel=\"canonical\" href=\"https:\/\/www.smokingpaper.com\/es\/producto\/calcetines-libritos\/\" \/>\n<meta property=\"og:locale\" content=\"es_ES\" \/>\n<meta property=\"og:type\" content=\"article\" \/>\n<meta property=\"og:title\" content=\"Calcetines de libritos de papel | Smoking Paper\" \/>\n<meta property=\"og:description\" content=\"Incorpora a tu outfit los calcetines Smoking con dise\u00f1os exclusivos. Tus mejores aliados para mantener tus tobillos calientes. \u00a1No te quedes sin ellos!\" \/>\n<meta property=\"og:url\" content=\"https:\/\/www.smokingpaper.com\/es\/producto\/calcetines-libritos\/\" \/>\n<meta property=\"og:site_name\" content=\"Smoking\" \/>\n<meta property=\"article:modified_time\" content=\"2024-12-16T15:58:31+00:00\" \/>\n<meta property=\"og:image\" content=\"https:\/\/www.smokingpaper.com\/wp-content\/uploads\/2022\/02\/sock_booklets_detail-min-scaled.jpg\" \/>\n\t<meta property=\"og:image:width\" content=\"1707\" \/>\n\t<meta property=\"og:image:height\" content=\"2560\" \/>\n\t<meta property=\"og:image:type\" content=\"image\/jpeg\" \/>\n<meta name=\"twitter:card\" content=\"summary_large_image\" \/>\n<!-- \/ Yoast SEO plugin. -->","yoast_head_json":{"title":"Calcetines de libritos de papel | Smoking Paper","description":"Incorpora a tu outfit los calcetines Smoking con dise\u00f1os exclusivos. Tus mejores aliados para mantener tus tobillos calientes. \u00a1No te quedes sin ellos!","robots":{"index":"index","follow":"follow","max-snippet":"max-snippet:-1","max-image-preview":"max-image-preview:large","max-video-preview":"max-video-preview:-1"},"canonical":"https:\/\/www.smokingpaper.com\/es\/producto\/calcetines-libritos\/","og_locale":"es_ES","og_type":"article","og_title":"Calcetines de libritos de papel | Smoking Paper","og_description":"Incorpora a tu outfit los calcetines Smoking con dise\u00f1os exclusivos. Tus mejores aliados para mantener tus tobillos calientes. \u00a1No te quedes sin ellos!","og_url":"https:\/\/www.smokingpaper.com\/es\/producto\/calcetines-libritos\/","og_site_name":"Smoking","article_modified_time":"2024-12-16T15:58:31+00:00","og_image":[{"width":1707,"height":2560,"url":"https:\/\/www.smokingpaper.com\/wp-content\/uploads\/2022\/02\/sock_booklets_detail-min-scaled.jpg","type":"image\/jpeg"}],"twitter_card":"summary_large_image","schema":{"@context":"https:\/\/schema.org","@graph":[{"@type":"BreadcrumbList","@id":"https:\/\/www.smokingpaper.com\/es\/producto\/calcetines-libritos\/#breadcrumb","itemListElement":[{"@type":"ListItem","position":1,"name":"Home","item":"https:\/\/www.smokingpaper.com\/es\/"},{"@type":"ListItem","position":2,"name":"Productos","item":"https:\/\/www.smokingpaper.com\/es\/shop\/"},{"@type":"ListItem","position":3,"name":"Apparel","item":"https:\/\/www.smokingpaper.com\/es\/productos\/apparel\/"},{"@type":"ListItem","position":4,"name":"CALCETINES con Libritos de papel"}]}]}},"_links":{"self":[{"href":"https:\/\/www.smokingpaper.com\/es\/wp-json\/wp\/v2\/product\/2978","targetHints":{"allow":["GET"]}}],"collection":[{"href":"https:\/\/www.smokingpaper.com\/es\/wp-json\/wp\/v2\/product"}],"about":[{"href":"https:\/\/www.smokingpaper.com\/es\/wp-json\/wp\/v2\/types\/product"}],"wp:featuredmedia":[{"embeddable":true,"href":"https:\/\/www.smokingpaper.com\/es\/wp-json\/wp\/v2\/media\/3138"}],"wp:attachment":[{"href":"https:\/\/www.smokingpaper.com\/es\/wp-json\/wp\/v2\/media?parent=2978"}],"wp:term":[{"taxonomy":"product_brand","embeddable":true,"href":"https:\/\/www.smokingpaper.com\/es\/wp-json\/wp\/v2\/product_brand?post=2978"},{"taxonomy":"product_cat","embeddable":true,"href":"https:\/\/www.smokingpaper.com\/es\/wp-json\/wp\/v2\/product_cat?post=2978"},{"taxonomy":"product_tag","embeddable":true,"href":"https:\/\/www.smokingpaper.com\/es\/wp-json\/wp\/v2\/product_tag?post=2978"}],"curies":[{"name":"wp","href":"https:\/\/api.w.org\/{rel}","templated":true}]}}