{"id":2975,"date":"2022-02-04T11:58:15","date_gmt":"2022-02-04T10:58:15","guid":{"rendered":"https:\/\/www.smokingpaper.com\/?post_type=product&#038;p=2975"},"modified":"2024-12-17T14:28:26","modified_gmt":"2024-12-17T13:28:26","slug":"calcetines-s-style","status":"publish","type":"product","link":"https:\/\/www.smokingpaper.com\/es\/producto\/calcetines-s-style\/","title":{"rendered":"CALCETINES de Smoking Paper S-STYLE"},"content":{"rendered":"","protected":false},"excerpt":{"rendered":"<p><span data-sheets-value=\"{&quot;1&quot;:2,&quot;2&quot;:&quot;\u00a1Completa tu outfit con los calcetines S-Style de Smoking\u00ae! Unos complementos que encajan totalmente con tu estilo, en una composici\u00f3n \u00fanica de la marca, para llevar contigo siempre que quieras. Estos calcetines cuentan con un dise\u00f1o original de llamas y el logo de Smoking\u00ae, en tonalidades de azul, rojo, blanco y amarillo. Unos calcetines atractivos visualmente y c\u00f3modos en la pr\u00e1ctica, para mantener tus tobillos siempre calientes y confortables, con su algod\u00f3n mullidito y transpirable.&quot;}\" data-sheets-userformat=\"{&quot;2&quot;:1319869,&quot;3&quot;:{&quot;1&quot;:0},&quot;5&quot;:{&quot;1&quot;:[{&quot;1&quot;:2,&quot;2&quot;:0,&quot;5&quot;:{&quot;1&quot;:2,&quot;2&quot;:0}},{&quot;1&quot;:0,&quot;2&quot;:0,&quot;3&quot;:3},{&quot;1&quot;:1,&quot;2&quot;:0,&quot;4&quot;:1}]},&quot;6&quot;:{&quot;1&quot;:[{&quot;1&quot;:2,&quot;2&quot;:0,&quot;5&quot;:{&quot;1&quot;:2,&quot;2&quot;:0}},{&quot;1&quot;:0,&quot;2&quot;:0,&quot;3&quot;:3},{&quot;1&quot;:1,&quot;2&quot;:0,&quot;4&quot;:1}]},&quot;7&quot;:{&quot;1&quot;:[{&quot;1&quot;:2,&quot;2&quot;:0,&quot;5&quot;:{&quot;1&quot;:2,&quot;2&quot;:0}},{&quot;1&quot;:0,&quot;2&quot;:0,&quot;3&quot;:3},{&quot;1&quot;:1,&quot;2&quot;:0,&quot;4&quot;:1}]},&quot;8&quot;:{&quot;1&quot;:[{&quot;1&quot;:2,&quot;2&quot;:0,&quot;5&quot;:{&quot;1&quot;:2,&quot;2&quot;:0}},{&quot;1&quot;:0,&quot;2&quot;:0,&quot;3&quot;:3},{&quot;1&quot;:1,&quot;2&quot;:0,&quot;4&quot;:1}]},&quot;10&quot;:1,&quot;11&quot;:4,&quot;12&quot;:0,&quot;16&quot;:10,&quot;21&quot;:0,&quot;23&quot;:2}\">\u00a1Completa tu outfit con los calcetines S-Style de Smoking\u00ae! Unos complementos que encajan totalmente con tu estilo, en una composici\u00f3n \u00fanica de la marca, para llevar contigo siempre que quieras. Estos calcetines cuentan con un dise\u00f1o original de llamas y el logo de Smoking\u00ae, en tonalidades de azul, rojo, blanco y amarillo. Unos calcetines atractivos visualmente y c\u00f3modos en la pr\u00e1ctica, para mantener tus tobillos siempre calientes y confortables, con su algod\u00f3n mullidito y transpirable.<\/span><\/p>\n","protected":false},"featured_media":3141,"template":"","meta":{"_acf_changed":false,"inline_featured_image":false},"product_brand":[],"product_cat":[453],"product_tag":[],"class_list":{"0":"post-2975","1":"product","2":"type-product","3":"status-publish","4":"has-post-thumbnail","6":"product_cat-apparel","8":"first","9":"instock","10":"shipping-taxable","11":"product-type-simple"},"acf":[],"yoast_head":"<!-- This site is optimized with the Yoast SEO plugin v26.2 - https:\/\/yoast.com\/wordpress\/plugins\/seo\/ -->\n<title>Calcetines con Fuego S-Style | Smoking Paper Apparel<\/title>\n<meta name=\"description\" content=\"Calcetines de Smoking Paper pueden ser tus mejores aliados para mantener tus tobillos calientes y confortables, sin renunciar al mejor estilo. \u00a1Marca estilo!\" \/>\n<meta name=\"robots\" content=\"index, follow, max-snippet:-1, max-image-preview:large, max-video-preview:-1\" \/>\n<link rel=\"canonical\" href=\"https:\/\/www.smokingpaper.com\/es\/producto\/calcetines-s-style\/\" \/>\n<meta property=\"og:locale\" content=\"es_ES\" \/>\n<meta property=\"og:type\" content=\"article\" \/>\n<meta property=\"og:title\" content=\"Calcetines con Fuego S-Style | Smoking Paper Apparel\" \/>\n<meta property=\"og:description\" content=\"Calcetines de Smoking Paper pueden ser tus mejores aliados para mantener tus tobillos calientes y confortables, sin renunciar al mejor estilo. \u00a1Marca estilo!\" \/>\n<meta property=\"og:url\" content=\"https:\/\/www.smokingpaper.com\/es\/producto\/calcetines-s-style\/\" \/>\n<meta property=\"og:site_name\" content=\"Smoking\" \/>\n<meta property=\"article:modified_time\" content=\"2024-12-17T13:28:26+00:00\" \/>\n<meta property=\"og:image\" content=\"https:\/\/www.smokingpaper.com\/wp-content\/uploads\/2022\/02\/sock_flames_downdetail-min-scaled.jpg\" \/>\n\t<meta property=\"og:image:width\" content=\"1707\" \/>\n\t<meta property=\"og:image:height\" content=\"2560\" \/>\n\t<meta property=\"og:image:type\" content=\"image\/jpeg\" \/>\n<meta name=\"twitter:card\" content=\"summary_large_image\" \/>\n<!-- \/ Yoast SEO plugin. -->","yoast_head_json":{"title":"Calcetines con Fuego S-Style | Smoking Paper Apparel","description":"Calcetines de Smoking Paper pueden ser tus mejores aliados para mantener tus tobillos calientes y confortables, sin renunciar al mejor estilo. \u00a1Marca estilo!","robots":{"index":"index","follow":"follow","max-snippet":"max-snippet:-1","max-image-preview":"max-image-preview:large","max-video-preview":"max-video-preview:-1"},"canonical":"https:\/\/www.smokingpaper.com\/es\/producto\/calcetines-s-style\/","og_locale":"es_ES","og_type":"article","og_title":"Calcetines con Fuego S-Style | Smoking Paper Apparel","og_description":"Calcetines de Smoking Paper pueden ser tus mejores aliados para mantener tus tobillos calientes y confortables, sin renunciar al mejor estilo. \u00a1Marca estilo!","og_url":"https:\/\/www.smokingpaper.com\/es\/producto\/calcetines-s-style\/","og_site_name":"Smoking","article_modified_time":"2024-12-17T13:28:26+00:00","og_image":[{"width":1707,"height":2560,"url":"https:\/\/www.smokingpaper.com\/wp-content\/uploads\/2022\/02\/sock_flames_downdetail-min-scaled.jpg","type":"image\/jpeg"}],"twitter_card":"summary_large_image","schema":{"@context":"https:\/\/schema.org","@graph":[{"@type":"BreadcrumbList","@id":"https:\/\/www.smokingpaper.com\/es\/producto\/calcetines-s-style\/#breadcrumb","itemListElement":[{"@type":"ListItem","position":1,"name":"Home","item":"https:\/\/www.smokingpaper.com\/es\/"},{"@type":"ListItem","position":2,"name":"Productos","item":"https:\/\/www.smokingpaper.com\/es\/shop\/"},{"@type":"ListItem","position":3,"name":"Apparel","item":"https:\/\/www.smokingpaper.com\/es\/productos\/apparel\/"},{"@type":"ListItem","position":4,"name":"CALCETINES de Smoking Paper S-STYLE"}]}]}},"_links":{"self":[{"href":"https:\/\/www.smokingpaper.com\/es\/wp-json\/wp\/v2\/product\/2975","targetHints":{"allow":["GET"]}}],"collection":[{"href":"https:\/\/www.smokingpaper.com\/es\/wp-json\/wp\/v2\/product"}],"about":[{"href":"https:\/\/www.smokingpaper.com\/es\/wp-json\/wp\/v2\/types\/product"}],"wp:featuredmedia":[{"embeddable":true,"href":"https:\/\/www.smokingpaper.com\/es\/wp-json\/wp\/v2\/media\/3141"}],"wp:attachment":[{"href":"https:\/\/www.smokingpaper.com\/es\/wp-json\/wp\/v2\/media?parent=2975"}],"wp:term":[{"taxonomy":"product_brand","embeddable":true,"href":"https:\/\/www.smokingpaper.com\/es\/wp-json\/wp\/v2\/product_brand?post=2975"},{"taxonomy":"product_cat","embeddable":true,"href":"https:\/\/www.smokingpaper.com\/es\/wp-json\/wp\/v2\/product_cat?post=2975"},{"taxonomy":"product_tag","embeddable":true,"href":"https:\/\/www.smokingpaper.com\/es\/wp-json\/wp\/v2\/product_tag?post=2975"}],"curies":[{"name":"wp","href":"https:\/\/api.w.org\/{rel}","templated":true}]}}