{"id":2971,"date":"2022-02-04T11:56:43","date_gmt":"2022-02-04T10:56:43","guid":{"rendered":"https:\/\/www.smokingpaper.com\/?post_type=product&#038;p=2971"},"modified":"2024-12-16T17:20:57","modified_gmt":"2024-12-16T16:20:57","slug":"bolsito","status":"publish","type":"product","link":"https:\/\/www.smokingpaper.com\/es\/producto\/bolsito\/","title":{"rendered":"RI\u00d1ONERA HOMBRO"},"content":{"rendered":"","protected":false},"excerpt":{"rendered":"<p>La ri\u00f1onera estilo bandolera de <strong>smoking paper<\/strong> es ideal para llevar contigo todos tus imprescindibles. Con un dise\u00f1o elegante en color negro, cinta regulable para llevarla cruzada y dise\u00f1o impreso en la parte frontal, es el accesorio perfecto para cualquier festival.<\/p>\n","protected":false},"featured_media":3144,"template":"","meta":{"_acf_changed":false,"inline_featured_image":false},"product_brand":[],"product_cat":[453],"product_tag":[],"class_list":{"0":"post-2971","1":"product","2":"type-product","3":"status-publish","4":"has-post-thumbnail","6":"product_cat-apparel","8":"first","9":"instock","10":"shipping-taxable","11":"product-type-simple"},"acf":[],"yoast_head":"<!-- This site is optimized with the Yoast SEO plugin v26.2 - https:\/\/yoast.com\/wordpress\/plugins\/seo\/ -->\n<title>Bolsito - Ri\u00f1onera de hombro | Smoking Paper<\/title>\n<meta name=\"description\" content=\"La ri\u00f1onera estilo bandolera de smoking paper es ideal para llevar contigo todos tus imprescindibles. Con un dise\u00f1o elegante en color negro. \u00a1Comprala aqu\u00ed!\" \/>\n<meta name=\"robots\" content=\"index, follow, max-snippet:-1, max-image-preview:large, max-video-preview:-1\" \/>\n<link rel=\"canonical\" href=\"https:\/\/www.smokingpaper.com\/es\/producto\/bolsito\/\" \/>\n<meta property=\"og:locale\" content=\"es_ES\" \/>\n<meta property=\"og:type\" content=\"article\" \/>\n<meta property=\"og:title\" content=\"Bolsito - Ri\u00f1onera de hombro | Smoking Paper\" \/>\n<meta property=\"og:description\" content=\"La ri\u00f1onera estilo bandolera de smoking paper es ideal para llevar contigo todos tus imprescindibles. Con un dise\u00f1o elegante en color negro. \u00a1Comprala aqu\u00ed!\" \/>\n<meta property=\"og:url\" content=\"https:\/\/www.smokingpaper.com\/es\/producto\/bolsito\/\" \/>\n<meta property=\"og:site_name\" content=\"Smoking\" \/>\n<meta property=\"article:modified_time\" content=\"2024-12-16T16:20:57+00:00\" \/>\n<meta property=\"og:image\" content=\"https:\/\/www.smokingpaper.com\/wp-content\/uploads\/2022\/02\/Bigbag_front-boy-min-scaled.jpg\" \/>\n\t<meta property=\"og:image:width\" content=\"1707\" \/>\n\t<meta property=\"og:image:height\" content=\"2560\" \/>\n\t<meta property=\"og:image:type\" content=\"image\/jpeg\" \/>\n<meta name=\"twitter:card\" content=\"summary_large_image\" \/>\n<!-- \/ Yoast SEO plugin. -->","yoast_head_json":{"title":"Bolsito - Ri\u00f1onera de hombro | Smoking Paper","description":"La ri\u00f1onera estilo bandolera de smoking paper es ideal para llevar contigo todos tus imprescindibles. Con un dise\u00f1o elegante en color negro. \u00a1Comprala aqu\u00ed!","robots":{"index":"index","follow":"follow","max-snippet":"max-snippet:-1","max-image-preview":"max-image-preview:large","max-video-preview":"max-video-preview:-1"},"canonical":"https:\/\/www.smokingpaper.com\/es\/producto\/bolsito\/","og_locale":"es_ES","og_type":"article","og_title":"Bolsito - Ri\u00f1onera de hombro | Smoking Paper","og_description":"La ri\u00f1onera estilo bandolera de smoking paper es ideal para llevar contigo todos tus imprescindibles. Con un dise\u00f1o elegante en color negro. \u00a1Comprala aqu\u00ed!","og_url":"https:\/\/www.smokingpaper.com\/es\/producto\/bolsito\/","og_site_name":"Smoking","article_modified_time":"2024-12-16T16:20:57+00:00","og_image":[{"width":1707,"height":2560,"url":"https:\/\/www.smokingpaper.com\/wp-content\/uploads\/2022\/02\/Bigbag_front-boy-min-scaled.jpg","type":"image\/jpeg"}],"twitter_card":"summary_large_image","schema":{"@context":"https:\/\/schema.org","@graph":[{"@type":"BreadcrumbList","@id":"https:\/\/www.smokingpaper.com\/es\/producto\/bolsito\/#breadcrumb","itemListElement":[{"@type":"ListItem","position":1,"name":"Home","item":"https:\/\/www.smokingpaper.com\/es\/"},{"@type":"ListItem","position":2,"name":"Productos","item":"https:\/\/www.smokingpaper.com\/es\/shop\/"},{"@type":"ListItem","position":3,"name":"Apparel","item":"https:\/\/www.smokingpaper.com\/es\/productos\/apparel\/"},{"@type":"ListItem","position":4,"name":"RI\u00d1ONERA HOMBRO"}]}]}},"_links":{"self":[{"href":"https:\/\/www.smokingpaper.com\/es\/wp-json\/wp\/v2\/product\/2971","targetHints":{"allow":["GET"]}}],"collection":[{"href":"https:\/\/www.smokingpaper.com\/es\/wp-json\/wp\/v2\/product"}],"about":[{"href":"https:\/\/www.smokingpaper.com\/es\/wp-json\/wp\/v2\/types\/product"}],"wp:featuredmedia":[{"embeddable":true,"href":"https:\/\/www.smokingpaper.com\/es\/wp-json\/wp\/v2\/media\/3144"}],"wp:attachment":[{"href":"https:\/\/www.smokingpaper.com\/es\/wp-json\/wp\/v2\/media?parent=2971"}],"wp:term":[{"taxonomy":"product_brand","embeddable":true,"href":"https:\/\/www.smokingpaper.com\/es\/wp-json\/wp\/v2\/product_brand?post=2971"},{"taxonomy":"product_cat","embeddable":true,"href":"https:\/\/www.smokingpaper.com\/es\/wp-json\/wp\/v2\/product_cat?post=2971"},{"taxonomy":"product_tag","embeddable":true,"href":"https:\/\/www.smokingpaper.com\/es\/wp-json\/wp\/v2\/product_tag?post=2971"}],"curies":[{"name":"wp","href":"https:\/\/api.w.org\/{rel}","templated":true}]}}