{"id":2967,"date":"2022-02-04T11:40:21","date_gmt":"2022-02-04T10:40:21","guid":{"rendered":"https:\/\/www.smokingpaper.com\/?post_type=product&#038;p=2967"},"modified":"2024-12-16T16:45:42","modified_gmt":"2024-12-16T15:45:42","slug":"rinonera-negra","status":"publish","type":"product","link":"https:\/\/www.smokingpaper.com\/es\/producto\/rinonera-negra\/","title":{"rendered":"RI\u00d1ONERA NEGRA de Smoking Paper"},"content":{"rendered":"","protected":false},"excerpt":{"rendered":"<p>Pon el toque de distinci\u00f3n a tus looks con nuestra ri\u00f1onera unisex de color negro con dise\u00f1o Classic Smoking. Cinta regulable y cremallera para que lleves con la mayor comodidad tus imprescindibles al salir de casa.<\/p>\n","protected":false},"featured_media":3148,"template":"","meta":{"_acf_changed":false,"inline_featured_image":false},"product_brand":[],"product_cat":[453],"product_tag":[],"class_list":{"0":"post-2967","1":"product","2":"type-product","3":"status-publish","4":"has-post-thumbnail","6":"product_cat-apparel","8":"first","9":"instock","10":"shipping-taxable","11":"product-type-simple"},"acf":[],"yoast_head":"<!-- This site is optimized with the Yoast SEO plugin v26.2 - https:\/\/yoast.com\/wordpress\/plugins\/seo\/ -->\n<title>Ri\u00f1onera negra | Smoking Paper<\/title>\n<meta name=\"description\" content=\"Pon el toque de distinci\u00f3n a tus looks con nuestra ri\u00f1onera unisex de color negro con dise\u00f1o Classic Smoking. Con cinto regulable y cremallera. \u00bfA qu\u00e9 est\u00e1s esperando?\" \/>\n<meta name=\"robots\" content=\"index, follow, max-snippet:-1, max-image-preview:large, max-video-preview:-1\" \/>\n<link rel=\"canonical\" href=\"https:\/\/www.smokingpaper.com\/es\/producto\/rinonera-negra\/\" \/>\n<meta property=\"og:locale\" content=\"es_ES\" \/>\n<meta property=\"og:type\" content=\"article\" \/>\n<meta property=\"og:title\" content=\"Ri\u00f1onera negra | Smoking Paper\" \/>\n<meta property=\"og:description\" content=\"Pon el toque de distinci\u00f3n a tus looks con nuestra ri\u00f1onera unisex de color negro con dise\u00f1o Classic Smoking. Con cinto regulable y cremallera. \u00bfA qu\u00e9 est\u00e1s esperando?\" \/>\n<meta property=\"og:url\" content=\"https:\/\/www.smokingpaper.com\/es\/producto\/rinonera-negra\/\" \/>\n<meta property=\"og:site_name\" content=\"Smoking\" \/>\n<meta property=\"article:modified_time\" content=\"2024-12-16T15:45:42+00:00\" \/>\n<meta property=\"og:image\" content=\"https:\/\/www.smokingpaper.com\/wp-content\/uploads\/2022\/02\/black-bag-front-boy3-min-scaled.jpg\" \/>\n\t<meta property=\"og:image:width\" content=\"1707\" \/>\n\t<meta property=\"og:image:height\" content=\"2560\" \/>\n\t<meta property=\"og:image:type\" content=\"image\/jpeg\" \/>\n<meta name=\"twitter:card\" content=\"summary_large_image\" \/>\n<!-- \/ Yoast SEO plugin. -->","yoast_head_json":{"title":"Ri\u00f1onera negra | Smoking Paper","description":"Pon el toque de distinci\u00f3n a tus looks con nuestra ri\u00f1onera unisex de color negro con dise\u00f1o Classic Smoking. Con cinto regulable y cremallera. \u00bfA qu\u00e9 est\u00e1s esperando?","robots":{"index":"index","follow":"follow","max-snippet":"max-snippet:-1","max-image-preview":"max-image-preview:large","max-video-preview":"max-video-preview:-1"},"canonical":"https:\/\/www.smokingpaper.com\/es\/producto\/rinonera-negra\/","og_locale":"es_ES","og_type":"article","og_title":"Ri\u00f1onera negra | Smoking Paper","og_description":"Pon el toque de distinci\u00f3n a tus looks con nuestra ri\u00f1onera unisex de color negro con dise\u00f1o Classic Smoking. Con cinto regulable y cremallera. \u00bfA qu\u00e9 est\u00e1s esperando?","og_url":"https:\/\/www.smokingpaper.com\/es\/producto\/rinonera-negra\/","og_site_name":"Smoking","article_modified_time":"2024-12-16T15:45:42+00:00","og_image":[{"width":1707,"height":2560,"url":"https:\/\/www.smokingpaper.com\/wp-content\/uploads\/2022\/02\/black-bag-front-boy3-min-scaled.jpg","type":"image\/jpeg"}],"twitter_card":"summary_large_image","schema":{"@context":"https:\/\/schema.org","@graph":[{"@type":"BreadcrumbList","@id":"https:\/\/www.smokingpaper.com\/es\/producto\/rinonera-negra\/#breadcrumb","itemListElement":[{"@type":"ListItem","position":1,"name":"Home","item":"https:\/\/www.smokingpaper.com\/es\/"},{"@type":"ListItem","position":2,"name":"Productos","item":"https:\/\/www.smokingpaper.com\/es\/shop\/"},{"@type":"ListItem","position":3,"name":"Apparel","item":"https:\/\/www.smokingpaper.com\/es\/productos\/apparel\/"},{"@type":"ListItem","position":4,"name":"RI\u00d1ONERA NEGRA de Smoking Paper"}]}]}},"_links":{"self":[{"href":"https:\/\/www.smokingpaper.com\/es\/wp-json\/wp\/v2\/product\/2967","targetHints":{"allow":["GET"]}}],"collection":[{"href":"https:\/\/www.smokingpaper.com\/es\/wp-json\/wp\/v2\/product"}],"about":[{"href":"https:\/\/www.smokingpaper.com\/es\/wp-json\/wp\/v2\/types\/product"}],"wp:featuredmedia":[{"embeddable":true,"href":"https:\/\/www.smokingpaper.com\/es\/wp-json\/wp\/v2\/media\/3148"}],"wp:attachment":[{"href":"https:\/\/www.smokingpaper.com\/es\/wp-json\/wp\/v2\/media?parent=2967"}],"wp:term":[{"taxonomy":"product_brand","embeddable":true,"href":"https:\/\/www.smokingpaper.com\/es\/wp-json\/wp\/v2\/product_brand?post=2967"},{"taxonomy":"product_cat","embeddable":true,"href":"https:\/\/www.smokingpaper.com\/es\/wp-json\/wp\/v2\/product_cat?post=2967"},{"taxonomy":"product_tag","embeddable":true,"href":"https:\/\/www.smokingpaper.com\/es\/wp-json\/wp\/v2\/product_tag?post=2967"}],"curies":[{"name":"wp","href":"https:\/\/api.w.org\/{rel}","templated":true}]}}