{"id":2958,"date":"2022-02-04T11:35:25","date_gmt":"2022-02-04T10:35:25","guid":{"rendered":"https:\/\/www.smokingpaper.com\/?post_type=product&#038;p=2958"},"modified":"2024-12-16T17:47:23","modified_gmt":"2024-12-16T16:47:23","slug":"gorro-s-style","status":"publish","type":"product","link":"https:\/\/www.smokingpaper.com\/es\/producto\/gorro-s-style\/","title":{"rendered":"GORRO ROJO S-STYLE"},"content":{"rendered":"","protected":false},"excerpt":{"rendered":"<p>Gorro de punto con el logo de Smoking bordado en la parte delantera y etiqueta cosida en la parte trasera. En color rojo para darle color al invierno y protegerte del fr\u00edo con estilo. La tela es el\u00e1stica y dise\u00f1ada para un ajuste a medida.<\/p>\n","protected":false},"featured_media":3194,"template":"","meta":{"_acf_changed":false,"inline_featured_image":false},"product_brand":[],"product_cat":[453],"product_tag":[],"class_list":{"0":"post-2958","1":"product","2":"type-product","3":"status-publish","4":"has-post-thumbnail","6":"product_cat-apparel","8":"first","9":"instock","10":"shipping-taxable","11":"product-type-simple"},"acf":[],"yoast_head":"<!-- This site is optimized with the Yoast SEO plugin v26.2 - https:\/\/yoast.com\/wordpress\/plugins\/seo\/ -->\n<title>Gorro rojo S-Style | Smoking Paper Apparel<\/title>\n<meta name=\"description\" content=\"Gorro de punto con el logo de Smoking bordado en la parte delantera y etiqueta cosida en la parte trasera en color rojo. \u00a1Abr\u00edgate durante las \u00e9pocas de fr\u00edo!\" \/>\n<meta name=\"robots\" content=\"index, follow, max-snippet:-1, max-image-preview:large, max-video-preview:-1\" \/>\n<link rel=\"canonical\" href=\"https:\/\/www.smokingpaper.com\/es\/producto\/gorro-s-style\/\" \/>\n<meta property=\"og:locale\" content=\"es_ES\" \/>\n<meta property=\"og:type\" content=\"article\" \/>\n<meta property=\"og:title\" content=\"Gorro rojo S-Style | Smoking Paper Apparel\" \/>\n<meta property=\"og:description\" content=\"Gorro de punto con el logo de Smoking bordado en la parte delantera y etiqueta cosida en la parte trasera en color rojo. \u00a1Abr\u00edgate durante las \u00e9pocas de fr\u00edo!\" \/>\n<meta property=\"og:url\" content=\"https:\/\/www.smokingpaper.com\/es\/producto\/gorro-s-style\/\" \/>\n<meta property=\"og:site_name\" content=\"Smoking\" \/>\n<meta property=\"article:modified_time\" content=\"2024-12-16T16:47:23+00:00\" \/>\n<meta property=\"og:image\" content=\"https:\/\/www.smokingpaper.com\/wp-content\/uploads\/2022\/02\/Gorro03.jpeg\" \/>\n\t<meta property=\"og:image:width\" content=\"1000\" \/>\n\t<meta property=\"og:image:height\" content=\"1280\" \/>\n\t<meta property=\"og:image:type\" content=\"image\/jpeg\" \/>\n<meta name=\"twitter:card\" content=\"summary_large_image\" \/>\n<!-- \/ Yoast SEO plugin. -->","yoast_head_json":{"title":"Gorro rojo S-Style | Smoking Paper Apparel","description":"Gorro de punto con el logo de Smoking bordado en la parte delantera y etiqueta cosida en la parte trasera en color rojo. \u00a1Abr\u00edgate durante las \u00e9pocas de fr\u00edo!","robots":{"index":"index","follow":"follow","max-snippet":"max-snippet:-1","max-image-preview":"max-image-preview:large","max-video-preview":"max-video-preview:-1"},"canonical":"https:\/\/www.smokingpaper.com\/es\/producto\/gorro-s-style\/","og_locale":"es_ES","og_type":"article","og_title":"Gorro rojo S-Style | Smoking Paper Apparel","og_description":"Gorro de punto con el logo de Smoking bordado en la parte delantera y etiqueta cosida en la parte trasera en color rojo. \u00a1Abr\u00edgate durante las \u00e9pocas de fr\u00edo!","og_url":"https:\/\/www.smokingpaper.com\/es\/producto\/gorro-s-style\/","og_site_name":"Smoking","article_modified_time":"2024-12-16T16:47:23+00:00","og_image":[{"width":1000,"height":1280,"url":"https:\/\/www.smokingpaper.com\/wp-content\/uploads\/2022\/02\/Gorro03.jpeg","type":"image\/jpeg"}],"twitter_card":"summary_large_image","schema":{"@context":"https:\/\/schema.org","@graph":[{"@type":"BreadcrumbList","@id":"https:\/\/www.smokingpaper.com\/es\/producto\/gorro-s-style\/#breadcrumb","itemListElement":[{"@type":"ListItem","position":1,"name":"Home","item":"https:\/\/www.smokingpaper.com\/es\/"},{"@type":"ListItem","position":2,"name":"Productos","item":"https:\/\/www.smokingpaper.com\/es\/shop\/"},{"@type":"ListItem","position":3,"name":"Apparel","item":"https:\/\/www.smokingpaper.com\/es\/productos\/apparel\/"},{"@type":"ListItem","position":4,"name":"GORRO ROJO S-STYLE"}]}]}},"_links":{"self":[{"href":"https:\/\/www.smokingpaper.com\/es\/wp-json\/wp\/v2\/product\/2958","targetHints":{"allow":["GET"]}}],"collection":[{"href":"https:\/\/www.smokingpaper.com\/es\/wp-json\/wp\/v2\/product"}],"about":[{"href":"https:\/\/www.smokingpaper.com\/es\/wp-json\/wp\/v2\/types\/product"}],"wp:featuredmedia":[{"embeddable":true,"href":"https:\/\/www.smokingpaper.com\/es\/wp-json\/wp\/v2\/media\/3194"}],"wp:attachment":[{"href":"https:\/\/www.smokingpaper.com\/es\/wp-json\/wp\/v2\/media?parent=2958"}],"wp:term":[{"taxonomy":"product_brand","embeddable":true,"href":"https:\/\/www.smokingpaper.com\/es\/wp-json\/wp\/v2\/product_brand?post=2958"},{"taxonomy":"product_cat","embeddable":true,"href":"https:\/\/www.smokingpaper.com\/es\/wp-json\/wp\/v2\/product_cat?post=2958"},{"taxonomy":"product_tag","embeddable":true,"href":"https:\/\/www.smokingpaper.com\/es\/wp-json\/wp\/v2\/product_tag?post=2958"}],"curies":[{"name":"wp","href":"https:\/\/api.w.org\/{rel}","templated":true}]}}