{"id":2954,"date":"2022-02-04T11:24:25","date_gmt":"2022-02-04T10:24:25","guid":{"rendered":"https:\/\/www.smokingpaper.com\/?post_type=product&#038;p=2954"},"modified":"2024-12-16T16:35:39","modified_gmt":"2024-12-16T15:35:39","slug":"sudadera-s-style","status":"publish","type":"product","link":"https:\/\/www.smokingpaper.com\/es\/producto\/sudadera-s-style\/","title":{"rendered":"SUDADERA CON CAPUCHA S-STYLE"},"content":{"rendered":"","protected":false},"excerpt":{"rendered":"<p>Sudadera con capucha unisex y en color rojo. Suave, confortable y vers\u00e1til, ideal para las tardes de apalanque y las aventuras m\u00e1s improvisadas. Dise\u00f1o minimalista del logo de Smoking oversize impreso en la parte delantera y logo Smoking bordado en la manga. Alto cuidado en los detalles de los pu\u00f1os y dobladillo de canal\u00e9 y bolsillo tipo canguro. Consigue tu sudadera de Smoking Paper y marca tendencia.<\/p>\n","protected":false},"featured_media":3161,"template":"","meta":{"_acf_changed":false,"inline_featured_image":false},"product_brand":[],"product_cat":[453],"product_tag":[],"class_list":{"0":"post-2954","1":"product","2":"type-product","3":"status-publish","4":"has-post-thumbnail","6":"product_cat-apparel","8":"first","9":"instock","10":"shipping-taxable","11":"product-type-simple"},"acf":[],"yoast_head":"<!-- This site is optimized with the Yoast SEO plugin v26.2 - https:\/\/yoast.com\/wordpress\/plugins\/seo\/ -->\n<title>Sudadera con capucha S-Style | Smoking Paper<\/title>\n<meta name=\"description\" content=\"Sudadera con capucha unisex y en color rojo. Suave, confortable y vers\u00e1til, ideal para las tardes de apalanque. \u00a1Consigue tu sudadera de Smoking Paper!\" \/>\n<meta name=\"robots\" content=\"index, follow, max-snippet:-1, max-image-preview:large, max-video-preview:-1\" \/>\n<link rel=\"canonical\" href=\"https:\/\/www.smokingpaper.com\/es\/producto\/sudadera-s-style\/\" \/>\n<meta property=\"og:locale\" content=\"es_ES\" \/>\n<meta property=\"og:type\" content=\"article\" \/>\n<meta property=\"og:title\" content=\"Sudadera con capucha S-Style | Smoking Paper\" \/>\n<meta property=\"og:description\" content=\"Sudadera con capucha unisex y en color rojo. Suave, confortable y vers\u00e1til, ideal para las tardes de apalanque. \u00a1Consigue tu sudadera de Smoking Paper!\" \/>\n<meta property=\"og:url\" content=\"https:\/\/www.smokingpaper.com\/es\/producto\/sudadera-s-style\/\" \/>\n<meta property=\"og:site_name\" content=\"Smoking\" \/>\n<meta property=\"article:modified_time\" content=\"2024-12-16T15:35:39+00:00\" \/>\n<meta property=\"og:image\" content=\"https:\/\/www.smokingpaper.com\/wp-content\/uploads\/2022\/02\/Poster_FRONT_hoody-sweater-boy-min-scaled.jpg\" \/>\n\t<meta property=\"og:image:width\" content=\"1707\" \/>\n\t<meta property=\"og:image:height\" content=\"2560\" \/>\n\t<meta property=\"og:image:type\" content=\"image\/jpeg\" \/>\n<meta name=\"twitter:card\" content=\"summary_large_image\" \/>\n<!-- \/ Yoast SEO plugin. -->","yoast_head_json":{"title":"Sudadera con capucha S-Style | Smoking Paper","description":"Sudadera con capucha unisex y en color rojo. Suave, confortable y vers\u00e1til, ideal para las tardes de apalanque. \u00a1Consigue tu sudadera de Smoking Paper!","robots":{"index":"index","follow":"follow","max-snippet":"max-snippet:-1","max-image-preview":"max-image-preview:large","max-video-preview":"max-video-preview:-1"},"canonical":"https:\/\/www.smokingpaper.com\/es\/producto\/sudadera-s-style\/","og_locale":"es_ES","og_type":"article","og_title":"Sudadera con capucha S-Style | Smoking Paper","og_description":"Sudadera con capucha unisex y en color rojo. Suave, confortable y vers\u00e1til, ideal para las tardes de apalanque. \u00a1Consigue tu sudadera de Smoking Paper!","og_url":"https:\/\/www.smokingpaper.com\/es\/producto\/sudadera-s-style\/","og_site_name":"Smoking","article_modified_time":"2024-12-16T15:35:39+00:00","og_image":[{"width":1707,"height":2560,"url":"https:\/\/www.smokingpaper.com\/wp-content\/uploads\/2022\/02\/Poster_FRONT_hoody-sweater-boy-min-scaled.jpg","type":"image\/jpeg"}],"twitter_card":"summary_large_image","schema":{"@context":"https:\/\/schema.org","@graph":[{"@type":"BreadcrumbList","@id":"https:\/\/www.smokingpaper.com\/es\/producto\/sudadera-s-style\/#breadcrumb","itemListElement":[{"@type":"ListItem","position":1,"name":"Home","item":"https:\/\/www.smokingpaper.com\/es\/"},{"@type":"ListItem","position":2,"name":"Productos","item":"https:\/\/www.smokingpaper.com\/es\/shop\/"},{"@type":"ListItem","position":3,"name":"Apparel","item":"https:\/\/www.smokingpaper.com\/es\/productos\/apparel\/"},{"@type":"ListItem","position":4,"name":"SUDADERA CON CAPUCHA S-STYLE"}]}]}},"_links":{"self":[{"href":"https:\/\/www.smokingpaper.com\/es\/wp-json\/wp\/v2\/product\/2954","targetHints":{"allow":["GET"]}}],"collection":[{"href":"https:\/\/www.smokingpaper.com\/es\/wp-json\/wp\/v2\/product"}],"about":[{"href":"https:\/\/www.smokingpaper.com\/es\/wp-json\/wp\/v2\/types\/product"}],"wp:featuredmedia":[{"embeddable":true,"href":"https:\/\/www.smokingpaper.com\/es\/wp-json\/wp\/v2\/media\/3161"}],"wp:attachment":[{"href":"https:\/\/www.smokingpaper.com\/es\/wp-json\/wp\/v2\/media?parent=2954"}],"wp:term":[{"taxonomy":"product_brand","embeddable":true,"href":"https:\/\/www.smokingpaper.com\/es\/wp-json\/wp\/v2\/product_brand?post=2954"},{"taxonomy":"product_cat","embeddable":true,"href":"https:\/\/www.smokingpaper.com\/es\/wp-json\/wp\/v2\/product_cat?post=2954"},{"taxonomy":"product_tag","embeddable":true,"href":"https:\/\/www.smokingpaper.com\/es\/wp-json\/wp\/v2\/product_tag?post=2954"}],"curies":[{"name":"wp","href":"https:\/\/api.w.org\/{rel}","templated":true}]}}