{"id":2951,"date":"2022-02-04T11:22:23","date_gmt":"2022-02-04T10:22:23","guid":{"rendered":"https:\/\/www.smokingpaper.com\/?post_type=product&#038;p=2951"},"modified":"2024-12-17T15:37:46","modified_gmt":"2024-12-17T14:37:46","slug":"camiseta-surf","status":"publish","type":"product","link":"https:\/\/www.smokingpaper.com\/es\/producto\/camiseta-surf\/","title":{"rendered":"CAMISETA AZUL MARINO SURF"},"content":{"rendered":"","protected":false},"excerpt":{"rendered":"<p>Camiseta 100% algod\u00f3n org\u00e1nico de g\u00e9nero neutro en azul marino. Ajuste holgado para darte la libertad de movimiento que necesitas. Dise\u00f1o oversize impreso en la espalda y dise\u00f1o minimalista del logotipo de Smoking en la parte delantera en la versi\u00f3n de surf. Ideal para los d\u00edas calurosos y las noches de verano.<\/p>\n","protected":false},"featured_media":3164,"template":"","meta":{"_acf_changed":false,"inline_featured_image":false},"product_brand":[],"product_cat":[453],"product_tag":[],"class_list":{"0":"post-2951","1":"product","2":"type-product","3":"status-publish","4":"has-post-thumbnail","6":"product_cat-apparel","8":"first","9":"instock","10":"shipping-taxable","11":"product-type-simple"},"acf":[],"yoast_head":"<!-- This site is optimized with the Yoast SEO plugin v26.2 - https:\/\/yoast.com\/wordpress\/plugins\/seo\/ -->\n<title>Camiseta Azul Marino Surf | Smoking Paper Apparel<\/title>\n<meta name=\"description\" content=\"Compra ahora la camiseta de manga corta de Smoking Paper. Presenta un dise\u00f1o minimalista del logo Smoking en su versi\u00f3n surf por delante y por detr\u00e1s.\" \/>\n<meta name=\"robots\" content=\"index, follow, max-snippet:-1, max-image-preview:large, max-video-preview:-1\" \/>\n<link rel=\"canonical\" href=\"https:\/\/www.smokingpaper.com\/es\/producto\/camiseta-surf\/\" \/>\n<meta property=\"og:locale\" content=\"es_ES\" \/>\n<meta property=\"og:type\" content=\"article\" \/>\n<meta property=\"og:title\" content=\"Camiseta Azul Marino Surf | Smoking Paper Apparel\" \/>\n<meta property=\"og:description\" content=\"Compra ahora la camiseta de manga corta de Smoking Paper. Presenta un dise\u00f1o minimalista del logo Smoking en su versi\u00f3n surf por delante y por detr\u00e1s.\" \/>\n<meta property=\"og:url\" content=\"https:\/\/www.smokingpaper.com\/es\/producto\/camiseta-surf\/\" \/>\n<meta property=\"og:site_name\" content=\"Smoking\" \/>\n<meta property=\"article:modified_time\" content=\"2024-12-17T14:37:46+00:00\" \/>\n<meta property=\"og:image\" content=\"https:\/\/www.smokingpaper.com\/wp-content\/uploads\/2022\/02\/tshirt-surf_back2-min-scaled.jpg\" \/>\n\t<meta property=\"og:image:width\" content=\"1707\" \/>\n\t<meta property=\"og:image:height\" content=\"2560\" \/>\n\t<meta property=\"og:image:type\" content=\"image\/jpeg\" \/>\n<meta name=\"twitter:card\" content=\"summary_large_image\" \/>\n<!-- \/ Yoast SEO plugin. -->","yoast_head_json":{"title":"Camiseta Azul Marino Surf | Smoking Paper Apparel","description":"Compra ahora la camiseta de manga corta de Smoking Paper. Presenta un dise\u00f1o minimalista del logo Smoking en su versi\u00f3n surf por delante y por detr\u00e1s.","robots":{"index":"index","follow":"follow","max-snippet":"max-snippet:-1","max-image-preview":"max-image-preview:large","max-video-preview":"max-video-preview:-1"},"canonical":"https:\/\/www.smokingpaper.com\/es\/producto\/camiseta-surf\/","og_locale":"es_ES","og_type":"article","og_title":"Camiseta Azul Marino Surf | Smoking Paper Apparel","og_description":"Compra ahora la camiseta de manga corta de Smoking Paper. Presenta un dise\u00f1o minimalista del logo Smoking en su versi\u00f3n surf por delante y por detr\u00e1s.","og_url":"https:\/\/www.smokingpaper.com\/es\/producto\/camiseta-surf\/","og_site_name":"Smoking","article_modified_time":"2024-12-17T14:37:46+00:00","og_image":[{"width":1707,"height":2560,"url":"https:\/\/www.smokingpaper.com\/wp-content\/uploads\/2022\/02\/tshirt-surf_back2-min-scaled.jpg","type":"image\/jpeg"}],"twitter_card":"summary_large_image","schema":{"@context":"https:\/\/schema.org","@graph":[{"@type":"BreadcrumbList","@id":"https:\/\/www.smokingpaper.com\/es\/producto\/camiseta-surf\/#breadcrumb","itemListElement":[{"@type":"ListItem","position":1,"name":"Home","item":"https:\/\/www.smokingpaper.com\/es\/"},{"@type":"ListItem","position":2,"name":"Productos","item":"https:\/\/www.smokingpaper.com\/es\/shop\/"},{"@type":"ListItem","position":3,"name":"Apparel","item":"https:\/\/www.smokingpaper.com\/es\/productos\/apparel\/"},{"@type":"ListItem","position":4,"name":"CAMISETA AZUL MARINO SURF"}]}]}},"_links":{"self":[{"href":"https:\/\/www.smokingpaper.com\/es\/wp-json\/wp\/v2\/product\/2951","targetHints":{"allow":["GET"]}}],"collection":[{"href":"https:\/\/www.smokingpaper.com\/es\/wp-json\/wp\/v2\/product"}],"about":[{"href":"https:\/\/www.smokingpaper.com\/es\/wp-json\/wp\/v2\/types\/product"}],"wp:featuredmedia":[{"embeddable":true,"href":"https:\/\/www.smokingpaper.com\/es\/wp-json\/wp\/v2\/media\/3164"}],"wp:attachment":[{"href":"https:\/\/www.smokingpaper.com\/es\/wp-json\/wp\/v2\/media?parent=2951"}],"wp:term":[{"taxonomy":"product_brand","embeddable":true,"href":"https:\/\/www.smokingpaper.com\/es\/wp-json\/wp\/v2\/product_brand?post=2951"},{"taxonomy":"product_cat","embeddable":true,"href":"https:\/\/www.smokingpaper.com\/es\/wp-json\/wp\/v2\/product_cat?post=2951"},{"taxonomy":"product_tag","embeddable":true,"href":"https:\/\/www.smokingpaper.com\/es\/wp-json\/wp\/v2\/product_tag?post=2951"}],"curies":[{"name":"wp","href":"https:\/\/api.w.org\/{rel}","templated":true}]}}