{"id":2944,"date":"2022-02-04T11:19:03","date_gmt":"2022-02-04T10:19:03","guid":{"rendered":"https:\/\/www.smokingpaper.com\/?post_type=product&#038;p=2944"},"modified":"2024-12-17T15:05:36","modified_gmt":"2024-12-17T14:05:36","slug":"sudadera-skater","status":"publish","type":"product","link":"https:\/\/www.smokingpaper.com\/es\/producto\/sudadera-skater\/","title":{"rendered":"SUDADERA BLANCA- ESTILO SKATER"},"content":{"rendered":"","protected":false},"excerpt":{"rendered":"<p>Sudadera sin capucha de corte cl\u00e1sico fabricada con un 80% de algod\u00f3n org\u00e1nico y un 20% de poli\u00e9ster reciclado, unisex y en color blanco. El estilo nunca ha estado re\u00f1ido con la sostenibilidad. Suave y c\u00f3moda para llevar con tus accesorios favoritos. Presenta un dise\u00f1o estampado de gran tama\u00f1o en la espalda y un dise\u00f1o minimalista de Smoking logo skater en la parte delantera.<\/p>\n","protected":false},"featured_media":3173,"template":"","meta":{"_acf_changed":false,"inline_featured_image":false},"product_brand":[],"product_cat":[453],"product_tag":[],"class_list":{"0":"post-2944","1":"product","2":"type-product","3":"status-publish","4":"has-post-thumbnail","6":"product_cat-apparel","8":"first","9":"instock","10":"shipping-taxable","11":"product-type-simple"},"acf":[],"yoast_head":"<!-- This site is optimized with the Yoast SEO plugin v26.2 - https:\/\/yoast.com\/wordpress\/plugins\/seo\/ -->\n<title>Sudadera blanca sin capucha - Estilo Skater | Smoking Paper<\/title>\n<meta name=\"description\" content=\"Compra ahora la sudadera de corte cl\u00e1sico compuesta por 80% de algod\u00f3n org\u00e1nico y 20% de poli\u00e9ster reciclado, de g\u00e9nero neutro y en color blanco. \u00a1Estilo urbano!\" \/>\n<meta name=\"robots\" content=\"index, follow, max-snippet:-1, max-image-preview:large, max-video-preview:-1\" \/>\n<link rel=\"canonical\" href=\"https:\/\/www.smokingpaper.com\/es\/producto\/sudadera-skater\/\" \/>\n<meta property=\"og:locale\" content=\"es_ES\" \/>\n<meta property=\"og:type\" content=\"article\" \/>\n<meta property=\"og:title\" content=\"Sudadera blanca sin capucha - Estilo Skater | Smoking Paper\" \/>\n<meta property=\"og:description\" content=\"Compra ahora la sudadera de corte cl\u00e1sico compuesta por 80% de algod\u00f3n org\u00e1nico y 20% de poli\u00e9ster reciclado, de g\u00e9nero neutro y en color blanco. \u00a1Estilo urbano!\" \/>\n<meta property=\"og:url\" content=\"https:\/\/www.smokingpaper.com\/es\/producto\/sudadera-skater\/\" \/>\n<meta property=\"og:site_name\" content=\"Smoking\" \/>\n<meta property=\"article:modified_time\" content=\"2024-12-17T14:05:36+00:00\" \/>\n<meta property=\"og:image\" content=\"https:\/\/www.smokingpaper.com\/wp-content\/uploads\/2022\/02\/Poster_skater-sweater_back_girl-min-scaled.jpg\" \/>\n\t<meta property=\"og:image:width\" content=\"1707\" \/>\n\t<meta property=\"og:image:height\" content=\"2560\" \/>\n\t<meta property=\"og:image:type\" content=\"image\/jpeg\" \/>\n<meta name=\"twitter:card\" content=\"summary_large_image\" \/>\n<!-- \/ Yoast SEO plugin. -->","yoast_head_json":{"title":"Sudadera blanca sin capucha - Estilo Skater | Smoking Paper","description":"Compra ahora la sudadera de corte cl\u00e1sico compuesta por 80% de algod\u00f3n org\u00e1nico y 20% de poli\u00e9ster reciclado, de g\u00e9nero neutro y en color blanco. \u00a1Estilo urbano!","robots":{"index":"index","follow":"follow","max-snippet":"max-snippet:-1","max-image-preview":"max-image-preview:large","max-video-preview":"max-video-preview:-1"},"canonical":"https:\/\/www.smokingpaper.com\/es\/producto\/sudadera-skater\/","og_locale":"es_ES","og_type":"article","og_title":"Sudadera blanca sin capucha - Estilo Skater | Smoking Paper","og_description":"Compra ahora la sudadera de corte cl\u00e1sico compuesta por 80% de algod\u00f3n org\u00e1nico y 20% de poli\u00e9ster reciclado, de g\u00e9nero neutro y en color blanco. \u00a1Estilo urbano!","og_url":"https:\/\/www.smokingpaper.com\/es\/producto\/sudadera-skater\/","og_site_name":"Smoking","article_modified_time":"2024-12-17T14:05:36+00:00","og_image":[{"width":1707,"height":2560,"url":"https:\/\/www.smokingpaper.com\/wp-content\/uploads\/2022\/02\/Poster_skater-sweater_back_girl-min-scaled.jpg","type":"image\/jpeg"}],"twitter_card":"summary_large_image","schema":{"@context":"https:\/\/schema.org","@graph":[{"@type":"BreadcrumbList","@id":"https:\/\/www.smokingpaper.com\/es\/producto\/sudadera-skater\/#breadcrumb","itemListElement":[{"@type":"ListItem","position":1,"name":"Home","item":"https:\/\/www.smokingpaper.com\/es\/"},{"@type":"ListItem","position":2,"name":"Productos","item":"https:\/\/www.smokingpaper.com\/es\/shop\/"},{"@type":"ListItem","position":3,"name":"Apparel","item":"https:\/\/www.smokingpaper.com\/es\/productos\/apparel\/"},{"@type":"ListItem","position":4,"name":"SUDADERA BLANCA- ESTILO SKATER"}]}]}},"_links":{"self":[{"href":"https:\/\/www.smokingpaper.com\/es\/wp-json\/wp\/v2\/product\/2944","targetHints":{"allow":["GET"]}}],"collection":[{"href":"https:\/\/www.smokingpaper.com\/es\/wp-json\/wp\/v2\/product"}],"about":[{"href":"https:\/\/www.smokingpaper.com\/es\/wp-json\/wp\/v2\/types\/product"}],"wp:featuredmedia":[{"embeddable":true,"href":"https:\/\/www.smokingpaper.com\/es\/wp-json\/wp\/v2\/media\/3173"}],"wp:attachment":[{"href":"https:\/\/www.smokingpaper.com\/es\/wp-json\/wp\/v2\/media?parent=2944"}],"wp:term":[{"taxonomy":"product_brand","embeddable":true,"href":"https:\/\/www.smokingpaper.com\/es\/wp-json\/wp\/v2\/product_brand?post=2944"},{"taxonomy":"product_cat","embeddable":true,"href":"https:\/\/www.smokingpaper.com\/es\/wp-json\/wp\/v2\/product_cat?post=2944"},{"taxonomy":"product_tag","embeddable":true,"href":"https:\/\/www.smokingpaper.com\/es\/wp-json\/wp\/v2\/product_tag?post=2944"}],"curies":[{"name":"wp","href":"https:\/\/api.w.org\/{rel}","templated":true}]}}