{"id":2239,"date":"2022-01-04T09:17:39","date_gmt":"2022-01-04T08:17:39","guid":{"rendered":"https:\/\/www.smokingpaper.com\/brown-classic-regular-cut-corner\/"},"modified":"2023-12-29T19:18:57","modified_gmt":"2023-12-29T18:18:57","slug":"brown-classic-regular-cut-corner","status":"publish","type":"product","link":"https:\/\/www.smokingpaper.com\/es\/producto\/brown-classic-regular-cut-corner\/","title":{"rendered":"Brown Classic Regular Cut Corner"},"content":{"rendered":"","protected":false},"excerpt":{"rendered":"<p><span data-sheets-value=\"{&quot;1&quot;:2,&quot;2&quot;:&quot;Smoking Brown Regular es un papel sin blanquear, sin colorantes ni aditivos. Este pack cuenta con 60 hojas de 69\u00d737 mm por librito. Se trata de un papel algo m\u00e1s grueso que otros del mercado (19 g\/m2) pero capaz de ofrecer una combusti\u00f3n m\u00e1s lenta y m\u00e1s natural. Est\u00e1 fabricado con goma 100% vegetal y no ha sido sometido a procesos qu\u00edmicos para ser blanqueado.&quot;}\" data-sheets-userformat=\"{&quot;2&quot;:7037,&quot;3&quot;:{&quot;1&quot;:0},&quot;5&quot;:{&quot;1&quot;:[{&quot;1&quot;:2,&quot;2&quot;:0,&quot;5&quot;:{&quot;1&quot;:2,&quot;2&quot;:0}},{&quot;1&quot;:0,&quot;2&quot;:0,&quot;3&quot;:3},{&quot;1&quot;:1,&quot;2&quot;:0,&quot;4&quot;:1}]},&quot;6&quot;:{&quot;1&quot;:[{&quot;1&quot;:2,&quot;2&quot;:0,&quot;5&quot;:{&quot;1&quot;:2,&quot;2&quot;:0}},{&quot;1&quot;:0,&quot;2&quot;:0,&quot;3&quot;:3},{&quot;1&quot;:1,&quot;2&quot;:0,&quot;4&quot;:1}]},&quot;7&quot;:{&quot;1&quot;:[{&quot;1&quot;:2,&quot;2&quot;:0,&quot;5&quot;:{&quot;1&quot;:2,&quot;2&quot;:0}},{&quot;1&quot;:0,&quot;2&quot;:0,&quot;3&quot;:3},{&quot;1&quot;:1,&quot;2&quot;:0,&quot;4&quot;:1}]},&quot;8&quot;:{&quot;1&quot;:[{&quot;1&quot;:2,&quot;2&quot;:0,&quot;5&quot;:{&quot;1&quot;:2,&quot;2&quot;:0}},{&quot;1&quot;:0,&quot;2&quot;:0,&quot;3&quot;:3},{&quot;1&quot;:1,&quot;2&quot;:0,&quot;4&quot;:1}]},&quot;9&quot;:0,&quot;11&quot;:4,&quot;12&quot;:0,&quot;14&quot;:{&quot;1&quot;:2,&quot;2&quot;:0},&quot;15&quot;:&quot;Arial&quot;}\">Brown Classic Regular Cut Corners es un papel sin blanquear, sin colorantes ni aditivos. Este pack cuenta con 60 hojas de 69\u00d737 mm por librito. Se trata de un papel algo m\u00e1s grueso que otros del mercado (19 g\/m2) pero capaz de ofrecer una combusti\u00f3n m\u00e1s lenta y m\u00e1s natural. Est\u00e1 fabricado con goma 100% vegetal y no ha sido sometido a procesos qu\u00edmicos para ser blanqueado.<\/span><\/p>\n","protected":false},"featured_media":2237,"template":"","meta":{"_acf_changed":false,"inline_featured_image":false},"product_brand":[],"product_cat":[67,68],"product_tag":[],"class_list":{"0":"post-2239","1":"product","2":"type-product","3":"status-publish","4":"has-post-thumbnail","6":"product_cat-papeles","7":"product_cat-regular","9":"first","10":"instock","11":"shipping-taxable","12":"product-type-simple"},"acf":[],"yoast_head":"<!-- This site is optimized with the Yoast SEO plugin v26.2 - https:\/\/yoast.com\/wordpress\/plugins\/seo\/ -->\n<title>Papel Brown Classic Regular Cut Corner | Smoking<\/title>\n<meta name=\"description\" content=\"Disfruta de la clase del papel Brown Classic Regular Cut Corner de Smoking. Con esquinas cortadas para un manejo f\u00e1cil. \u00a1Elige calidad, Elige Smoking! \u2705\" \/>\n<meta name=\"robots\" content=\"index, follow, max-snippet:-1, max-image-preview:large, max-video-preview:-1\" \/>\n<link rel=\"canonical\" href=\"https:\/\/www.smokingpaper.com\/es\/producto\/brown-classic-regular-cut-corner\/\" \/>\n<meta property=\"og:locale\" content=\"es_ES\" \/>\n<meta property=\"og:type\" content=\"article\" \/>\n<meta property=\"og:title\" content=\"Papel Brown Classic Regular Cut Corner | Smoking\" \/>\n<meta property=\"og:description\" content=\"Disfruta de la clase del papel Brown Classic Regular Cut Corner de Smoking. Con esquinas cortadas para un manejo f\u00e1cil. \u00a1Elige calidad, Elige Smoking! \u2705\" \/>\n<meta property=\"og:url\" content=\"https:\/\/www.smokingpaper.com\/es\/producto\/brown-classic-regular-cut-corner\/\" \/>\n<meta property=\"og:site_name\" content=\"Smoking\" \/>\n<meta property=\"article:modified_time\" content=\"2023-12-29T18:18:57+00:00\" \/>\n<meta property=\"og:image\" content=\"https:\/\/www.smokingpaper.com\/wp-content\/uploads\/2022\/01\/Nuevo_proyecto__48_-removebg-preview.png\" \/>\n\t<meta property=\"og:image:width\" content=\"667\" \/>\n\t<meta property=\"og:image:height\" content=\"374\" \/>\n\t<meta property=\"og:image:type\" content=\"image\/png\" \/>\n<meta name=\"twitter:card\" content=\"summary_large_image\" \/>\n<!-- \/ Yoast SEO plugin. -->","yoast_head_json":{"title":"Papel Brown Classic Regular Cut Corner | Smoking","description":"Disfruta de la clase del papel Brown Classic Regular Cut Corner de Smoking. Con esquinas cortadas para un manejo f\u00e1cil. \u00a1Elige calidad, Elige Smoking! \u2705","robots":{"index":"index","follow":"follow","max-snippet":"max-snippet:-1","max-image-preview":"max-image-preview:large","max-video-preview":"max-video-preview:-1"},"canonical":"https:\/\/www.smokingpaper.com\/es\/producto\/brown-classic-regular-cut-corner\/","og_locale":"es_ES","og_type":"article","og_title":"Papel Brown Classic Regular Cut Corner | Smoking","og_description":"Disfruta de la clase del papel Brown Classic Regular Cut Corner de Smoking. Con esquinas cortadas para un manejo f\u00e1cil. \u00a1Elige calidad, Elige Smoking! \u2705","og_url":"https:\/\/www.smokingpaper.com\/es\/producto\/brown-classic-regular-cut-corner\/","og_site_name":"Smoking","article_modified_time":"2023-12-29T18:18:57+00:00","og_image":[{"width":667,"height":374,"url":"https:\/\/www.smokingpaper.com\/wp-content\/uploads\/2022\/01\/Nuevo_proyecto__48_-removebg-preview.png","type":"image\/png"}],"twitter_card":"summary_large_image","schema":{"@context":"https:\/\/schema.org","@graph":[{"@type":"BreadcrumbList","@id":"https:\/\/www.smokingpaper.com\/es\/producto\/brown-classic-regular-cut-corner\/#breadcrumb","itemListElement":[{"@type":"ListItem","position":1,"name":"Home","item":"https:\/\/www.smokingpaper.com\/es\/"},{"@type":"ListItem","position":2,"name":"Productos","item":"https:\/\/www.smokingpaper.com\/es\/shop\/"},{"@type":"ListItem","position":3,"name":"Papel de liar","item":"https:\/\/www.smokingpaper.com\/es\/productos\/papeles\/"},{"@type":"ListItem","position":4,"name":"Brown Classic Regular Cut Corner"}]}]}},"_links":{"self":[{"href":"https:\/\/www.smokingpaper.com\/es\/wp-json\/wp\/v2\/product\/2239","targetHints":{"allow":["GET"]}}],"collection":[{"href":"https:\/\/www.smokingpaper.com\/es\/wp-json\/wp\/v2\/product"}],"about":[{"href":"https:\/\/www.smokingpaper.com\/es\/wp-json\/wp\/v2\/types\/product"}],"wp:featuredmedia":[{"embeddable":true,"href":"https:\/\/www.smokingpaper.com\/es\/wp-json\/wp\/v2\/media\/2237"}],"wp:attachment":[{"href":"https:\/\/www.smokingpaper.com\/es\/wp-json\/wp\/v2\/media?parent=2239"}],"wp:term":[{"taxonomy":"product_brand","embeddable":true,"href":"https:\/\/www.smokingpaper.com\/es\/wp-json\/wp\/v2\/product_brand?post=2239"},{"taxonomy":"product_cat","embeddable":true,"href":"https:\/\/www.smokingpaper.com\/es\/wp-json\/wp\/v2\/product_cat?post=2239"},{"taxonomy":"product_tag","embeddable":true,"href":"https:\/\/www.smokingpaper.com\/es\/wp-json\/wp\/v2\/product_tag?post=2239"}],"curies":[{"name":"wp","href":"https:\/\/api.w.org\/{rel}","templated":true}]}}