{"id":1402,"date":"2021-12-07T09:21:39","date_gmt":"2021-12-07T08:21:39","guid":{"rendered":"http:\/\/new.smokingpaper.com\/?post_type=product&#038;p=1402"},"modified":"2023-12-29T19:13:36","modified_gmt":"2023-12-29T18:13:36","slug":"brown-bloc","status":"publish","type":"product","link":"https:\/\/www.smokingpaper.com\/es\/producto\/brown-bloc\/","title":{"rendered":"Brown bloc regular"},"content":{"rendered":"","protected":false},"excerpt":{"rendered":"<p><span data-sheets-value=\"{&quot;1&quot;:2,&quot;2&quot;:&quot;Brown Bloc Regular es un librito de hojas de fumar en formato cl\u00e1sico espa\u00f1ol, ahora sin blanquear. Aprovecha las 200 hojas planas sin entrelazar, que se elaboran de una forma m\u00e1s sostenible con el medio ambiente. Un papel de 69 x 37 mm ultrafino (13 g\/m2), con filigranado Smoking\u00ae y de combusti\u00f3n lenta. Su certificaci\u00f3n FSC\u00ae garantiza que viene de bosques que preservan la Biodiversidad. Y su goma vegetal 100% natural te asegura con una sola pasada un pegado excelente.&quot;}\" data-sheets-userformat=\"{&quot;2&quot;:1319869,&quot;3&quot;:{&quot;1&quot;:0},&quot;5&quot;:{&quot;1&quot;:[{&quot;1&quot;:2,&quot;2&quot;:0,&quot;5&quot;:{&quot;1&quot;:2,&quot;2&quot;:0}},{&quot;1&quot;:0,&quot;2&quot;:0,&quot;3&quot;:3},{&quot;1&quot;:1,&quot;2&quot;:0,&quot;4&quot;:1}]},&quot;6&quot;:{&quot;1&quot;:[{&quot;1&quot;:2,&quot;2&quot;:0,&quot;5&quot;:{&quot;1&quot;:2,&quot;2&quot;:0}},{&quot;1&quot;:0,&quot;2&quot;:0,&quot;3&quot;:3},{&quot;1&quot;:1,&quot;2&quot;:0,&quot;4&quot;:1}]},&quot;7&quot;:{&quot;1&quot;:[{&quot;1&quot;:2,&quot;2&quot;:0,&quot;5&quot;:{&quot;1&quot;:2,&quot;2&quot;:0}},{&quot;1&quot;:0,&quot;2&quot;:0,&quot;3&quot;:3},{&quot;1&quot;:1,&quot;2&quot;:0,&quot;4&quot;:1}]},&quot;8&quot;:{&quot;1&quot;:[{&quot;1&quot;:2,&quot;2&quot;:0,&quot;5&quot;:{&quot;1&quot;:2,&quot;2&quot;:0}},{&quot;1&quot;:0,&quot;2&quot;:0,&quot;3&quot;:3},{&quot;1&quot;:1,&quot;2&quot;:0,&quot;4&quot;:1}]},&quot;10&quot;:1,&quot;11&quot;:4,&quot;12&quot;:0,&quot;16&quot;:10,&quot;21&quot;:0,&quot;23&quot;:2}\">Brown Bloc Regular es un librito de hojas de fumar en formato cl\u00e1sico espa\u00f1ol, ahora sin blanquear. Aprovecha las 200 hojas planas sin entrelazar, que se elaboran de una forma m\u00e1s sostenible con el medio ambiente. Un papel de 69 x 37 mm ultrafino (13 g\/m2), con filigranado Smoking\u00ae y de combusti\u00f3n lenta. Su certificaci\u00f3n FSC\u00ae garantiza que viene de bosques que preservan la Biodiversidad. Y su goma vegetal 100% natural te asegura con una sola pasada un pegado excelente.<\/span><\/p>\n","protected":false},"featured_media":4503,"template":"","meta":{"_acf_changed":false,"inline_featured_image":false},"product_brand":[],"product_cat":[67,68],"product_tag":[],"class_list":{"0":"post-1402","1":"product","2":"type-product","3":"status-publish","4":"has-post-thumbnail","6":"product_cat-papeles","7":"product_cat-regular","9":"first","10":"instock","11":"shipping-taxable","12":"product-type-simple"},"acf":[],"yoast_head":"<!-- This site is optimized with the Yoast SEO plugin v26.2 - https:\/\/yoast.com\/wordpress\/plugins\/seo\/ -->\n<title>Papel Regular Brown Bloc | Smoking Papel<\/title>\n<meta name=\"description\" content=\"Conoce el Papel de liar Brown Bloc de Smoking. Con su textura \u00fanica, este papel te brinda una experiencia de fumar inigualable. \u00a1Elige calidad, Elige Smoking!\" \/>\n<meta name=\"robots\" content=\"index, follow, max-snippet:-1, max-image-preview:large, max-video-preview:-1\" \/>\n<link rel=\"canonical\" href=\"https:\/\/www.smokingpaper.com\/es\/producto\/brown-bloc\/\" \/>\n<meta property=\"og:locale\" content=\"es_ES\" \/>\n<meta property=\"og:type\" content=\"article\" \/>\n<meta property=\"og:title\" content=\"Papel Regular Brown Bloc | Smoking Papel\" \/>\n<meta property=\"og:description\" content=\"Conoce el Papel de liar Brown Bloc de Smoking. Con su textura \u00fanica, este papel te brinda una experiencia de fumar inigualable. \u00a1Elige calidad, Elige Smoking!\" \/>\n<meta property=\"og:url\" content=\"https:\/\/www.smokingpaper.com\/es\/producto\/brown-bloc\/\" \/>\n<meta property=\"og:site_name\" content=\"Smoking\" \/>\n<meta property=\"article:modified_time\" content=\"2023-12-29T18:13:36+00:00\" \/>\n<meta property=\"og:image\" content=\"https:\/\/www.smokingpaper.com\/wp-content\/uploads\/2021\/12\/Blog-regular.png\" \/>\n\t<meta property=\"og:image:width\" content=\"667\" \/>\n\t<meta property=\"og:image:height\" content=\"364\" \/>\n\t<meta property=\"og:image:type\" content=\"image\/png\" \/>\n<meta name=\"twitter:card\" content=\"summary_large_image\" \/>\n<!-- \/ Yoast SEO plugin. -->","yoast_head_json":{"title":"Papel Regular Brown Bloc | Smoking Papel","description":"Conoce el Papel de liar Brown Bloc de Smoking. Con su textura \u00fanica, este papel te brinda una experiencia de fumar inigualable. \u00a1Elige calidad, Elige Smoking!","robots":{"index":"index","follow":"follow","max-snippet":"max-snippet:-1","max-image-preview":"max-image-preview:large","max-video-preview":"max-video-preview:-1"},"canonical":"https:\/\/www.smokingpaper.com\/es\/producto\/brown-bloc\/","og_locale":"es_ES","og_type":"article","og_title":"Papel Regular Brown Bloc | Smoking Papel","og_description":"Conoce el Papel de liar Brown Bloc de Smoking. Con su textura \u00fanica, este papel te brinda una experiencia de fumar inigualable. \u00a1Elige calidad, Elige Smoking!","og_url":"https:\/\/www.smokingpaper.com\/es\/producto\/brown-bloc\/","og_site_name":"Smoking","article_modified_time":"2023-12-29T18:13:36+00:00","og_image":[{"width":667,"height":364,"url":"https:\/\/www.smokingpaper.com\/wp-content\/uploads\/2021\/12\/Blog-regular.png","type":"image\/png"}],"twitter_card":"summary_large_image","schema":{"@context":"https:\/\/schema.org","@graph":[{"@type":"BreadcrumbList","@id":"https:\/\/www.smokingpaper.com\/es\/producto\/brown-bloc\/#breadcrumb","itemListElement":[{"@type":"ListItem","position":1,"name":"Home","item":"https:\/\/www.smokingpaper.com\/es\/"},{"@type":"ListItem","position":2,"name":"Productos","item":"https:\/\/www.smokingpaper.com\/es\/shop\/"},{"@type":"ListItem","position":3,"name":"Papel de liar","item":"https:\/\/www.smokingpaper.com\/es\/productos\/papeles\/"},{"@type":"ListItem","position":4,"name":"Brown bloc regular"}]}]}},"_links":{"self":[{"href":"https:\/\/www.smokingpaper.com\/es\/wp-json\/wp\/v2\/product\/1402","targetHints":{"allow":["GET"]}}],"collection":[{"href":"https:\/\/www.smokingpaper.com\/es\/wp-json\/wp\/v2\/product"}],"about":[{"href":"https:\/\/www.smokingpaper.com\/es\/wp-json\/wp\/v2\/types\/product"}],"wp:featuredmedia":[{"embeddable":true,"href":"https:\/\/www.smokingpaper.com\/es\/wp-json\/wp\/v2\/media\/4503"}],"wp:attachment":[{"href":"https:\/\/www.smokingpaper.com\/es\/wp-json\/wp\/v2\/media?parent=1402"}],"wp:term":[{"taxonomy":"product_brand","embeddable":true,"href":"https:\/\/www.smokingpaper.com\/es\/wp-json\/wp\/v2\/product_brand?post=1402"},{"taxonomy":"product_cat","embeddable":true,"href":"https:\/\/www.smokingpaper.com\/es\/wp-json\/wp\/v2\/product_cat?post=1402"},{"taxonomy":"product_tag","embeddable":true,"href":"https:\/\/www.smokingpaper.com\/es\/wp-json\/wp\/v2\/product_tag?post=1402"}],"curies":[{"name":"wp","href":"https:\/\/api.w.org\/{rel}","templated":true}]}}