{"id":12875,"date":"2025-10-20T14:24:58","date_gmt":"2025-10-20T12:24:58","guid":{"rendered":"https:\/\/www.smokingpaper.com\/?post_type=product&#038;p=12875"},"modified":"2025-10-20T15:49:19","modified_gmt":"2025-10-20T13:49:19","slug":"supreme-brown-king-size","status":"publish","type":"product","link":"https:\/\/www.smokingpaper.com\/es\/producto\/supreme-brown-king-size\/","title":{"rendered":"Supreme Brown King Size"},"content":{"rendered":"","protected":false},"excerpt":{"rendered":"<div class=\"ql-block\" data-block-id=\"block-ac81e73a-df9e-4407-bff3-a0ec99e85413\">\n<div class=\"ql-block\" data-block-id=\"block-c68eb456-4a4e-498b-b784-c08268e719da\">Dise\u00f1ado para quienes buscan una experiencia pura y aut\u00e9ntica, el Smoking Supreme Brown King Size est\u00e1 hecho con papel sin blanquear y ultrafino de 12 g\/m\u00b2. Su textura de <strong>tacto ultrasuave, \u00fanica en todo el mundo, <\/strong>realza la experiencia aportando una sensaci\u00f3n premium desde el primer contacto.<\/div>\n<p>&nbsp;<\/p>\n<div class=\"ql-block\" data-block-id=\"block-7314af2e-af32-4efa-b6f1-bbd170468fbe\">El acabado incorpora el exclusivo Smoking\u00ae Watermark, que permite un quemado lento y uniforme. Con 34 hojas en formato 108 x 44 mm, este papel certificado FSC\u00ae es la elecci\u00f3n ideal para quienes buscan un producto natural, sostenible y de m\u00e1xima calidad.<\/div>\n<\/div>\n","protected":false},"featured_media":12874,"template":"","meta":{"_acf_changed":false,"inline_featured_image":false},"product_brand":[],"product_cat":[67,92],"product_tag":[],"class_list":{"0":"post-12875","1":"product","2":"type-product","3":"status-publish","4":"has-post-thumbnail","6":"product_cat-papeles","7":"product_cat-kingsize","9":"first","10":"instock","11":"shipping-taxable","12":"product-type-simple"},"acf":[],"yoast_head":"<!-- This site is optimized with the Yoast SEO plugin v26.2 - https:\/\/yoast.com\/wordpress\/plugins\/seo\/ -->\n<title>Supreme Brown King Size | Smoking<\/title>\n<meta name=\"robots\" content=\"index, follow, max-snippet:-1, max-image-preview:large, max-video-preview:-1\" \/>\n<link rel=\"canonical\" href=\"https:\/\/www.smokingpaper.com\/es\/producto\/supreme-brown-king-size\/\" \/>\n<meta property=\"og:locale\" content=\"es_ES\" \/>\n<meta property=\"og:type\" content=\"article\" \/>\n<meta property=\"og:title\" content=\"Supreme Brown King Size | Smoking\" \/>\n<meta property=\"og:description\" content=\"Dise\u00f1ado para quienes buscan una experiencia pura y aut\u00e9ntica, el Smoking Supreme Brown King Size est\u00e1 hecho con papel sin blanquear y ultrafino de 12 g\/m\u00b2. Su textura de tacto ultrasuave, \u00fanica en todo el mundo, realza la experiencia aportando una sensaci\u00f3n premium desde el primer contacto. &nbsp; El acabado incorpora el exclusivo Smoking\u00ae Watermark, que permite un quemado lento y uniforme. Con 34 hojas en formato 108 x 44 mm, este papel certificado FSC\u00ae es la elecci\u00f3n ideal para quienes buscan un producto natural, sostenible y de m\u00e1xima calidad.\" \/>\n<meta property=\"og:url\" content=\"https:\/\/www.smokingpaper.com\/es\/producto\/supreme-brown-king-size\/\" \/>\n<meta property=\"og:site_name\" content=\"Smoking\" \/>\n<meta property=\"article:modified_time\" content=\"2025-10-20T13:49:19+00:00\" \/>\n<meta property=\"og:image\" content=\"https:\/\/www.smokingpaper.com\/wp-content\/uploads\/2025\/10\/3D-LIBRITO-SMOKING-SUPREME-BROWN-KSS.png\" \/>\n\t<meta property=\"og:image:width\" content=\"3477\" \/>\n\t<meta property=\"og:image:height\" content=\"1810\" \/>\n\t<meta property=\"og:image:type\" content=\"image\/png\" \/>\n<meta name=\"twitter:card\" content=\"summary_large_image\" \/>\n<!-- \/ Yoast SEO plugin. -->","yoast_head_json":{"title":"Supreme Brown King Size | Smoking","robots":{"index":"index","follow":"follow","max-snippet":"max-snippet:-1","max-image-preview":"max-image-preview:large","max-video-preview":"max-video-preview:-1"},"canonical":"https:\/\/www.smokingpaper.com\/es\/producto\/supreme-brown-king-size\/","og_locale":"es_ES","og_type":"article","og_title":"Supreme Brown King Size | Smoking","og_description":"Dise\u00f1ado para quienes buscan una experiencia pura y aut\u00e9ntica, el Smoking Supreme Brown King Size est\u00e1 hecho con papel sin blanquear y ultrafino de 12 g\/m\u00b2. Su textura de tacto ultrasuave, \u00fanica en todo el mundo, realza la experiencia aportando una sensaci\u00f3n premium desde el primer contacto. &nbsp; El acabado incorpora el exclusivo Smoking\u00ae Watermark, que permite un quemado lento y uniforme. Con 34 hojas en formato 108 x 44 mm, este papel certificado FSC\u00ae es la elecci\u00f3n ideal para quienes buscan un producto natural, sostenible y de m\u00e1xima calidad.","og_url":"https:\/\/www.smokingpaper.com\/es\/producto\/supreme-brown-king-size\/","og_site_name":"Smoking","article_modified_time":"2025-10-20T13:49:19+00:00","og_image":[{"width":3477,"height":1810,"url":"https:\/\/www.smokingpaper.com\/wp-content\/uploads\/2025\/10\/3D-LIBRITO-SMOKING-SUPREME-BROWN-KSS.png","type":"image\/png"}],"twitter_card":"summary_large_image","schema":{"@context":"https:\/\/schema.org","@graph":[{"@type":"BreadcrumbList","@id":"https:\/\/www.smokingpaper.com\/es\/producto\/supreme-brown-king-size\/#breadcrumb","itemListElement":[{"@type":"ListItem","position":1,"name":"Home","item":"https:\/\/www.smokingpaper.com\/es\/"},{"@type":"ListItem","position":2,"name":"Productos","item":"https:\/\/www.smokingpaper.com\/es\/shop\/"},{"@type":"ListItem","position":3,"name":"Papel de liar","item":"https:\/\/www.smokingpaper.com\/es\/productos\/papeles\/"},{"@type":"ListItem","position":4,"name":"Supreme Brown King Size"}]}]}},"_links":{"self":[{"href":"https:\/\/www.smokingpaper.com\/es\/wp-json\/wp\/v2\/product\/12875","targetHints":{"allow":["GET"]}}],"collection":[{"href":"https:\/\/www.smokingpaper.com\/es\/wp-json\/wp\/v2\/product"}],"about":[{"href":"https:\/\/www.smokingpaper.com\/es\/wp-json\/wp\/v2\/types\/product"}],"wp:featuredmedia":[{"embeddable":true,"href":"https:\/\/www.smokingpaper.com\/es\/wp-json\/wp\/v2\/media\/12874"}],"wp:attachment":[{"href":"https:\/\/www.smokingpaper.com\/es\/wp-json\/wp\/v2\/media?parent=12875"}],"wp:term":[{"taxonomy":"product_brand","embeddable":true,"href":"https:\/\/www.smokingpaper.com\/es\/wp-json\/wp\/v2\/product_brand?post=12875"},{"taxonomy":"product_cat","embeddable":true,"href":"https:\/\/www.smokingpaper.com\/es\/wp-json\/wp\/v2\/product_cat?post=12875"},{"taxonomy":"product_tag","embeddable":true,"href":"https:\/\/www.smokingpaper.com\/es\/wp-json\/wp\/v2\/product_tag?post=12875"}],"curies":[{"name":"wp","href":"https:\/\/api.w.org\/{rel}","templated":true}]}}