{"id":12855,"date":"2025-10-20T13:37:18","date_gmt":"2025-10-20T11:37:18","guid":{"rendered":"https:\/\/www.smokingpaper.com\/?post_type=product&#038;p=12855"},"modified":"2025-11-11T12:09:04","modified_gmt":"2025-11-11T11:09:04","slug":"supreme-brown-king-size-tips","status":"publish","type":"product","link":"https:\/\/www.smokingpaper.com\/es\/producto\/supreme-brown-king-size-tips\/","title":{"rendered":"Supreme Brown King size + Tips"},"content":{"rendered":"","protected":false},"excerpt":{"rendered":"<div class=\"ql-block\" data-block-id=\"block-aaa41d59-1663-4d3c-a9de-2546efc48255\">Smoking Supreme Brown King Size + Tips ofrece la m\u00e1xima comodidad al incluir papeles y tips en un mismo librillo. Cada hoja, de 108 x 44 mm, est\u00e1 elaborada con papel ultrafino de 12 g\/m\u00b2, sin blanquear y con un <strong>tacto ultrasuave,\u00fanico en todo el mundo<\/strong> que convierte cada uso en una experiencia mucho m\u00e1s agradable.<\/div>\n<div data-block-id=\"block-aaa41d59-1663-4d3c-a9de-2546efc48255\"><\/div>\n<p>&nbsp;<\/p>\n<div data-block-id=\"block-aaa41d59-1663-4d3c-a9de-2546efc48255\"><\/div>\n<div class=\"ql-block\" data-block-id=\"block-2d8108d2-a6a6-41f1-aebb-5794b1866144\">El exclusivo Smoking\u00ae Watermark garantiza una combusti\u00f3n lenta y uniforme. Con 34 hojas y 34 tips, es la opci\u00f3n pr\u00e1ctica y sostenible, perfecta para quienes buscan naturalidad, suavidad y calidad en un solo producto.<\/div>\n","protected":false},"featured_media":12856,"template":"","meta":{"_acf_changed":false,"inline_featured_image":false},"product_brand":[],"product_cat":[67,92],"product_tag":[],"class_list":{"0":"post-12855","1":"product","2":"type-product","3":"status-publish","4":"has-post-thumbnail","6":"product_cat-papeles","7":"product_cat-kingsize","9":"first","10":"instock","11":"shipping-taxable","12":"product-type-simple"},"acf":[],"yoast_head":"<!-- This site is optimized with the Yoast SEO plugin v26.2 - https:\/\/yoast.com\/wordpress\/plugins\/seo\/ -->\n<title>Supreme Brown King size + Tips | Smoking Paper<\/title>\n<meta name=\"description\" content=\"Smoking Supreme Brown King Size + Tips combina papeles y filtros en un solo librillo \ud83c\udf3f. Papel ultrafino, sin blanquear y de combusti\u00f3n lenta.\" \/>\n<meta name=\"robots\" content=\"index, follow, max-snippet:-1, max-image-preview:large, max-video-preview:-1\" \/>\n<link rel=\"canonical\" href=\"https:\/\/www.smokingpaper.com\/es\/producto\/supreme-brown-king-size-tips\/\" \/>\n<meta property=\"og:locale\" content=\"es_ES\" \/>\n<meta property=\"og:type\" content=\"article\" \/>\n<meta property=\"og:title\" content=\"Supreme Brown King size + Tips | Smoking Paper\" \/>\n<meta property=\"og:description\" content=\"Smoking Supreme Brown King Size + Tips combina papeles y filtros en un solo librillo \ud83c\udf3f. Papel ultrafino, sin blanquear y de combusti\u00f3n lenta.\" \/>\n<meta property=\"og:url\" content=\"https:\/\/www.smokingpaper.com\/es\/producto\/supreme-brown-king-size-tips\/\" \/>\n<meta property=\"og:site_name\" content=\"Smoking\" \/>\n<meta property=\"article:modified_time\" content=\"2025-11-11T11:09:04+00:00\" \/>\n<meta property=\"og:image\" content=\"https:\/\/www.smokingpaper.com\/wp-content\/uploads\/2025\/10\/3D-ESTUCHE-SMOKING-SUPREME-BROWN-KSSTips.png\" \/>\n\t<meta property=\"og:image:width\" content=\"2993\" \/>\n\t<meta property=\"og:image:height\" content=\"1935\" \/>\n\t<meta property=\"og:image:type\" content=\"image\/png\" \/>\n<meta name=\"twitter:card\" content=\"summary_large_image\" \/>\n<!-- \/ Yoast SEO plugin. -->","yoast_head_json":{"title":"Supreme Brown King size + Tips | Smoking Paper","description":"Smoking Supreme Brown King Size + Tips combina papeles y filtros en un solo librillo \ud83c\udf3f. Papel ultrafino, sin blanquear y de combusti\u00f3n lenta.","robots":{"index":"index","follow":"follow","max-snippet":"max-snippet:-1","max-image-preview":"max-image-preview:large","max-video-preview":"max-video-preview:-1"},"canonical":"https:\/\/www.smokingpaper.com\/es\/producto\/supreme-brown-king-size-tips\/","og_locale":"es_ES","og_type":"article","og_title":"Supreme Brown King size + Tips | Smoking Paper","og_description":"Smoking Supreme Brown King Size + Tips combina papeles y filtros en un solo librillo \ud83c\udf3f. Papel ultrafino, sin blanquear y de combusti\u00f3n lenta.","og_url":"https:\/\/www.smokingpaper.com\/es\/producto\/supreme-brown-king-size-tips\/","og_site_name":"Smoking","article_modified_time":"2025-11-11T11:09:04+00:00","og_image":[{"width":2993,"height":1935,"url":"https:\/\/www.smokingpaper.com\/wp-content\/uploads\/2025\/10\/3D-ESTUCHE-SMOKING-SUPREME-BROWN-KSSTips.png","type":"image\/png"}],"twitter_card":"summary_large_image","schema":{"@context":"https:\/\/schema.org","@graph":[{"@type":"BreadcrumbList","@id":"https:\/\/www.smokingpaper.com\/es\/producto\/supreme-brown-king-size-tips\/#breadcrumb","itemListElement":[{"@type":"ListItem","position":1,"name":"Home","item":"https:\/\/www.smokingpaper.com\/es\/"},{"@type":"ListItem","position":2,"name":"Productos","item":"https:\/\/www.smokingpaper.com\/es\/shop\/"},{"@type":"ListItem","position":3,"name":"Papel de liar","item":"https:\/\/www.smokingpaper.com\/es\/productos\/papeles\/"},{"@type":"ListItem","position":4,"name":"Supreme Brown King size + Tips"}]}]}},"_links":{"self":[{"href":"https:\/\/www.smokingpaper.com\/es\/wp-json\/wp\/v2\/product\/12855","targetHints":{"allow":["GET"]}}],"collection":[{"href":"https:\/\/www.smokingpaper.com\/es\/wp-json\/wp\/v2\/product"}],"about":[{"href":"https:\/\/www.smokingpaper.com\/es\/wp-json\/wp\/v2\/types\/product"}],"wp:featuredmedia":[{"embeddable":true,"href":"https:\/\/www.smokingpaper.com\/es\/wp-json\/wp\/v2\/media\/12856"}],"wp:attachment":[{"href":"https:\/\/www.smokingpaper.com\/es\/wp-json\/wp\/v2\/media?parent=12855"}],"wp:term":[{"taxonomy":"product_brand","embeddable":true,"href":"https:\/\/www.smokingpaper.com\/es\/wp-json\/wp\/v2\/product_brand?post=12855"},{"taxonomy":"product_cat","embeddable":true,"href":"https:\/\/www.smokingpaper.com\/es\/wp-json\/wp\/v2\/product_cat?post=12855"},{"taxonomy":"product_tag","embeddable":true,"href":"https:\/\/www.smokingpaper.com\/es\/wp-json\/wp\/v2\/product_tag?post=12855"}],"curies":[{"name":"wp","href":"https:\/\/api.w.org\/{rel}","templated":true}]}}