{"id":1206,"date":"2021-12-03T13:05:31","date_gmt":"2021-12-03T12:05:31","guid":{"rendered":"http:\/\/new.smokingpaper.com\/?post_type=product&#038;p=1206"},"modified":"2024-01-01T16:41:25","modified_gmt":"2024-01-01T15:41:25","slug":"brown-tips-roll","status":"publish","type":"product","link":"https:\/\/www.smokingpaper.com\/es\/producto\/brown-tips-roll\/","title":{"rendered":"Rolls Brown Rolls + Tips"},"content":{"rendered":"","protected":false},"excerpt":{"rendered":"<p><span data-sheets-value=\"{&quot;1&quot;:2,&quot;2&quot;:&quot;Si prefieres los rolls a otro tipo de papel de liar, nuestro pack Rolls Brown+Tips \u00a1ser\u00e1 la mejor opci\u00f3n para un cigarro sin blanquear, sin colorantes ni conservantes!\\nAl contar con rollos de 44mm\u00d74 M, t\u00fa podr\u00e1s elegir el tama\u00f1o de tu cigarro con nuestros rollos de papel sin blanquear y 33 boquillas de cart\u00f3n precortado sin blanquear. Este papel tambi\u00e9n est\u00e1 fabricado con goma 100% vegetal y cuenta con el Certificado FSC\u00ae.&quot;}\" data-sheets-userformat=\"{&quot;2&quot;:7037,&quot;3&quot;:{&quot;1&quot;:0},&quot;5&quot;:{&quot;1&quot;:[{&quot;1&quot;:2,&quot;2&quot;:0,&quot;5&quot;:{&quot;1&quot;:2,&quot;2&quot;:0}},{&quot;1&quot;:0,&quot;2&quot;:0,&quot;3&quot;:3},{&quot;1&quot;:1,&quot;2&quot;:0,&quot;4&quot;:1}]},&quot;6&quot;:{&quot;1&quot;:[{&quot;1&quot;:2,&quot;2&quot;:0,&quot;5&quot;:{&quot;1&quot;:2,&quot;2&quot;:0}},{&quot;1&quot;:0,&quot;2&quot;:0,&quot;3&quot;:3},{&quot;1&quot;:1,&quot;2&quot;:0,&quot;4&quot;:1}]},&quot;7&quot;:{&quot;1&quot;:[{&quot;1&quot;:2,&quot;2&quot;:0,&quot;5&quot;:{&quot;1&quot;:2,&quot;2&quot;:0}},{&quot;1&quot;:0,&quot;2&quot;:0,&quot;3&quot;:3},{&quot;1&quot;:1,&quot;2&quot;:0,&quot;4&quot;:1}]},&quot;8&quot;:{&quot;1&quot;:[{&quot;1&quot;:2,&quot;2&quot;:0,&quot;5&quot;:{&quot;1&quot;:2,&quot;2&quot;:0}},{&quot;1&quot;:0,&quot;2&quot;:0,&quot;3&quot;:3},{&quot;1&quot;:1,&quot;2&quot;:0,&quot;4&quot;:1}]},&quot;9&quot;:0,&quot;11&quot;:4,&quot;12&quot;:0,&quot;14&quot;:{&quot;1&quot;:2,&quot;2&quot;:0},&quot;15&quot;:&quot;Arial&quot;}\">Si prefieres los rolls a otro tipo de papel de liar, nuestro pack Rolls Brown+Tips \u00a1ser\u00e1 la mejor opci\u00f3n para un cigarro sin blanquear, sin colorantes ni conservantes!<br \/>\nAl contar con rollos de 44mm\u00d74 M, t\u00fa podr\u00e1s elegir el tama\u00f1o de tu cigarro con nuestros rollos de papel sin blanquear y 33 boquillas de cart\u00f3n precortado sin blanquear. Este papel tambi\u00e9n est\u00e1 fabricado con goma 100% vegetal y cuenta con el Certificado FSC\u00ae.<\/span><\/p>\n","protected":false},"featured_media":2203,"template":"","meta":{"_acf_changed":false,"inline_featured_image":false},"product_brand":[],"product_cat":[67,370],"product_tag":[],"class_list":{"0":"post-1206","1":"product","2":"type-product","3":"status-publish","4":"has-post-thumbnail","6":"product_cat-papeles","7":"product_cat-rolls","9":"first","10":"instock","11":"shipping-taxable","12":"product-type-simple"},"acf":[],"yoast_head":"<!-- This site is optimized with the Yoast SEO plugin v26.2 - https:\/\/yoast.com\/wordpress\/plugins\/seo\/ -->\n<title>Rolls Brown + Tips | Smoking Papel<\/title>\n<meta name=\"description\" content=\"Deluxe Rolls, papel para liar de Smoking. Con estos rollos de papel ultrafino, cada fumada es \u00fanica. Combusti\u00f3n lenta y calidad inigualable \u00a1Elige Smoking! \u2705\" \/>\n<meta name=\"robots\" content=\"index, follow, max-snippet:-1, max-image-preview:large, max-video-preview:-1\" \/>\n<link rel=\"canonical\" href=\"https:\/\/www.smokingpaper.com\/es\/producto\/brown-tips-roll\/\" \/>\n<meta property=\"og:locale\" content=\"es_ES\" \/>\n<meta property=\"og:type\" content=\"article\" \/>\n<meta property=\"og:title\" content=\"Rolls Brown + Tips | Smoking Papel\" \/>\n<meta property=\"og:description\" content=\"Deluxe Rolls, papel para liar de Smoking. Con estos rollos de papel ultrafino, cada fumada es \u00fanica. Combusti\u00f3n lenta y calidad inigualable \u00a1Elige Smoking! \u2705\" \/>\n<meta property=\"og:url\" content=\"https:\/\/www.smokingpaper.com\/es\/producto\/brown-tips-roll\/\" \/>\n<meta property=\"og:site_name\" content=\"Smoking\" \/>\n<meta property=\"article:modified_time\" content=\"2024-01-01T15:41:25+00:00\" \/>\n<meta property=\"og:image\" content=\"https:\/\/www.smokingpaper.com\/wp-content\/uploads\/2021\/12\/Nuevo_proyecto__38_-removebg-preview.png\" \/>\n\t<meta property=\"og:image:width\" content=\"667\" \/>\n\t<meta property=\"og:image:height\" content=\"374\" \/>\n\t<meta property=\"og:image:type\" content=\"image\/png\" \/>\n<meta name=\"twitter:card\" content=\"summary_large_image\" \/>\n<meta name=\"twitter:label1\" content=\"Tiempo de lectura\" \/>\n\t<meta name=\"twitter:data1\" content=\"1 minuto\" \/>\n<!-- \/ Yoast SEO plugin. -->","yoast_head_json":{"title":"Rolls Brown + Tips | Smoking Papel","description":"Deluxe Rolls, papel para liar de Smoking. Con estos rollos de papel ultrafino, cada fumada es \u00fanica. Combusti\u00f3n lenta y calidad inigualable \u00a1Elige Smoking! \u2705","robots":{"index":"index","follow":"follow","max-snippet":"max-snippet:-1","max-image-preview":"max-image-preview:large","max-video-preview":"max-video-preview:-1"},"canonical":"https:\/\/www.smokingpaper.com\/es\/producto\/brown-tips-roll\/","og_locale":"es_ES","og_type":"article","og_title":"Rolls Brown + Tips | Smoking Papel","og_description":"Deluxe Rolls, papel para liar de Smoking. Con estos rollos de papel ultrafino, cada fumada es \u00fanica. Combusti\u00f3n lenta y calidad inigualable \u00a1Elige Smoking! \u2705","og_url":"https:\/\/www.smokingpaper.com\/es\/producto\/brown-tips-roll\/","og_site_name":"Smoking","article_modified_time":"2024-01-01T15:41:25+00:00","og_image":[{"width":667,"height":374,"url":"https:\/\/www.smokingpaper.com\/wp-content\/uploads\/2021\/12\/Nuevo_proyecto__38_-removebg-preview.png","type":"image\/png"}],"twitter_card":"summary_large_image","twitter_misc":{"Tiempo de lectura":"1 minuto"},"schema":{"@context":"https:\/\/schema.org","@graph":[{"@type":"BreadcrumbList","@id":"https:\/\/www.smokingpaper.com\/es\/producto\/brown-tips-roll\/#breadcrumb","itemListElement":[{"@type":"ListItem","position":1,"name":"Home","item":"https:\/\/www.smokingpaper.com\/es\/"},{"@type":"ListItem","position":2,"name":"Productos","item":"https:\/\/www.smokingpaper.com\/es\/shop\/"},{"@type":"ListItem","position":3,"name":"Papel de liar","item":"https:\/\/www.smokingpaper.com\/es\/productos\/papeles\/"},{"@type":"ListItem","position":4,"name":"Rolls Brown Rolls + Tips"}]}]}},"_links":{"self":[{"href":"https:\/\/www.smokingpaper.com\/es\/wp-json\/wp\/v2\/product\/1206","targetHints":{"allow":["GET"]}}],"collection":[{"href":"https:\/\/www.smokingpaper.com\/es\/wp-json\/wp\/v2\/product"}],"about":[{"href":"https:\/\/www.smokingpaper.com\/es\/wp-json\/wp\/v2\/types\/product"}],"wp:featuredmedia":[{"embeddable":true,"href":"https:\/\/www.smokingpaper.com\/es\/wp-json\/wp\/v2\/media\/2203"}],"wp:attachment":[{"href":"https:\/\/www.smokingpaper.com\/es\/wp-json\/wp\/v2\/media?parent=1206"}],"wp:term":[{"taxonomy":"product_brand","embeddable":true,"href":"https:\/\/www.smokingpaper.com\/es\/wp-json\/wp\/v2\/product_brand?post=1206"},{"taxonomy":"product_cat","embeddable":true,"href":"https:\/\/www.smokingpaper.com\/es\/wp-json\/wp\/v2\/product_cat?post=1206"},{"taxonomy":"product_tag","embeddable":true,"href":"https:\/\/www.smokingpaper.com\/es\/wp-json\/wp\/v2\/product_tag?post=1206"}],"curies":[{"name":"wp","href":"https:\/\/api.w.org\/{rel}","templated":true}]}}