{"id":1192,"date":"2021-12-03T12:58:01","date_gmt":"2021-12-03T11:58:01","guid":{"rendered":"http:\/\/new.smokingpaper.com\/?post_type=product&#038;p=1192"},"modified":"2026-03-09T08:34:28","modified_gmt":"2026-03-09T07:34:28","slug":"red-king-size","status":"publish","type":"product","link":"https:\/\/www.smokingpaper.com\/es\/producto\/red-king-size\/","title":{"rendered":"Red King Size"},"content":{"rendered":"","protected":false},"excerpt":{"rendered":"<p><span data-sheets-value=\"{&quot;1&quot;:2,&quot;2&quot;:&quot;Uno de los papeles cl\u00e1sicos de Smoking\u00ae, ahora disponible en un librito de hojas de fumar tama\u00f1o King Size. Aqu\u00ed tienes 33 hojas de tama\u00f1o 108 x 52 mm, que mantienen una gran ligereza, para m\u00e1xima transparencia y \u00f3ptima resistencia. Con goma 100% vegetal natural, que no lleva colorantes ni otros aditivos y que garantiza un pegado perfecto a la primera pasada. Y certificaci\u00f3n FSC\u00ae por ser papel proveniente de bosques que preservan la Biodiversidad.&quot;}\" data-sheets-userformat=\"{&quot;2&quot;:1319869,&quot;3&quot;:{&quot;1&quot;:0},&quot;5&quot;:{&quot;1&quot;:[{&quot;1&quot;:2,&quot;2&quot;:0,&quot;5&quot;:{&quot;1&quot;:2,&quot;2&quot;:0}},{&quot;1&quot;:0,&quot;2&quot;:0,&quot;3&quot;:3},{&quot;1&quot;:1,&quot;2&quot;:0,&quot;4&quot;:1}]},&quot;6&quot;:{&quot;1&quot;:[{&quot;1&quot;:2,&quot;2&quot;:0,&quot;5&quot;:{&quot;1&quot;:2,&quot;2&quot;:0}},{&quot;1&quot;:0,&quot;2&quot;:0,&quot;3&quot;:3},{&quot;1&quot;:1,&quot;2&quot;:0,&quot;4&quot;:1}]},&quot;7&quot;:{&quot;1&quot;:[{&quot;1&quot;:2,&quot;2&quot;:0,&quot;5&quot;:{&quot;1&quot;:2,&quot;2&quot;:0}},{&quot;1&quot;:0,&quot;2&quot;:0,&quot;3&quot;:3},{&quot;1&quot;:1,&quot;2&quot;:0,&quot;4&quot;:1}]},&quot;8&quot;:{&quot;1&quot;:[{&quot;1&quot;:2,&quot;2&quot;:0,&quot;5&quot;:{&quot;1&quot;:2,&quot;2&quot;:0}},{&quot;1&quot;:0,&quot;2&quot;:0,&quot;3&quot;:3},{&quot;1&quot;:1,&quot;2&quot;:0,&quot;4&quot;:1}]},&quot;10&quot;:1,&quot;11&quot;:4,&quot;12&quot;:0,&quot;16&quot;:10,&quot;21&quot;:0,&quot;23&quot;:2}\">Uno de los papeles cl\u00e1sicos de Smoking\u00ae, ahora disponible en un librito de hojas de fumar tama\u00f1o King Size. Aqu\u00ed tienes 33 hojas de tama\u00f1o 108 x 52 mm, que mantienen una gran ligereza, para m\u00e1xima transparencia y \u00f3ptima resistencia. Con goma 100% vegetal natural, que no lleva colorantes ni otros aditivos y que garantiza un pegado perfecto a la primera pasada. Y certificaci\u00f3n FSC\u00ae por ser papel proveniente de bosques que preservan la Biodiversidad.<\/span><\/p>\n","protected":false},"featured_media":1195,"template":"","meta":{"_acf_changed":false,"inline_featured_image":false},"product_brand":[],"product_cat":[67,92],"product_tag":[],"class_list":{"0":"post-1192","1":"product","2":"type-product","3":"status-publish","4":"has-post-thumbnail","6":"product_cat-papeles","7":"product_cat-kingsize","9":"first","10":"instock","11":"shipping-taxable","12":"product-type-simple"},"acf":[],"yoast_head":"<!-- This site is optimized with the Yoast SEO plugin v26.2 - https:\/\/yoast.com\/wordpress\/plugins\/seo\/ -->\n<title>King Size Red | Smoking Paper<\/title>\n<meta name=\"description\" content=\"Red King Size de Smoking, con 33 hojas de papel rojo, este producto te ofrece una fumada llena de energ\u00eda y estilo. \u00a1Conoces nuestro cat\u00e1logo en Smoking!\" \/>\n<meta name=\"robots\" content=\"index, follow, max-snippet:-1, max-image-preview:large, max-video-preview:-1\" \/>\n<link rel=\"canonical\" href=\"https:\/\/www.smokingpaper.com\/es\/producto\/red-king-size\/\" \/>\n<meta property=\"og:locale\" content=\"es_ES\" \/>\n<meta property=\"og:type\" content=\"article\" \/>\n<meta property=\"og:title\" content=\"King Size Red | Smoking Paper\" \/>\n<meta property=\"og:description\" content=\"Red King Size de Smoking, con 33 hojas de papel rojo, este producto te ofrece una fumada llena de energ\u00eda y estilo. \u00a1Conoces nuestro cat\u00e1logo en Smoking!\" \/>\n<meta property=\"og:url\" content=\"https:\/\/www.smokingpaper.com\/es\/producto\/red-king-size\/\" \/>\n<meta property=\"og:site_name\" content=\"Smoking\" \/>\n<meta property=\"article:modified_time\" content=\"2026-03-09T07:34:28+00:00\" \/>\n<meta property=\"og:image\" content=\"https:\/\/www.smokingpaper.com\/wp-content\/uploads\/2021\/12\/ks-red-removebg-preview.png\" \/>\n\t<meta property=\"og:image:width\" content=\"667\" \/>\n\t<meta property=\"og:image:height\" content=\"374\" \/>\n\t<meta property=\"og:image:type\" content=\"image\/png\" \/>\n<meta name=\"twitter:card\" content=\"summary_large_image\" \/>\n<meta name=\"twitter:label1\" content=\"Tiempo de lectura\" \/>\n\t<meta name=\"twitter:data1\" content=\"1 minuto\" \/>\n<!-- \/ Yoast SEO plugin. -->","yoast_head_json":{"title":"King Size Red | Smoking Paper","description":"Red King Size de Smoking, con 33 hojas de papel rojo, este producto te ofrece una fumada llena de energ\u00eda y estilo. \u00a1Conoces nuestro cat\u00e1logo en Smoking!","robots":{"index":"index","follow":"follow","max-snippet":"max-snippet:-1","max-image-preview":"max-image-preview:large","max-video-preview":"max-video-preview:-1"},"canonical":"https:\/\/www.smokingpaper.com\/es\/producto\/red-king-size\/","og_locale":"es_ES","og_type":"article","og_title":"King Size Red | Smoking Paper","og_description":"Red King Size de Smoking, con 33 hojas de papel rojo, este producto te ofrece una fumada llena de energ\u00eda y estilo. \u00a1Conoces nuestro cat\u00e1logo en Smoking!","og_url":"https:\/\/www.smokingpaper.com\/es\/producto\/red-king-size\/","og_site_name":"Smoking","article_modified_time":"2026-03-09T07:34:28+00:00","og_image":[{"width":667,"height":374,"url":"https:\/\/www.smokingpaper.com\/wp-content\/uploads\/2021\/12\/ks-red-removebg-preview.png","type":"image\/png"}],"twitter_card":"summary_large_image","twitter_misc":{"Tiempo de lectura":"1 minuto"},"schema":{"@context":"https:\/\/schema.org","@graph":[{"@type":"BreadcrumbList","@id":"https:\/\/www.smokingpaper.com\/es\/producto\/red-king-size\/#breadcrumb","itemListElement":[{"@type":"ListItem","position":1,"name":"Home","item":"https:\/\/www.smokingpaper.com\/es\/"},{"@type":"ListItem","position":2,"name":"Productos","item":"https:\/\/www.smokingpaper.com\/es\/shop\/"},{"@type":"ListItem","position":3,"name":"Papel de liar","item":"https:\/\/www.smokingpaper.com\/es\/productos\/papeles\/"},{"@type":"ListItem","position":4,"name":"Red King Size"}]}]}},"_links":{"self":[{"href":"https:\/\/www.smokingpaper.com\/es\/wp-json\/wp\/v2\/product\/1192","targetHints":{"allow":["GET"]}}],"collection":[{"href":"https:\/\/www.smokingpaper.com\/es\/wp-json\/wp\/v2\/product"}],"about":[{"href":"https:\/\/www.smokingpaper.com\/es\/wp-json\/wp\/v2\/types\/product"}],"wp:featuredmedia":[{"embeddable":true,"href":"https:\/\/www.smokingpaper.com\/es\/wp-json\/wp\/v2\/media\/1195"}],"wp:attachment":[{"href":"https:\/\/www.smokingpaper.com\/es\/wp-json\/wp\/v2\/media?parent=1192"}],"wp:term":[{"taxonomy":"product_brand","embeddable":true,"href":"https:\/\/www.smokingpaper.com\/es\/wp-json\/wp\/v2\/product_brand?post=1192"},{"taxonomy":"product_cat","embeddable":true,"href":"https:\/\/www.smokingpaper.com\/es\/wp-json\/wp\/v2\/product_cat?post=1192"},{"taxonomy":"product_tag","embeddable":true,"href":"https:\/\/www.smokingpaper.com\/es\/wp-json\/wp\/v2\/product_tag?post=1192"}],"curies":[{"name":"wp","href":"https:\/\/api.w.org\/{rel}","templated":true}]}}