{"id":1180,"date":"2021-12-03T12:45:59","date_gmt":"2021-12-03T11:45:59","guid":{"rendered":"http:\/\/new.smokingpaper.com\/?post_type=product&#038;p=1180"},"modified":"2024-12-18T23:54:04","modified_gmt":"2024-12-18T22:54:04","slug":"brown-pre-cut-ultra-slim-filter","status":"publish","type":"product","link":"https:\/\/www.smokingpaper.com\/es\/producto\/brown-pre-cut-ultra-slim-filter\/","title":{"rendered":"Filtros Brown Pre-cut Ultra Slim"},"content":{"rendered":"","protected":false},"excerpt":{"rendered":"<p><span data-sheets-value=\"{&quot;1&quot;:2,&quot;2&quot;:&quot;Tus cigarrillos perfectos se merecen unos filtros a la altura de tus exigencias. Escoge para ello los filtros Brown Pre-Cut Ultra Slim y consigue el acabado que est\u00e1s buscando. Con una longitud de 14 mm y di\u00e1metro de solamente 5,7 mm para esos cigarrillos delgados que tanto te gustan. Est\u00e1n disponibles en pr\u00e1cticas cajitas de cart\u00f3n, un formato mucho m\u00e1s compacto que otras opciones y donde tienes tus filtros bien ordenados y recogidos. Un total de 120 filtros ultrafinos en cada una de ellas, sin blanquear y 100% biodegradables.&quot;}\" data-sheets-userformat=\"{&quot;2&quot;:9149,&quot;3&quot;:{&quot;1&quot;:0},&quot;5&quot;:{&quot;1&quot;:[{&quot;1&quot;:2,&quot;2&quot;:0,&quot;5&quot;:{&quot;1&quot;:2,&quot;2&quot;:0}},{&quot;1&quot;:0,&quot;2&quot;:0,&quot;3&quot;:3},{&quot;1&quot;:1,&quot;2&quot;:0,&quot;4&quot;:1}]},&quot;6&quot;:{&quot;1&quot;:[{&quot;1&quot;:2,&quot;2&quot;:0,&quot;5&quot;:{&quot;1&quot;:2,&quot;2&quot;:0}},{&quot;1&quot;:0,&quot;2&quot;:0,&quot;3&quot;:3},{&quot;1&quot;:1,&quot;2&quot;:0,&quot;4&quot;:1}]},&quot;7&quot;:{&quot;1&quot;:[{&quot;1&quot;:2,&quot;2&quot;:0,&quot;5&quot;:{&quot;1&quot;:2,&quot;2&quot;:0}},{&quot;1&quot;:0,&quot;2&quot;:0,&quot;3&quot;:3},{&quot;1&quot;:1,&quot;2&quot;:0,&quot;4&quot;:1}]},&quot;8&quot;:{&quot;1&quot;:[{&quot;1&quot;:2,&quot;2&quot;:0,&quot;5&quot;:{&quot;1&quot;:2,&quot;2&quot;:0}},{&quot;1&quot;:0,&quot;2&quot;:0,&quot;3&quot;:3},{&quot;1&quot;:1,&quot;2&quot;:0,&quot;4&quot;:1}]},&quot;10&quot;:1,&quot;11&quot;:4,&quot;12&quot;:0,&quot;16&quot;:10}\">Tus cigarrillos perfectos se merecen unos filtros a la altura de tus exigencias. Escoge para ello los filtros Brown Pre-Cut Ultra Slim y consigue el acabado que est\u00e1s buscando. Con una longitud de 14 mm y di\u00e1metro de solamente 5,7 mm para esos cigarrillos delgados que tanto te gustan. Est\u00e1n disponibles en pr\u00e1cticas cajitas de cart\u00f3n, un formato mucho m\u00e1s compacto que otras opciones y donde tienes tus filtros bien ordenados y recogidos. Un total de 120 filtros ultrafinos en cada una de ellas, sin blanquear y 100% biodegradables.<\/span><\/p>\n","protected":false},"featured_media":1183,"template":"","meta":{"_acf_changed":false,"inline_featured_image":false},"product_brand":[],"product_cat":[213],"product_tag":[],"class_list":{"0":"post-1180","1":"product","2":"type-product","3":"status-publish","4":"has-post-thumbnail","6":"product_cat-filtros","8":"first","9":"instock","10":"shipping-taxable","11":"product-type-simple"},"acf":[],"yoast_head":"<!-- This site is optimized with the Yoast SEO plugin v26.2 - https:\/\/yoast.com\/wordpress\/plugins\/seo\/ -->\n<title>Filtros Precortados Brown | Smoking Paper<\/title>\n<meta name=\"description\" content=\"Filtros precortados Brown, este pack contiene 120 boquillas biodegradables y finas de 14mm. Libre de cloro y blanqueantes. \u00a1Vis\u00edtanos ahora!\" \/>\n<meta name=\"robots\" content=\"index, follow, max-snippet:-1, max-image-preview:large, max-video-preview:-1\" \/>\n<link rel=\"canonical\" href=\"https:\/\/www.smokingpaper.com\/es\/producto\/brown-pre-cut-ultra-slim-filter\/\" \/>\n<meta property=\"og:locale\" content=\"es_ES\" \/>\n<meta property=\"og:type\" content=\"article\" \/>\n<meta property=\"og:title\" content=\"Filtros Precortados Brown | Smoking Paper\" \/>\n<meta property=\"og:description\" content=\"Filtros precortados Brown, este pack contiene 120 boquillas biodegradables y finas de 14mm. Libre de cloro y blanqueantes. \u00a1Vis\u00edtanos ahora!\" \/>\n<meta property=\"og:url\" content=\"https:\/\/www.smokingpaper.com\/es\/producto\/brown-pre-cut-ultra-slim-filter\/\" \/>\n<meta property=\"og:site_name\" content=\"Smoking\" \/>\n<meta property=\"article:modified_time\" content=\"2024-12-18T22:54:04+00:00\" \/>\n<meta property=\"og:image\" content=\"https:\/\/www.smokingpaper.com\/wp-content\/uploads\/2021\/12\/pre_cur_brown_filter-removebg-preview.png\" \/>\n\t<meta property=\"og:image:width\" content=\"667\" \/>\n\t<meta property=\"og:image:height\" content=\"374\" \/>\n\t<meta property=\"og:image:type\" content=\"image\/png\" \/>\n<meta name=\"twitter:card\" content=\"summary_large_image\" \/>\n<!-- \/ Yoast SEO plugin. -->","yoast_head_json":{"title":"Filtros Precortados Brown | Smoking Paper","description":"Filtros precortados Brown, este pack contiene 120 boquillas biodegradables y finas de 14mm. Libre de cloro y blanqueantes. \u00a1Vis\u00edtanos ahora!","robots":{"index":"index","follow":"follow","max-snippet":"max-snippet:-1","max-image-preview":"max-image-preview:large","max-video-preview":"max-video-preview:-1"},"canonical":"https:\/\/www.smokingpaper.com\/es\/producto\/brown-pre-cut-ultra-slim-filter\/","og_locale":"es_ES","og_type":"article","og_title":"Filtros Precortados Brown | Smoking Paper","og_description":"Filtros precortados Brown, este pack contiene 120 boquillas biodegradables y finas de 14mm. Libre de cloro y blanqueantes. \u00a1Vis\u00edtanos ahora!","og_url":"https:\/\/www.smokingpaper.com\/es\/producto\/brown-pre-cut-ultra-slim-filter\/","og_site_name":"Smoking","article_modified_time":"2024-12-18T22:54:04+00:00","og_image":[{"width":667,"height":374,"url":"https:\/\/www.smokingpaper.com\/wp-content\/uploads\/2021\/12\/pre_cur_brown_filter-removebg-preview.png","type":"image\/png"}],"twitter_card":"summary_large_image","schema":{"@context":"https:\/\/schema.org","@graph":[{"@type":"BreadcrumbList","@id":"https:\/\/www.smokingpaper.com\/es\/producto\/brown-pre-cut-ultra-slim-filter\/#breadcrumb","itemListElement":[{"@type":"ListItem","position":1,"name":"Home","item":"https:\/\/www.smokingpaper.com\/es\/"},{"@type":"ListItem","position":2,"name":"Productos","item":"https:\/\/www.smokingpaper.com\/es\/shop\/"},{"@type":"ListItem","position":3,"name":"Filtros","item":"https:\/\/www.smokingpaper.com\/es\/productos\/filtros\/"},{"@type":"ListItem","position":4,"name":"Filtros Brown Pre-cut Ultra Slim"}]}]}},"_links":{"self":[{"href":"https:\/\/www.smokingpaper.com\/es\/wp-json\/wp\/v2\/product\/1180","targetHints":{"allow":["GET"]}}],"collection":[{"href":"https:\/\/www.smokingpaper.com\/es\/wp-json\/wp\/v2\/product"}],"about":[{"href":"https:\/\/www.smokingpaper.com\/es\/wp-json\/wp\/v2\/types\/product"}],"wp:featuredmedia":[{"embeddable":true,"href":"https:\/\/www.smokingpaper.com\/es\/wp-json\/wp\/v2\/media\/1183"}],"wp:attachment":[{"href":"https:\/\/www.smokingpaper.com\/es\/wp-json\/wp\/v2\/media?parent=1180"}],"wp:term":[{"taxonomy":"product_brand","embeddable":true,"href":"https:\/\/www.smokingpaper.com\/es\/wp-json\/wp\/v2\/product_brand?post=1180"},{"taxonomy":"product_cat","embeddable":true,"href":"https:\/\/www.smokingpaper.com\/es\/wp-json\/wp\/v2\/product_cat?post=1180"},{"taxonomy":"product_tag","embeddable":true,"href":"https:\/\/www.smokingpaper.com\/es\/wp-json\/wp\/v2\/product_tag?post=1180"}],"curies":[{"name":"wp","href":"https:\/\/api.w.org\/{rel}","templated":true}]}}