{"id":1162,"date":"2021-12-02T14:20:24","date_gmt":"2021-12-02T13:20:24","guid":{"rendered":"http:\/\/new.smokingpaper.com\/product\/luxury-brown-king-size\/"},"modified":"2024-01-01T18:23:36","modified_gmt":"2024-01-01T17:23:36","slug":"luxury-brown-king-size","status":"publish","type":"product","link":"https:\/\/www.smokingpaper.com\/es\/producto\/luxury-brown-king-size\/","title":{"rendered":"Luxury Pack Brown King Size"},"content":{"rendered":"","protected":false},"excerpt":{"rendered":"<p><span data-sheets-value=\"{&quot;1&quot;:2,&quot;2&quot;:&quot;La gama Luxury tambi\u00e9n cuenta con papel de liar formato King Size, para esos cigarrillos al estilo que t\u00fa quieras. El Luxury Pack Brown King Size trae 33 hojas por librito, para que puedas contar siempre con las que necesitas. Un formato extra grande de hoja con 108 x 44 mm y papel ultra fino de 13 g\/m2 para la mejor experiencia. Este pack incluye tambi\u00e9n 33 boquillas en forma de cono y de cart\u00f3n. Tanto las boquillas como los papeles est\u00e1n sin blanquear, no tienen colorantes ni otros aditivos&quot;}\" data-sheets-userformat=\"{&quot;2&quot;:9149,&quot;3&quot;:{&quot;1&quot;:0},&quot;5&quot;:{&quot;1&quot;:[{&quot;1&quot;:2,&quot;2&quot;:0,&quot;5&quot;:{&quot;1&quot;:2,&quot;2&quot;:0}},{&quot;1&quot;:0,&quot;2&quot;:0,&quot;3&quot;:3},{&quot;1&quot;:1,&quot;2&quot;:0,&quot;4&quot;:1}]},&quot;6&quot;:{&quot;1&quot;:[{&quot;1&quot;:2,&quot;2&quot;:0,&quot;5&quot;:{&quot;1&quot;:2,&quot;2&quot;:0}},{&quot;1&quot;:0,&quot;2&quot;:0,&quot;3&quot;:3},{&quot;1&quot;:1,&quot;2&quot;:0,&quot;4&quot;:1}]},&quot;7&quot;:{&quot;1&quot;:[{&quot;1&quot;:2,&quot;2&quot;:0,&quot;5&quot;:{&quot;1&quot;:2,&quot;2&quot;:0}},{&quot;1&quot;:0,&quot;2&quot;:0,&quot;3&quot;:3},{&quot;1&quot;:1,&quot;2&quot;:0,&quot;4&quot;:1}]},&quot;8&quot;:{&quot;1&quot;:[{&quot;1&quot;:2,&quot;2&quot;:0,&quot;5&quot;:{&quot;1&quot;:2,&quot;2&quot;:0}},{&quot;1&quot;:0,&quot;2&quot;:0,&quot;3&quot;:3},{&quot;1&quot;:1,&quot;2&quot;:0,&quot;4&quot;:1}]},&quot;10&quot;:1,&quot;11&quot;:4,&quot;12&quot;:0,&quot;16&quot;:10}\">La gama Luxury tambi\u00e9n cuenta con papel de liar formato King Size, para esos cigarrillos al estilo que t\u00fa quieras. El Luxury Pack Brown King Size trae 33 hojas por librito, para que puedas contar siempre con las que necesitas. Un formato extra grande de hoja con 108 x 44 mm y papel ultra fino de 13 g\/m2 para la mejor experiencia. Este pack incluye tambi\u00e9n 33 boquillas en forma de cono y de cart\u00f3n. Tanto las boquillas como los papeles est\u00e1n sin blanquear, no tienen colorantes ni otros aditivos<\/span><\/p>\n","protected":false},"featured_media":1030,"template":"","meta":{"_acf_changed":false,"inline_featured_image":false},"product_brand":[],"product_cat":[67,92],"product_tag":[],"class_list":{"0":"post-1162","1":"product","2":"type-product","3":"status-publish","4":"has-post-thumbnail","6":"product_cat-papeles","7":"product_cat-kingsize","9":"first","10":"instock","11":"shipping-taxable","12":"product-type-simple"},"acf":[],"yoast_head":"<!-- This site is optimized with the Yoast SEO plugin v26.2 - https:\/\/yoast.com\/wordpress\/plugins\/seo\/ -->\n<title>King Size Luxury Brown | Smoking Paper<\/title>\n<meta name=\"description\" content=\"Luxury Brown King Size el papel de fumar que contiene 33 hojas finas, ofreciendo una fumada suave y de calidad excepcional. \u00a1Lujo en cada calada! \u2705\" \/>\n<meta name=\"robots\" content=\"index, follow, max-snippet:-1, max-image-preview:large, max-video-preview:-1\" \/>\n<link rel=\"canonical\" href=\"https:\/\/www.smokingpaper.com\/es\/producto\/luxury-brown-king-size\/\" \/>\n<meta property=\"og:locale\" content=\"es_ES\" \/>\n<meta property=\"og:type\" content=\"article\" \/>\n<meta property=\"og:title\" content=\"King Size Luxury Brown | Smoking Paper\" \/>\n<meta property=\"og:description\" content=\"Luxury Brown King Size el papel de fumar que contiene 33 hojas finas, ofreciendo una fumada suave y de calidad excepcional. \u00a1Lujo en cada calada! \u2705\" \/>\n<meta property=\"og:url\" content=\"https:\/\/www.smokingpaper.com\/es\/producto\/luxury-brown-king-size\/\" \/>\n<meta property=\"og:site_name\" content=\"Smoking\" \/>\n<meta property=\"article:modified_time\" content=\"2024-01-01T17:23:36+00:00\" \/>\n<meta property=\"og:image\" content=\"https:\/\/www.smokingpaper.com\/wp-content\/uploads\/2021\/12\/luxury_brown-removebg-preview.png\" \/>\n\t<meta property=\"og:image:width\" content=\"667\" \/>\n\t<meta property=\"og:image:height\" content=\"374\" \/>\n\t<meta property=\"og:image:type\" content=\"image\/png\" \/>\n<meta name=\"twitter:card\" content=\"summary_large_image\" \/>\n<meta name=\"twitter:label1\" content=\"Tiempo de lectura\" \/>\n\t<meta name=\"twitter:data1\" content=\"1 minuto\" \/>\n<!-- \/ Yoast SEO plugin. -->","yoast_head_json":{"title":"King Size Luxury Brown | Smoking Paper","description":"Luxury Brown King Size el papel de fumar que contiene 33 hojas finas, ofreciendo una fumada suave y de calidad excepcional. \u00a1Lujo en cada calada! \u2705","robots":{"index":"index","follow":"follow","max-snippet":"max-snippet:-1","max-image-preview":"max-image-preview:large","max-video-preview":"max-video-preview:-1"},"canonical":"https:\/\/www.smokingpaper.com\/es\/producto\/luxury-brown-king-size\/","og_locale":"es_ES","og_type":"article","og_title":"King Size Luxury Brown | Smoking Paper","og_description":"Luxury Brown King Size el papel de fumar que contiene 33 hojas finas, ofreciendo una fumada suave y de calidad excepcional. \u00a1Lujo en cada calada! \u2705","og_url":"https:\/\/www.smokingpaper.com\/es\/producto\/luxury-brown-king-size\/","og_site_name":"Smoking","article_modified_time":"2024-01-01T17:23:36+00:00","og_image":[{"width":667,"height":374,"url":"https:\/\/www.smokingpaper.com\/wp-content\/uploads\/2021\/12\/luxury_brown-removebg-preview.png","type":"image\/png"}],"twitter_card":"summary_large_image","twitter_misc":{"Tiempo de lectura":"1 minuto"},"schema":{"@context":"https:\/\/schema.org","@graph":[{"@type":"BreadcrumbList","@id":"https:\/\/www.smokingpaper.com\/es\/producto\/luxury-brown-king-size\/#breadcrumb","itemListElement":[{"@type":"ListItem","position":1,"name":"Home","item":"https:\/\/www.smokingpaper.com\/es\/"},{"@type":"ListItem","position":2,"name":"Productos","item":"https:\/\/www.smokingpaper.com\/es\/shop\/"},{"@type":"ListItem","position":3,"name":"Papel de liar","item":"https:\/\/www.smokingpaper.com\/es\/productos\/papeles\/"},{"@type":"ListItem","position":4,"name":"Luxury Pack Brown King Size"}]}]}},"_links":{"self":[{"href":"https:\/\/www.smokingpaper.com\/es\/wp-json\/wp\/v2\/product\/1162","targetHints":{"allow":["GET"]}}],"collection":[{"href":"https:\/\/www.smokingpaper.com\/es\/wp-json\/wp\/v2\/product"}],"about":[{"href":"https:\/\/www.smokingpaper.com\/es\/wp-json\/wp\/v2\/types\/product"}],"wp:featuredmedia":[{"embeddable":true,"href":"https:\/\/www.smokingpaper.com\/es\/wp-json\/wp\/v2\/media\/1030"}],"wp:attachment":[{"href":"https:\/\/www.smokingpaper.com\/es\/wp-json\/wp\/v2\/media?parent=1162"}],"wp:term":[{"taxonomy":"product_brand","embeddable":true,"href":"https:\/\/www.smokingpaper.com\/es\/wp-json\/wp\/v2\/product_brand?post=1162"},{"taxonomy":"product_cat","embeddable":true,"href":"https:\/\/www.smokingpaper.com\/es\/wp-json\/wp\/v2\/product_cat?post=1162"},{"taxonomy":"product_tag","embeddable":true,"href":"https:\/\/www.smokingpaper.com\/es\/wp-json\/wp\/v2\/product_tag?post=1162"}],"curies":[{"name":"wp","href":"https:\/\/api.w.org\/{rel}","templated":true}]}}