{"id":1157,"date":"2021-12-02T14:08:52","date_gmt":"2021-12-02T13:08:52","guid":{"rendered":"http:\/\/new.smokingpaper.com\/product\/green-king-size\/"},"modified":"2024-01-01T17:59:37","modified_gmt":"2024-01-01T16:59:37","slug":"green-king-size","status":"publish","type":"product","link":"https:\/\/www.smokingpaper.com\/es\/producto\/green-king-size\/","title":{"rendered":"Green King Size"},"content":{"rendered":"","protected":false},"excerpt":{"rendered":"<p>Papeles elaboradas con c\u00e1\u00f1amo de cultivo ecol\u00f3gico, sin pesticidas, herbicidas ni fertilizantes artificiales. Sello TREE FREE, que certifica que no se ha cortado ning\u00fan \u00e1rbol para su elaboraci\u00f3n, ya que se ha hecho \u00edntegramente con pasta de c\u00e1\u00f1amo. Goma vegetal 100% natural, sin colorantes ni otros aditivos. Garantiz\u00e1ndote un mejor pegado con una sola pasada.<\/p>\n","protected":false},"featured_media":1981,"template":"","meta":{"_acf_changed":false,"inline_featured_image":false},"product_brand":[],"product_cat":[67,92],"product_tag":[],"class_list":{"0":"post-1157","1":"product","2":"type-product","3":"status-publish","4":"has-post-thumbnail","6":"product_cat-papeles","7":"product_cat-kingsize","9":"first","10":"instock","11":"shipping-taxable","12":"product-type-simple"},"acf":[],"yoast_head":"<!-- This site is optimized with the Yoast SEO plugin v26.2 - https:\/\/yoast.com\/wordpress\/plugins\/seo\/ -->\n<title>King Size Green | Smoking Papel<\/title>\n<meta name=\"description\" content=\"Papel para fumar Green King Size de Smoking. Con 33 hojas finas, este papel de alta calidad te ofrece una fumada suave y refrescante. \u00a1Descubre m\u00e1s aqu\u00ed!\" \/>\n<meta name=\"robots\" content=\"index, follow, max-snippet:-1, max-image-preview:large, max-video-preview:-1\" \/>\n<link rel=\"canonical\" href=\"https:\/\/www.smokingpaper.com\/es\/producto\/green-king-size\/\" \/>\n<meta property=\"og:locale\" content=\"es_ES\" \/>\n<meta property=\"og:type\" content=\"article\" \/>\n<meta property=\"og:title\" content=\"King Size Green | Smoking Papel\" \/>\n<meta property=\"og:description\" content=\"Papel para fumar Green King Size de Smoking. Con 33 hojas finas, este papel de alta calidad te ofrece una fumada suave y refrescante. \u00a1Descubre m\u00e1s aqu\u00ed!\" \/>\n<meta property=\"og:url\" content=\"https:\/\/www.smokingpaper.com\/es\/producto\/green-king-size\/\" \/>\n<meta property=\"og:site_name\" content=\"Smoking\" \/>\n<meta property=\"article:modified_time\" content=\"2024-01-01T16:59:37+00:00\" \/>\n<meta property=\"og:image\" content=\"https:\/\/www.smokingpaper.com\/wp-content\/uploads\/2021\/12\/pack-green-ks-removebg-preview_optimized.png\" \/>\n\t<meta property=\"og:image:width\" content=\"686\" \/>\n\t<meta property=\"og:image:height\" content=\"349\" \/>\n\t<meta property=\"og:image:type\" content=\"image\/png\" \/>\n<meta name=\"twitter:card\" content=\"summary_large_image\" \/>\n<!-- \/ Yoast SEO plugin. -->","yoast_head_json":{"title":"King Size Green | Smoking Papel","description":"Papel para fumar Green King Size de Smoking. Con 33 hojas finas, este papel de alta calidad te ofrece una fumada suave y refrescante. \u00a1Descubre m\u00e1s aqu\u00ed!","robots":{"index":"index","follow":"follow","max-snippet":"max-snippet:-1","max-image-preview":"max-image-preview:large","max-video-preview":"max-video-preview:-1"},"canonical":"https:\/\/www.smokingpaper.com\/es\/producto\/green-king-size\/","og_locale":"es_ES","og_type":"article","og_title":"King Size Green | Smoking Papel","og_description":"Papel para fumar Green King Size de Smoking. Con 33 hojas finas, este papel de alta calidad te ofrece una fumada suave y refrescante. \u00a1Descubre m\u00e1s aqu\u00ed!","og_url":"https:\/\/www.smokingpaper.com\/es\/producto\/green-king-size\/","og_site_name":"Smoking","article_modified_time":"2024-01-01T16:59:37+00:00","og_image":[{"width":686,"height":349,"url":"https:\/\/www.smokingpaper.com\/wp-content\/uploads\/2021\/12\/pack-green-ks-removebg-preview_optimized.png","type":"image\/png"}],"twitter_card":"summary_large_image","schema":{"@context":"https:\/\/schema.org","@graph":[{"@type":"BreadcrumbList","@id":"https:\/\/www.smokingpaper.com\/es\/producto\/green-king-size\/#breadcrumb","itemListElement":[{"@type":"ListItem","position":1,"name":"Home","item":"https:\/\/www.smokingpaper.com\/es\/"},{"@type":"ListItem","position":2,"name":"Productos","item":"https:\/\/www.smokingpaper.com\/es\/shop\/"},{"@type":"ListItem","position":3,"name":"Papel de liar","item":"https:\/\/www.smokingpaper.com\/es\/productos\/papeles\/"},{"@type":"ListItem","position":4,"name":"Green King Size"}]}]}},"_links":{"self":[{"href":"https:\/\/www.smokingpaper.com\/es\/wp-json\/wp\/v2\/product\/1157","targetHints":{"allow":["GET"]}}],"collection":[{"href":"https:\/\/www.smokingpaper.com\/es\/wp-json\/wp\/v2\/product"}],"about":[{"href":"https:\/\/www.smokingpaper.com\/es\/wp-json\/wp\/v2\/types\/product"}],"wp:featuredmedia":[{"embeddable":true,"href":"https:\/\/www.smokingpaper.com\/es\/wp-json\/wp\/v2\/media\/1981"}],"wp:attachment":[{"href":"https:\/\/www.smokingpaper.com\/es\/wp-json\/wp\/v2\/media?parent=1157"}],"wp:term":[{"taxonomy":"product_brand","embeddable":true,"href":"https:\/\/www.smokingpaper.com\/es\/wp-json\/wp\/v2\/product_brand?post=1157"},{"taxonomy":"product_cat","embeddable":true,"href":"https:\/\/www.smokingpaper.com\/es\/wp-json\/wp\/v2\/product_cat?post=1157"},{"taxonomy":"product_tag","embeddable":true,"href":"https:\/\/www.smokingpaper.com\/es\/wp-json\/wp\/v2\/product_tag?post=1157"}],"curies":[{"name":"wp","href":"https:\/\/api.w.org\/{rel}","templated":true}]}}