{"id":1128,"date":"2021-12-02T16:54:11","date_gmt":"2021-12-02T15:54:11","guid":{"rendered":"http:\/\/new.smokingpaper.com\/product\/deluxe-bulk-cones\/"},"modified":"2023-10-05T10:47:47","modified_gmt":"2023-10-05T08:47:47","slug":"deluxe-bulk-cones","status":"publish","type":"product","link":"https:\/\/www.smokingpaper.com\/es\/producto\/deluxe-bulk-cones\/","title":{"rendered":"Conos Deluxe Bulk"},"content":{"rendered":"","protected":false},"excerpt":{"rendered":"<p>El pack perfecto para tener en tu tienda, con el que poder ofrecer a los amantes de los conos XL para fumar lo que buscan. Estos conos cuentan con un papel blanqueado ultra fino de alto nivel de transparencia, como el que aprovechamos en el resto de productos con papel de fumar Smoking\u00ae, el papel de fumar m\u00e1s fino que tus clientes pueden conseguir para sus conos. Unos conos gigantes para fumar, que se ofrecen en packs de 1.000 unidades, con formato King Size y con dise\u00f1o en espiral, con lo se asegura un prensado perfecto para el tabaco. Adem\u00e1s, aprovechan tambi\u00e9n nuestro caracter\u00edstico papel de combusti\u00f3n lenta, la opci\u00f3n perfecta para que puedan disfrutar m\u00e1s tiempo de ellos.<\/p>\n","protected":false},"featured_media":1126,"template":"","meta":{"_acf_changed":false,"inline_featured_image":false},"product_brand":[],"product_cat":[376],"product_tag":[],"class_list":{"0":"post-1128","1":"product","2":"type-product","3":"status-publish","4":"has-post-thumbnail","6":"product_cat-conos","8":"first","9":"instock","10":"shipping-taxable","11":"product-type-simple"},"acf":[],"yoast_head":"<!-- This site is optimized with the Yoast SEO plugin v26.2 - https:\/\/yoast.com\/wordpress\/plugins\/seo\/ -->\n<title>Cones Deluxe Bulk | Smoking Papel<\/title>\n<meta name=\"description\" content=\"Conos Deluxe Bulk, productos para fumadores de la mejor calidad en Smoking Paper \u2705 A los mejores precios, \u00a1cat\u00e1logo de productos online!\" \/>\n<meta name=\"robots\" content=\"index, follow, max-snippet:-1, max-image-preview:large, max-video-preview:-1\" \/>\n<link rel=\"canonical\" href=\"https:\/\/www.smokingpaper.com\/es\/producto\/deluxe-bulk-cones\/\" \/>\n<meta property=\"og:locale\" content=\"es_ES\" \/>\n<meta property=\"og:type\" content=\"article\" \/>\n<meta property=\"og:title\" content=\"Cones Deluxe Bulk | Smoking Papel\" \/>\n<meta property=\"og:description\" content=\"Conos Deluxe Bulk, productos para fumadores de la mejor calidad en Smoking Paper \u2705 A los mejores precios, \u00a1cat\u00e1logo de productos online!\" \/>\n<meta property=\"og:url\" content=\"https:\/\/www.smokingpaper.com\/es\/producto\/deluxe-bulk-cones\/\" \/>\n<meta property=\"og:site_name\" content=\"Smoking\" \/>\n<meta property=\"article:modified_time\" content=\"2023-10-05T08:47:47+00:00\" \/>\n<meta property=\"og:image\" content=\"https:\/\/www.smokingpaper.com\/wp-content\/uploads\/2021\/12\/cones_deluxe_bulk-removebg-preview.png\" \/>\n\t<meta property=\"og:image:width\" content=\"667\" \/>\n\t<meta property=\"og:image:height\" content=\"374\" \/>\n\t<meta property=\"og:image:type\" content=\"image\/png\" \/>\n<meta name=\"twitter:card\" content=\"summary_large_image\" \/>\n<!-- \/ Yoast SEO plugin. -->","yoast_head_json":{"title":"Cones Deluxe Bulk | Smoking Papel","description":"Conos Deluxe Bulk, productos para fumadores de la mejor calidad en Smoking Paper \u2705 A los mejores precios, \u00a1cat\u00e1logo de productos online!","robots":{"index":"index","follow":"follow","max-snippet":"max-snippet:-1","max-image-preview":"max-image-preview:large","max-video-preview":"max-video-preview:-1"},"canonical":"https:\/\/www.smokingpaper.com\/es\/producto\/deluxe-bulk-cones\/","og_locale":"es_ES","og_type":"article","og_title":"Cones Deluxe Bulk | Smoking Papel","og_description":"Conos Deluxe Bulk, productos para fumadores de la mejor calidad en Smoking Paper \u2705 A los mejores precios, \u00a1cat\u00e1logo de productos online!","og_url":"https:\/\/www.smokingpaper.com\/es\/producto\/deluxe-bulk-cones\/","og_site_name":"Smoking","article_modified_time":"2023-10-05T08:47:47+00:00","og_image":[{"width":667,"height":374,"url":"https:\/\/www.smokingpaper.com\/wp-content\/uploads\/2021\/12\/cones_deluxe_bulk-removebg-preview.png","type":"image\/png"}],"twitter_card":"summary_large_image","schema":{"@context":"https:\/\/schema.org","@graph":[{"@type":"BreadcrumbList","@id":"https:\/\/www.smokingpaper.com\/es\/producto\/deluxe-bulk-cones\/#breadcrumb","itemListElement":[{"@type":"ListItem","position":1,"name":"Home","item":"https:\/\/www.smokingpaper.com\/es\/"},{"@type":"ListItem","position":2,"name":"Productos","item":"https:\/\/www.smokingpaper.com\/es\/shop\/"},{"@type":"ListItem","position":3,"name":"Conos","item":"https:\/\/www.smokingpaper.com\/es\/productos\/conos\/"},{"@type":"ListItem","position":4,"name":"Conos Deluxe Bulk"}]}]}},"_links":{"self":[{"href":"https:\/\/www.smokingpaper.com\/es\/wp-json\/wp\/v2\/product\/1128","targetHints":{"allow":["GET"]}}],"collection":[{"href":"https:\/\/www.smokingpaper.com\/es\/wp-json\/wp\/v2\/product"}],"about":[{"href":"https:\/\/www.smokingpaper.com\/es\/wp-json\/wp\/v2\/types\/product"}],"wp:featuredmedia":[{"embeddable":true,"href":"https:\/\/www.smokingpaper.com\/es\/wp-json\/wp\/v2\/media\/1126"}],"wp:attachment":[{"href":"https:\/\/www.smokingpaper.com\/es\/wp-json\/wp\/v2\/media?parent=1128"}],"wp:term":[{"taxonomy":"product_brand","embeddable":true,"href":"https:\/\/www.smokingpaper.com\/es\/wp-json\/wp\/v2\/product_brand?post=1128"},{"taxonomy":"product_cat","embeddable":true,"href":"https:\/\/www.smokingpaper.com\/es\/wp-json\/wp\/v2\/product_cat?post=1128"},{"taxonomy":"product_tag","embeddable":true,"href":"https:\/\/www.smokingpaper.com\/es\/wp-json\/wp\/v2\/product_tag?post=1128"}],"curies":[{"name":"wp","href":"https:\/\/api.w.org\/{rel}","templated":true}]}}