{"id":11178,"date":"2025-01-09T20:56:50","date_gmt":"2025-01-09T19:56:50","guid":{"rendered":"https:\/\/www.smokingpaper.com\/papel-king-size-coleccion-creators\/"},"modified":"2025-01-16T10:44:51","modified_gmt":"2025-01-16T09:44:51","slug":"papel-king-size-coleccion-creators","status":"publish","type":"product","link":"https:\/\/www.smokingpaper.com\/es\/producto\/papel-king-size-coleccion-creators\/","title":{"rendered":"Papel King Size Colecci\u00f3n Creators"},"content":{"rendered":"","protected":false},"excerpt":{"rendered":"<p>La <strong>colecci\u00f3n Smoking Paper Creators<\/strong> combina arte, innovaci\u00f3n y calidad en una edici\u00f3n especial dise\u00f1ada para los amantes de los <strong>dise\u00f1os \u00fanicos<\/strong> y el cuidado por los detalles. Cada librito es una <strong>obra art\u00edstica<\/strong>, con <strong>papel ultrafino de 13 g\/m\u00b2<\/strong> para una <strong>quema lenta y uniforme<\/strong>, y <strong>dise\u00f1os exclusivos<\/strong> inspirados en el arte urbano y la creatividad contempor\u00e1nea. Su formato <strong>King Size (108 x 44 mm)<\/strong> incluye <strong>33 hojas por librito<\/strong>, adem\u00e1s de un <strong>watermark exclusivo de Smoking<\/strong>, que garantiza una combusti\u00f3n equilibrada. Una colecci\u00f3n perfecta para quienes valoran el estilo y la funcionalidad en cada detalle.<\/p>\n","protected":false},"featured_media":11243,"template":"","meta":{"_acf_changed":false,"inline_featured_image":false},"product_brand":[],"product_cat":[67,92],"product_tag":[],"class_list":{"0":"post-11178","1":"product","2":"type-product","3":"status-publish","4":"has-post-thumbnail","6":"product_cat-papeles","7":"product_cat-kingsize","9":"first","10":"instock","11":"shipping-taxable","12":"product-type-simple"},"acf":[],"yoast_head":"<!-- This site is optimized with the Yoast SEO plugin v26.2 - https:\/\/yoast.com\/wordpress\/plugins\/seo\/ -->\n<title>Papel King Size Colecci\u00f3n Creators | Smoking Paper<\/title>\n<meta name=\"description\" content=\"Descubre la colecci\u00f3n Smoking Paper Creators: dise\u00f1os \u00fanicos, papel ultrafino King Size. Arte, innovaci\u00f3n y calidad en cada librito. \u00a1Vis\u00edtanos!\" \/>\n<meta name=\"robots\" content=\"index, follow, max-snippet:-1, max-image-preview:large, max-video-preview:-1\" \/>\n<link rel=\"canonical\" href=\"https:\/\/www.smokingpaper.com\/es\/producto\/papel-king-size-coleccion-creators\/\" \/>\n<meta property=\"og:locale\" content=\"es_ES\" \/>\n<meta property=\"og:type\" content=\"article\" \/>\n<meta property=\"og:title\" content=\"Papel King Size Colecci\u00f3n Creators | Smoking Paper\" \/>\n<meta property=\"og:description\" content=\"Descubre la colecci\u00f3n Smoking Paper Creators: dise\u00f1os \u00fanicos, papel ultrafino King Size. Arte, innovaci\u00f3n y calidad en cada librito. \u00a1Vis\u00edtanos!\" \/>\n<meta property=\"og:url\" content=\"https:\/\/www.smokingpaper.com\/es\/producto\/papel-king-size-coleccion-creators\/\" \/>\n<meta property=\"og:site_name\" content=\"Smoking\" \/>\n<meta property=\"article:modified_time\" content=\"2025-01-16T09:44:51+00:00\" \/>\n<meta property=\"og:image\" content=\"https:\/\/www.smokingpaper.com\/wp-content\/uploads\/2025\/01\/KING-SIZE-SMOKING-CREATORS.png\" \/>\n\t<meta property=\"og:image:width\" content=\"944\" \/>\n\t<meta property=\"og:image:height\" content=\"708\" \/>\n\t<meta property=\"og:image:type\" content=\"image\/png\" \/>\n<meta name=\"twitter:card\" content=\"summary_large_image\" \/>\n<!-- \/ Yoast SEO plugin. -->","yoast_head_json":{"title":"Papel King Size Colecci\u00f3n Creators | Smoking Paper","description":"Descubre la colecci\u00f3n Smoking Paper Creators: dise\u00f1os \u00fanicos, papel ultrafino King Size. Arte, innovaci\u00f3n y calidad en cada librito. \u00a1Vis\u00edtanos!","robots":{"index":"index","follow":"follow","max-snippet":"max-snippet:-1","max-image-preview":"max-image-preview:large","max-video-preview":"max-video-preview:-1"},"canonical":"https:\/\/www.smokingpaper.com\/es\/producto\/papel-king-size-coleccion-creators\/","og_locale":"es_ES","og_type":"article","og_title":"Papel King Size Colecci\u00f3n Creators | Smoking Paper","og_description":"Descubre la colecci\u00f3n Smoking Paper Creators: dise\u00f1os \u00fanicos, papel ultrafino King Size. Arte, innovaci\u00f3n y calidad en cada librito. \u00a1Vis\u00edtanos!","og_url":"https:\/\/www.smokingpaper.com\/es\/producto\/papel-king-size-coleccion-creators\/","og_site_name":"Smoking","article_modified_time":"2025-01-16T09:44:51+00:00","og_image":[{"width":944,"height":708,"url":"https:\/\/www.smokingpaper.com\/wp-content\/uploads\/2025\/01\/KING-SIZE-SMOKING-CREATORS.png","type":"image\/png"}],"twitter_card":"summary_large_image","schema":{"@context":"https:\/\/schema.org","@graph":[{"@type":"BreadcrumbList","@id":"https:\/\/www.smokingpaper.com\/es\/producto\/papel-king-size-coleccion-creators\/#breadcrumb","itemListElement":[{"@type":"ListItem","position":1,"name":"Home","item":"https:\/\/www.smokingpaper.com\/es\/"},{"@type":"ListItem","position":2,"name":"Productos","item":"https:\/\/www.smokingpaper.com\/es\/shop\/"},{"@type":"ListItem","position":3,"name":"Papel de liar","item":"https:\/\/www.smokingpaper.com\/es\/productos\/papeles\/"},{"@type":"ListItem","position":4,"name":"King Size","item":"https:\/\/www.smokingpaper.com\/es\/productos\/papeles\/kingsize\/"},{"@type":"ListItem","position":5,"name":"Papel King Size Colecci\u00f3n Creators"}]}]}},"_links":{"self":[{"href":"https:\/\/www.smokingpaper.com\/es\/wp-json\/wp\/v2\/product\/11178","targetHints":{"allow":["GET"]}}],"collection":[{"href":"https:\/\/www.smokingpaper.com\/es\/wp-json\/wp\/v2\/product"}],"about":[{"href":"https:\/\/www.smokingpaper.com\/es\/wp-json\/wp\/v2\/types\/product"}],"wp:featuredmedia":[{"embeddable":true,"href":"https:\/\/www.smokingpaper.com\/es\/wp-json\/wp\/v2\/media\/11243"}],"wp:attachment":[{"href":"https:\/\/www.smokingpaper.com\/es\/wp-json\/wp\/v2\/media?parent=11178"}],"wp:term":[{"taxonomy":"product_brand","embeddable":true,"href":"https:\/\/www.smokingpaper.com\/es\/wp-json\/wp\/v2\/product_brand?post=11178"},{"taxonomy":"product_cat","embeddable":true,"href":"https:\/\/www.smokingpaper.com\/es\/wp-json\/wp\/v2\/product_cat?post=11178"},{"taxonomy":"product_tag","embeddable":true,"href":"https:\/\/www.smokingpaper.com\/es\/wp-json\/wp\/v2\/product_tag?post=11178"}],"curies":[{"name":"wp","href":"https:\/\/api.w.org\/{rel}","templated":true}]}}