{"id":11169,"date":"2025-01-09T10:27:03","date_gmt":"2025-01-09T09:27:03","guid":{"rendered":"https:\/\/www.smokingpaper.com\/papel-de-liar-king-size-coleccion-kukuxumusu-centenary\/"},"modified":"2025-01-16T11:06:59","modified_gmt":"2025-01-16T10:06:59","slug":"papel-de-liar-king-size-coleccion-kukuxumusu-centenary","status":"publish","type":"product","link":"https:\/\/www.smokingpaper.com\/es\/producto\/papel-de-liar-king-size-coleccion-kukuxumusu-centenary\/","title":{"rendered":"Papel de liar King Size Colecci\u00f3n Kukuxumusu Centenary"},"content":{"rendered":"","protected":false},"excerpt":{"rendered":"<p>La <strong>colecci\u00f3n Smoking Kukuxumusu Centenary KS<\/strong> celebra el arte, la creatividad y la calidad en su m\u00e1xima expresi\u00f3n, combinando <strong>dise\u00f1os exclusivos<\/strong> con caracter\u00edsticas t\u00e9cnicas excepcionales. Inspirada en el legado de Kukuxumusu y el compromiso de Smoking con la excelencia, esta edici\u00f3n especial presenta <strong>dise\u00f1os tem\u00e1ticos que cuentan historias<\/strong>, con <strong>ilustraciones frescas y din\u00e1micas<\/strong> que reflejan creatividad e innovaci\u00f3n, ideales para <strong>coleccionistas<\/strong>. Su composici\u00f3n t\u00e9cnica incluye <strong>papel ultrafino de 13 g\/m\u00b2<\/strong> para una <strong>quema lenta y uniforme<\/strong>, una <strong>marca de agua exclusiva de Smoking<\/strong>, un <strong>formato King Size (108 x 44 mm)<\/strong> y <strong>33 hojas por libreta<\/strong>, todo certificado como sostenible por <strong>FSC\u00ae<\/strong>. M\u00e1s que un producto, es un homenaje a la creatividad.<\/p>\n","protected":false},"featured_media":11249,"template":"","meta":{"_acf_changed":false,"inline_featured_image":false},"product_brand":[],"product_cat":[67,92],"product_tag":[],"class_list":{"0":"post-11169","1":"product","2":"type-product","3":"status-publish","4":"has-post-thumbnail","6":"product_cat-papeles","7":"product_cat-kingsize","9":"first","10":"instock","11":"shipping-taxable","12":"product-type-simple"},"acf":[],"yoast_head":"<!-- This site is optimized with the Yoast SEO plugin v26.2 - https:\/\/yoast.com\/wordpress\/plugins\/seo\/ -->\n<title>Papel de liar King Size Colecci\u00f3n Kukuxumusu Centenary | Smoking Paper<\/title>\n<meta name=\"description\" content=\"Descubre la colecci\u00f3n Kukuxumusu Centenario KS: dise\u00f1os \u00fanicos, papel ultrafino y sostenible. \u00a1Aporta creatividad y calidad a tu experiencia!\" \/>\n<meta name=\"robots\" content=\"index, follow, max-snippet:-1, max-image-preview:large, max-video-preview:-1\" \/>\n<link rel=\"canonical\" href=\"https:\/\/www.smokingpaper.com\/es\/producto\/papel-de-liar-king-size-coleccion-kukuxumusu-centenary\/\" \/>\n<meta property=\"og:locale\" content=\"es_ES\" \/>\n<meta property=\"og:type\" content=\"article\" \/>\n<meta property=\"og:title\" content=\"Papel de liar King Size Colecci\u00f3n Kukuxumusu Centenary | Smoking Paper\" \/>\n<meta property=\"og:description\" content=\"Descubre la colecci\u00f3n Kukuxumusu Centenario KS: dise\u00f1os \u00fanicos, papel ultrafino y sostenible. \u00a1Aporta creatividad y calidad a tu experiencia!\" \/>\n<meta property=\"og:url\" content=\"https:\/\/www.smokingpaper.com\/es\/producto\/papel-de-liar-king-size-coleccion-kukuxumusu-centenary\/\" \/>\n<meta property=\"og:site_name\" content=\"Smoking\" \/>\n<meta property=\"article:modified_time\" content=\"2025-01-16T10:06:59+00:00\" \/>\n<meta property=\"og:image\" content=\"https:\/\/www.smokingpaper.com\/wp-content\/uploads\/2025\/01\/FICHA-PRODUCTO-Kukuxumusu-Centenary.png\" \/>\n\t<meta property=\"og:image:width\" content=\"944\" \/>\n\t<meta property=\"og:image:height\" content=\"708\" \/>\n\t<meta property=\"og:image:type\" content=\"image\/png\" \/>\n<meta name=\"twitter:card\" content=\"summary_large_image\" \/>\n<!-- \/ Yoast SEO plugin. -->","yoast_head_json":{"title":"Papel de liar King Size Colecci\u00f3n Kukuxumusu Centenary | Smoking Paper","description":"Descubre la colecci\u00f3n Kukuxumusu Centenario KS: dise\u00f1os \u00fanicos, papel ultrafino y sostenible. \u00a1Aporta creatividad y calidad a tu experiencia!","robots":{"index":"index","follow":"follow","max-snippet":"max-snippet:-1","max-image-preview":"max-image-preview:large","max-video-preview":"max-video-preview:-1"},"canonical":"https:\/\/www.smokingpaper.com\/es\/producto\/papel-de-liar-king-size-coleccion-kukuxumusu-centenary\/","og_locale":"es_ES","og_type":"article","og_title":"Papel de liar King Size Colecci\u00f3n Kukuxumusu Centenary | Smoking Paper","og_description":"Descubre la colecci\u00f3n Kukuxumusu Centenario KS: dise\u00f1os \u00fanicos, papel ultrafino y sostenible. \u00a1Aporta creatividad y calidad a tu experiencia!","og_url":"https:\/\/www.smokingpaper.com\/es\/producto\/papel-de-liar-king-size-coleccion-kukuxumusu-centenary\/","og_site_name":"Smoking","article_modified_time":"2025-01-16T10:06:59+00:00","og_image":[{"width":944,"height":708,"url":"https:\/\/www.smokingpaper.com\/wp-content\/uploads\/2025\/01\/FICHA-PRODUCTO-Kukuxumusu-Centenary.png","type":"image\/png"}],"twitter_card":"summary_large_image","schema":{"@context":"https:\/\/schema.org","@graph":[{"@type":"BreadcrumbList","@id":"https:\/\/www.smokingpaper.com\/es\/producto\/papel-de-liar-king-size-coleccion-kukuxumusu-centenary\/#breadcrumb","itemListElement":[{"@type":"ListItem","position":1,"name":"Home","item":"https:\/\/www.smokingpaper.com\/es\/"},{"@type":"ListItem","position":2,"name":"Productos","item":"https:\/\/www.smokingpaper.com\/es\/shop\/"},{"@type":"ListItem","position":3,"name":"Papel de liar","item":"https:\/\/www.smokingpaper.com\/es\/productos\/papeles\/"},{"@type":"ListItem","position":4,"name":"King Size","item":"https:\/\/www.smokingpaper.com\/es\/productos\/papeles\/kingsize\/"},{"@type":"ListItem","position":5,"name":"Papel de liar King Size Colecci\u00f3n Kukuxumusu Centenary"}]}]}},"_links":{"self":[{"href":"https:\/\/www.smokingpaper.com\/es\/wp-json\/wp\/v2\/product\/11169","targetHints":{"allow":["GET"]}}],"collection":[{"href":"https:\/\/www.smokingpaper.com\/es\/wp-json\/wp\/v2\/product"}],"about":[{"href":"https:\/\/www.smokingpaper.com\/es\/wp-json\/wp\/v2\/types\/product"}],"wp:featuredmedia":[{"embeddable":true,"href":"https:\/\/www.smokingpaper.com\/es\/wp-json\/wp\/v2\/media\/11249"}],"wp:attachment":[{"href":"https:\/\/www.smokingpaper.com\/es\/wp-json\/wp\/v2\/media?parent=11169"}],"wp:term":[{"taxonomy":"product_brand","embeddable":true,"href":"https:\/\/www.smokingpaper.com\/es\/wp-json\/wp\/v2\/product_brand?post=11169"},{"taxonomy":"product_cat","embeddable":true,"href":"https:\/\/www.smokingpaper.com\/es\/wp-json\/wp\/v2\/product_cat?post=11169"},{"taxonomy":"product_tag","embeddable":true,"href":"https:\/\/www.smokingpaper.com\/es\/wp-json\/wp\/v2\/product_tag?post=11169"}],"curies":[{"name":"wp","href":"https:\/\/api.w.org\/{rel}","templated":true}]}}