{"id":11165,"date":"2025-01-09T09:02:41","date_gmt":"2025-01-09T08:02:41","guid":{"rendered":"https:\/\/www.smokingpaper.com\/papel-de-liar-king-size-coleccion-kukuxumusu\/"},"modified":"2025-01-16T11:11:18","modified_gmt":"2025-01-16T10:11:18","slug":"papel-de-liar-king-size-coleccion-kukuxumusu","status":"publish","type":"product","link":"https:\/\/www.smokingpaper.com\/es\/producto\/papel-de-liar-king-size-coleccion-kukuxumusu\/","title":{"rendered":"Papel de liar King Size Colecci\u00f3n Kukuxumusu"},"content":{"rendered":"","protected":false},"excerpt":{"rendered":"<p>La <strong>colecci\u00f3n Smoking Kukuxumusu King Size<\/strong> combina el <strong>estilo creativo y humor\u00edstico<\/strong> de Kukuxumusu con la <strong>reconocida calidad<\/strong> de Smoking Paper, ofreciendo un producto <strong>pr\u00e1ctico y llamativo<\/strong> para quienes valoran la originalidad. La colecci\u00f3n incluye <strong>15 libretas \u00fanicas<\/strong>, cada una con <strong>ilustraciones coloridas y llenas de humor<\/strong>, que reflejan el <strong>esp\u00edritu aut\u00e9ntico<\/strong> de Kukuxumusu, convirti\u00e9ndola en una opci\u00f3n perfecta para coleccionistas y amantes de los dise\u00f1os exclusivos. Con <strong>papel ultrafino (13 g\/m\u00b2)<\/strong> que garantiza una <strong>quema lenta y uniforme<\/strong>, un <strong>formato King Size (108 x 37 mm)<\/strong>, <strong>33 hojas por libreta<\/strong> y una <strong>marca de agua Smoking<\/strong> que asegura una combusti\u00f3n controlada, esta colecci\u00f3n garantiza una <strong>funcionalidad premium<\/strong>. Adem\u00e1s, cuenta con <strong>goma 100 % natural, libre de aditivos<\/strong>, y <strong>certificaci\u00f3n FSC\u00ae<\/strong>, lo que asegura materiales <strong>ecol\u00f3gicos y sostenibles<\/strong>. Esta colecci\u00f3n combina perfectamente <strong>creatividad, funcionalidad y sostenibilidad<\/strong>.<\/p>\n","protected":false},"featured_media":11256,"template":"","meta":{"_acf_changed":false,"inline_featured_image":false},"product_brand":[],"product_cat":[67,92],"product_tag":[],"class_list":{"0":"post-11165","1":"product","2":"type-product","3":"status-publish","4":"has-post-thumbnail","6":"product_cat-papeles","7":"product_cat-kingsize","9":"first","10":"instock","11":"shipping-taxable","12":"product-type-simple"},"acf":[],"yoast_head":"<!-- This site is optimized with the Yoast SEO plugin v26.2 - https:\/\/yoast.com\/wordpress\/plugins\/seo\/ -->\n<title>Papel de liar King Size Colecci\u00f3n Kukuxumusu | Smoking Paper<\/title>\n<meta name=\"description\" content=\"Descubre una colecci\u00f3n especial de papel de liar King Size en colaboraci\u00f3n con Kukuxumusu. Una edici\u00f3n divertida llena de dise\u00f1os \u00fanicos. \u00a1Visita nuestro cat\u00e1logo!\" \/>\n<meta name=\"robots\" content=\"index, follow, max-snippet:-1, max-image-preview:large, max-video-preview:-1\" \/>\n<link rel=\"canonical\" href=\"https:\/\/www.smokingpaper.com\/es\/producto\/papel-de-liar-king-size-coleccion-kukuxumusu\/\" \/>\n<meta property=\"og:locale\" content=\"es_ES\" \/>\n<meta property=\"og:type\" content=\"article\" \/>\n<meta property=\"og:title\" content=\"Papel de liar King Size Colecci\u00f3n Kukuxumusu | Smoking Paper\" \/>\n<meta property=\"og:description\" content=\"Descubre una colecci\u00f3n especial de papel de liar King Size en colaboraci\u00f3n con Kukuxumusu. Una edici\u00f3n divertida llena de dise\u00f1os \u00fanicos. \u00a1Visita nuestro cat\u00e1logo!\" \/>\n<meta property=\"og:url\" content=\"https:\/\/www.smokingpaper.com\/es\/producto\/papel-de-liar-king-size-coleccion-kukuxumusu\/\" \/>\n<meta property=\"og:site_name\" content=\"Smoking\" \/>\n<meta property=\"article:modified_time\" content=\"2025-01-16T10:11:18+00:00\" \/>\n<meta property=\"og:image\" content=\"https:\/\/www.smokingpaper.com\/wp-content\/uploads\/2025\/01\/FICHA-PRODUCTO-Kukuxumusu-King-Size.png\" \/>\n\t<meta property=\"og:image:width\" content=\"944\" \/>\n\t<meta property=\"og:image:height\" content=\"708\" \/>\n\t<meta property=\"og:image:type\" content=\"image\/png\" \/>\n<meta name=\"twitter:card\" content=\"summary_large_image\" \/>\n<!-- \/ Yoast SEO plugin. -->","yoast_head_json":{"title":"Papel de liar King Size Colecci\u00f3n Kukuxumusu | Smoking Paper","description":"Descubre una colecci\u00f3n especial de papel de liar King Size en colaboraci\u00f3n con Kukuxumusu. Una edici\u00f3n divertida llena de dise\u00f1os \u00fanicos. \u00a1Visita nuestro cat\u00e1logo!","robots":{"index":"index","follow":"follow","max-snippet":"max-snippet:-1","max-image-preview":"max-image-preview:large","max-video-preview":"max-video-preview:-1"},"canonical":"https:\/\/www.smokingpaper.com\/es\/producto\/papel-de-liar-king-size-coleccion-kukuxumusu\/","og_locale":"es_ES","og_type":"article","og_title":"Papel de liar King Size Colecci\u00f3n Kukuxumusu | Smoking Paper","og_description":"Descubre una colecci\u00f3n especial de papel de liar King Size en colaboraci\u00f3n con Kukuxumusu. Una edici\u00f3n divertida llena de dise\u00f1os \u00fanicos. \u00a1Visita nuestro cat\u00e1logo!","og_url":"https:\/\/www.smokingpaper.com\/es\/producto\/papel-de-liar-king-size-coleccion-kukuxumusu\/","og_site_name":"Smoking","article_modified_time":"2025-01-16T10:11:18+00:00","og_image":[{"width":944,"height":708,"url":"https:\/\/www.smokingpaper.com\/wp-content\/uploads\/2025\/01\/FICHA-PRODUCTO-Kukuxumusu-King-Size.png","type":"image\/png"}],"twitter_card":"summary_large_image","schema":{"@context":"https:\/\/schema.org","@graph":[{"@type":"BreadcrumbList","@id":"https:\/\/www.smokingpaper.com\/es\/producto\/papel-de-liar-king-size-coleccion-kukuxumusu\/#breadcrumb","itemListElement":[{"@type":"ListItem","position":1,"name":"Home","item":"https:\/\/www.smokingpaper.com\/es\/"},{"@type":"ListItem","position":2,"name":"Productos","item":"https:\/\/www.smokingpaper.com\/es\/shop\/"},{"@type":"ListItem","position":3,"name":"Papel de liar","item":"https:\/\/www.smokingpaper.com\/es\/productos\/papeles\/"},{"@type":"ListItem","position":4,"name":"King Size","item":"https:\/\/www.smokingpaper.com\/es\/productos\/papeles\/kingsize\/"},{"@type":"ListItem","position":5,"name":"Papel de liar King Size Colecci\u00f3n Kukuxumusu"}]}]}},"_links":{"self":[{"href":"https:\/\/www.smokingpaper.com\/es\/wp-json\/wp\/v2\/product\/11165","targetHints":{"allow":["GET"]}}],"collection":[{"href":"https:\/\/www.smokingpaper.com\/es\/wp-json\/wp\/v2\/product"}],"about":[{"href":"https:\/\/www.smokingpaper.com\/es\/wp-json\/wp\/v2\/types\/product"}],"wp:featuredmedia":[{"embeddable":true,"href":"https:\/\/www.smokingpaper.com\/es\/wp-json\/wp\/v2\/media\/11256"}],"wp:attachment":[{"href":"https:\/\/www.smokingpaper.com\/es\/wp-json\/wp\/v2\/media?parent=11165"}],"wp:term":[{"taxonomy":"product_brand","embeddable":true,"href":"https:\/\/www.smokingpaper.com\/es\/wp-json\/wp\/v2\/product_brand?post=11165"},{"taxonomy":"product_cat","embeddable":true,"href":"https:\/\/www.smokingpaper.com\/es\/wp-json\/wp\/v2\/product_cat?post=11165"},{"taxonomy":"product_tag","embeddable":true,"href":"https:\/\/www.smokingpaper.com\/es\/wp-json\/wp\/v2\/product_tag?post=11165"}],"curies":[{"name":"wp","href":"https:\/\/api.w.org\/{rel}","templated":true}]}}