{"id":1101,"date":"2021-12-02T16:41:57","date_gmt":"2021-12-02T15:41:57","guid":{"rendered":"http:\/\/new.smokingpaper.com\/product\/thinnest-brown-rolls\/"},"modified":"2024-12-12T13:15:49","modified_gmt":"2024-12-12T12:15:49","slug":"thinnest-brown-rolls","status":"publish","type":"product","link":"https:\/\/www.smokingpaper.com\/es\/producto\/thinnest-brown-rolls\/","title":{"rendered":"Thinnest Brown Rolls"},"content":{"rendered":"","protected":false},"excerpt":{"rendered":"<p><span data-sheets-value=\"{&quot;1&quot;:2,&quot;2&quot;:&quot;\u00a1El papel m\u00e1s fino y sin blanquear! En el pack de Thinnest Brown Rolls tienes hasta 4 m del papel m\u00e1s delgado de todos, con un peso de tan solo 10 g\/m2. Es un 20% m\u00e1s ligero que la media de papeles en el mercado. Adem\u00e1s, est\u00e1 menos procesado y, por tanto, es m\u00e1s sostenible con el medio ambiente. El producto cuenta con certificado FSC\u00ae, por venir de bosques que preservan la Biodiversidad. Y tiene goma 100% natural vegetal, sin colorantes ni otros aditivos, para conseguir un pegado efectivo al primer intento.&quot;}\" data-sheets-userformat=\"{&quot;2&quot;:1319869,&quot;3&quot;:{&quot;1&quot;:0},&quot;5&quot;:{&quot;1&quot;:[{&quot;1&quot;:2,&quot;2&quot;:0,&quot;5&quot;:{&quot;1&quot;:2,&quot;2&quot;:0}},{&quot;1&quot;:0,&quot;2&quot;:0,&quot;3&quot;:3},{&quot;1&quot;:1,&quot;2&quot;:0,&quot;4&quot;:1}]},&quot;6&quot;:{&quot;1&quot;:[{&quot;1&quot;:2,&quot;2&quot;:0,&quot;5&quot;:{&quot;1&quot;:2,&quot;2&quot;:0}},{&quot;1&quot;:0,&quot;2&quot;:0,&quot;3&quot;:3},{&quot;1&quot;:1,&quot;2&quot;:0,&quot;4&quot;:1}]},&quot;7&quot;:{&quot;1&quot;:[{&quot;1&quot;:2,&quot;2&quot;:0,&quot;5&quot;:{&quot;1&quot;:2,&quot;2&quot;:0}},{&quot;1&quot;:0,&quot;2&quot;:0,&quot;3&quot;:3},{&quot;1&quot;:1,&quot;2&quot;:0,&quot;4&quot;:1}]},&quot;8&quot;:{&quot;1&quot;:[{&quot;1&quot;:2,&quot;2&quot;:0,&quot;5&quot;:{&quot;1&quot;:2,&quot;2&quot;:0}},{&quot;1&quot;:0,&quot;2&quot;:0,&quot;3&quot;:3},{&quot;1&quot;:1,&quot;2&quot;:0,&quot;4&quot;:1}]},&quot;10&quot;:1,&quot;11&quot;:4,&quot;12&quot;:0,&quot;16&quot;:10,&quot;21&quot;:0,&quot;23&quot;:2}\">\u00a1El papel m\u00e1s fino y sin blanquear! En el pack de Thinnest Brown Rolls tienes hasta 4 m del papel m\u00e1s delgado de todos, con un peso de tan solo 12 g\/m2. Es un 20% m\u00e1s ligero que la media de papeles en el mercado. Adem\u00e1s, est\u00e1 menos procesado y, por tanto, es m\u00e1s sostenible con el medio ambiente. El producto cuenta con certificado FSC\u00ae, por venir de bosques que preservan la Biodiversidad. Y tiene goma 100% natural vegetal, sin colorantes ni otros aditivos, para conseguir un pegado efectivo al primer intento.<\/span><\/p>\n","protected":false},"featured_media":7533,"template":"","meta":{"_acf_changed":false,"inline_featured_image":false},"product_brand":[],"product_cat":[67,370],"product_tag":[],"class_list":{"0":"post-1101","1":"product","2":"type-product","3":"status-publish","4":"has-post-thumbnail","6":"product_cat-papeles","7":"product_cat-rolls","9":"first","10":"instock","11":"shipping-taxable","12":"product-type-simple"},"acf":[],"yoast_head":"<!-- This site is optimized with the Yoast SEO plugin v26.2 - https:\/\/yoast.com\/wordpress\/plugins\/seo\/ -->\n<title>Rolls Thinnest Brown | Smoking Papel<\/title>\n<meta name=\"description\" content=\"Thinnest Brown Rolls de Smoking, con 4m. Este rollo de papel para fumar ultradelgado te ofrece la libertad de crear fumadas con estilo y distinci\u00f3n. \u00a1Pru\u00e9balo!\" \/>\n<meta name=\"robots\" content=\"index, follow, max-snippet:-1, max-image-preview:large, max-video-preview:-1\" \/>\n<link rel=\"canonical\" href=\"https:\/\/www.smokingpaper.com\/es\/producto\/thinnest-brown-rolls\/\" \/>\n<meta property=\"og:locale\" content=\"es_ES\" \/>\n<meta property=\"og:type\" content=\"article\" \/>\n<meta property=\"og:title\" content=\"Rolls Thinnest Brown | Smoking Papel\" \/>\n<meta property=\"og:description\" content=\"Thinnest Brown Rolls de Smoking, con 4m. Este rollo de papel para fumar ultradelgado te ofrece la libertad de crear fumadas con estilo y distinci\u00f3n. \u00a1Pru\u00e9balo!\" \/>\n<meta property=\"og:url\" content=\"https:\/\/www.smokingpaper.com\/es\/producto\/thinnest-brown-rolls\/\" \/>\n<meta property=\"og:site_name\" content=\"Smoking\" \/>\n<meta property=\"article:modified_time\" content=\"2024-12-12T12:15:49+00:00\" \/>\n<meta property=\"og:image\" content=\"https:\/\/www.smokingpaper.com\/wp-content\/uploads\/2022\/01\/3d-smoking-thinnest-brown-roll-estuche-1.png\" \/>\n\t<meta property=\"og:image:width\" content=\"917\" \/>\n\t<meta property=\"og:image:height\" content=\"768\" \/>\n\t<meta property=\"og:image:type\" content=\"image\/png\" \/>\n<meta name=\"twitter:card\" content=\"summary_large_image\" \/>\n<!-- \/ Yoast SEO plugin. -->","yoast_head_json":{"title":"Rolls Thinnest Brown | Smoking Papel","description":"Thinnest Brown Rolls de Smoking, con 4m. Este rollo de papel para fumar ultradelgado te ofrece la libertad de crear fumadas con estilo y distinci\u00f3n. \u00a1Pru\u00e9balo!","robots":{"index":"index","follow":"follow","max-snippet":"max-snippet:-1","max-image-preview":"max-image-preview:large","max-video-preview":"max-video-preview:-1"},"canonical":"https:\/\/www.smokingpaper.com\/es\/producto\/thinnest-brown-rolls\/","og_locale":"es_ES","og_type":"article","og_title":"Rolls Thinnest Brown | Smoking Papel","og_description":"Thinnest Brown Rolls de Smoking, con 4m. Este rollo de papel para fumar ultradelgado te ofrece la libertad de crear fumadas con estilo y distinci\u00f3n. \u00a1Pru\u00e9balo!","og_url":"https:\/\/www.smokingpaper.com\/es\/producto\/thinnest-brown-rolls\/","og_site_name":"Smoking","article_modified_time":"2024-12-12T12:15:49+00:00","og_image":[{"width":917,"height":768,"url":"https:\/\/www.smokingpaper.com\/wp-content\/uploads\/2022\/01\/3d-smoking-thinnest-brown-roll-estuche-1.png","type":"image\/png"}],"twitter_card":"summary_large_image","schema":{"@context":"https:\/\/schema.org","@graph":[{"@type":"BreadcrumbList","@id":"https:\/\/www.smokingpaper.com\/es\/producto\/thinnest-brown-rolls\/#breadcrumb","itemListElement":[{"@type":"ListItem","position":1,"name":"Home","item":"https:\/\/www.smokingpaper.com\/es\/"},{"@type":"ListItem","position":2,"name":"Productos","item":"https:\/\/www.smokingpaper.com\/es\/shop\/"},{"@type":"ListItem","position":3,"name":"Papel de liar","item":"https:\/\/www.smokingpaper.com\/es\/productos\/papeles\/"},{"@type":"ListItem","position":4,"name":"Thinnest Brown Rolls"}]}]}},"_links":{"self":[{"href":"https:\/\/www.smokingpaper.com\/es\/wp-json\/wp\/v2\/product\/1101","targetHints":{"allow":["GET"]}}],"collection":[{"href":"https:\/\/www.smokingpaper.com\/es\/wp-json\/wp\/v2\/product"}],"about":[{"href":"https:\/\/www.smokingpaper.com\/es\/wp-json\/wp\/v2\/types\/product"}],"wp:featuredmedia":[{"embeddable":true,"href":"https:\/\/www.smokingpaper.com\/es\/wp-json\/wp\/v2\/media\/7533"}],"wp:attachment":[{"href":"https:\/\/www.smokingpaper.com\/es\/wp-json\/wp\/v2\/media?parent=1101"}],"wp:term":[{"taxonomy":"product_brand","embeddable":true,"href":"https:\/\/www.smokingpaper.com\/es\/wp-json\/wp\/v2\/product_brand?post=1101"},{"taxonomy":"product_cat","embeddable":true,"href":"https:\/\/www.smokingpaper.com\/es\/wp-json\/wp\/v2\/product_cat?post=1101"},{"taxonomy":"product_tag","embeddable":true,"href":"https:\/\/www.smokingpaper.com\/es\/wp-json\/wp\/v2\/product_tag?post=1101"}],"curies":[{"name":"wp","href":"https:\/\/api.w.org\/{rel}","templated":true}]}}