{"id":1089,"date":"2021-12-02T16:31:33","date_gmt":"2021-12-02T15:31:33","guid":{"rendered":"http:\/\/new.smokingpaper.com\/product\/organic-rolls\/"},"modified":"2024-03-21T12:42:20","modified_gmt":"2024-03-21T11:42:20","slug":"organic-rolls","status":"publish","type":"product","link":"https:\/\/www.smokingpaper.com\/es\/producto\/organic-rolls\/","title":{"rendered":"Rollo de papel de liar Org\u00e1nico"},"content":{"rendered":"","protected":false},"excerpt":{"rendered":"<p><strong>Smoking Organic dona a TREES FOR THE FUTURE una parte de sus ventas para contribuir a su labor de reforestaci\u00f3n. <\/strong>As\u00ed, con la compra de cualquier producto de la gama Smoking Organic colaboraras en la plantaci\u00f3n de 50.000 \u00e1rboles anuales.<\/p>\n<p>Para quienes prefieren ajustar la longitud de su cigarrillo a su gusto. Nuestro papel m\u00e1s ecol\u00f3gico. El m\u00e1s comprometido y respetuoso con la sosteniblidad del medio ambiente.Papel elaborado con c\u00e1\u00f1amo 100% Certificado BIO, cultivado ecol\u00f3gicamente, sin pesticidas, herbicidas o fertilizantes artificiales.Papel sin blanquear (unbleached). Sello TREE FREE, certificando que no se ha talado ning\u00fan\u00e1rbol para su elaboraci\u00f3n, ya que ha sido fabricado \u00edntegramente con pasta de c\u00e1\u00f1amo.Goma 100% natural vegetal, sin colorantes ni otros aditivos. Garantiz\u00e1ndote un mejor pegado con una sola pasada.<\/p>\n","protected":false},"featured_media":7191,"template":"","meta":{"_acf_changed":false,"inline_featured_image":false},"product_brand":[],"product_cat":[67,370],"product_tag":[],"class_list":{"0":"post-1089","1":"product","2":"type-product","3":"status-publish","4":"has-post-thumbnail","6":"product_cat-papeles","7":"product_cat-rolls","9":"first","10":"instock","11":"shipping-taxable","12":"product-type-simple"},"acf":[],"yoast_head":"<!-- This site is optimized with the Yoast SEO plugin v26.2 - https:\/\/yoast.com\/wordpress\/plugins\/seo\/ -->\n<title>Rollo de papel de liar Org\u00e1nico | Smoking Paper<\/title>\n<meta name=\"description\" content=\"Elaborado con 100% c\u00e1\u00f1amo Organic Rolls de Smoking es el papel org\u00e1nico que ofrece mayor naturalidad. Descubre la calidad del c\u00e1\u00f1amo \u00a1Pru\u00e9balo aqu\u00ed!\" \/>\n<meta name=\"robots\" content=\"index, follow, max-snippet:-1, max-image-preview:large, max-video-preview:-1\" \/>\n<link rel=\"canonical\" href=\"https:\/\/www.smokingpaper.com\/es\/producto\/organic-rolls\/\" \/>\n<meta property=\"og:locale\" content=\"es_ES\" \/>\n<meta property=\"og:type\" content=\"article\" \/>\n<meta property=\"og:title\" content=\"Rollo de papel de liar Org\u00e1nico | Smoking Paper\" \/>\n<meta property=\"og:description\" content=\"Elaborado con 100% c\u00e1\u00f1amo Organic Rolls de Smoking es el papel org\u00e1nico que ofrece mayor naturalidad. Descubre la calidad del c\u00e1\u00f1amo \u00a1Pru\u00e9balo aqu\u00ed!\" \/>\n<meta property=\"og:url\" content=\"https:\/\/www.smokingpaper.com\/es\/producto\/organic-rolls\/\" \/>\n<meta property=\"og:site_name\" content=\"Smoking\" \/>\n<meta property=\"article:modified_time\" content=\"2024-03-21T11:42:20+00:00\" \/>\n<meta property=\"og:image\" content=\"https:\/\/www.smokingpaper.com\/wp-content\/uploads\/2021\/12\/3d-rolls-organic.png\" \/>\n\t<meta property=\"og:image:width\" content=\"573\" \/>\n\t<meta property=\"og:image:height\" content=\"480\" \/>\n\t<meta property=\"og:image:type\" content=\"image\/png\" \/>\n<meta name=\"twitter:card\" content=\"summary_large_image\" \/>\n<meta name=\"twitter:label1\" content=\"Tiempo de lectura\" \/>\n\t<meta name=\"twitter:data1\" content=\"1 minuto\" \/>\n<!-- \/ Yoast SEO plugin. -->","yoast_head_json":{"title":"Rollo de papel de liar Org\u00e1nico | Smoking Paper","description":"Elaborado con 100% c\u00e1\u00f1amo Organic Rolls de Smoking es el papel org\u00e1nico que ofrece mayor naturalidad. Descubre la calidad del c\u00e1\u00f1amo \u00a1Pru\u00e9balo aqu\u00ed!","robots":{"index":"index","follow":"follow","max-snippet":"max-snippet:-1","max-image-preview":"max-image-preview:large","max-video-preview":"max-video-preview:-1"},"canonical":"https:\/\/www.smokingpaper.com\/es\/producto\/organic-rolls\/","og_locale":"es_ES","og_type":"article","og_title":"Rollo de papel de liar Org\u00e1nico | Smoking Paper","og_description":"Elaborado con 100% c\u00e1\u00f1amo Organic Rolls de Smoking es el papel org\u00e1nico que ofrece mayor naturalidad. Descubre la calidad del c\u00e1\u00f1amo \u00a1Pru\u00e9balo aqu\u00ed!","og_url":"https:\/\/www.smokingpaper.com\/es\/producto\/organic-rolls\/","og_site_name":"Smoking","article_modified_time":"2024-03-21T11:42:20+00:00","og_image":[{"width":573,"height":480,"url":"https:\/\/www.smokingpaper.com\/wp-content\/uploads\/2021\/12\/3d-rolls-organic.png","type":"image\/png"}],"twitter_card":"summary_large_image","twitter_misc":{"Tiempo de lectura":"1 minuto"},"schema":{"@context":"https:\/\/schema.org","@graph":[{"@type":"BreadcrumbList","@id":"https:\/\/www.smokingpaper.com\/es\/producto\/organic-rolls\/#breadcrumb","itemListElement":[{"@type":"ListItem","position":1,"name":"Home","item":"https:\/\/www.smokingpaper.com\/es\/"},{"@type":"ListItem","position":2,"name":"Productos","item":"https:\/\/www.smokingpaper.com\/es\/shop\/"},{"@type":"ListItem","position":3,"name":"Papel de liar","item":"https:\/\/www.smokingpaper.com\/es\/productos\/papeles\/"},{"@type":"ListItem","position":4,"name":"Rollo de papel de liar Org\u00e1nico"}]}]}},"_links":{"self":[{"href":"https:\/\/www.smokingpaper.com\/es\/wp-json\/wp\/v2\/product\/1089","targetHints":{"allow":["GET"]}}],"collection":[{"href":"https:\/\/www.smokingpaper.com\/es\/wp-json\/wp\/v2\/product"}],"about":[{"href":"https:\/\/www.smokingpaper.com\/es\/wp-json\/wp\/v2\/types\/product"}],"wp:featuredmedia":[{"embeddable":true,"href":"https:\/\/www.smokingpaper.com\/es\/wp-json\/wp\/v2\/media\/7191"}],"wp:attachment":[{"href":"https:\/\/www.smokingpaper.com\/es\/wp-json\/wp\/v2\/media?parent=1089"}],"wp:term":[{"taxonomy":"product_brand","embeddable":true,"href":"https:\/\/www.smokingpaper.com\/es\/wp-json\/wp\/v2\/product_brand?post=1089"},{"taxonomy":"product_cat","embeddable":true,"href":"https:\/\/www.smokingpaper.com\/es\/wp-json\/wp\/v2\/product_cat?post=1089"},{"taxonomy":"product_tag","embeddable":true,"href":"https:\/\/www.smokingpaper.com\/es\/wp-json\/wp\/v2\/product_tag?post=1089"}],"curies":[{"name":"wp","href":"https:\/\/api.w.org\/{rel}","templated":true}]}}