{"id":10397,"date":"2024-10-18T12:06:26","date_gmt":"2024-10-18T10:06:26","guid":{"rendered":"https:\/\/www.smokingpaper.com\/cenicero-dark-blue\/"},"modified":"2024-11-29T10:41:48","modified_gmt":"2024-11-29T09:41:48","slug":"cenicero-dark-blue","status":"publish","type":"product","link":"https:\/\/www.smokingpaper.com\/es\/producto\/cenicero-dark-blue\/","title":{"rendered":"Cenicero Dark Blue"},"content":{"rendered":"","protected":false},"excerpt":{"rendered":"<p>Llegado de las profundidades marinas te presentamos este cenicero que, como el resto de modelos de esta serie <strong>Roll With It de Smoking Paper, la protagoniza un \u201cskull face\u201d<\/strong>. \u00a1Y viene con compa\u00f1\u00eda!\u00a0Un cefal\u00f3podo brutal se ha agenciado el cr\u00e1neo y nos mira entre sorprendido y desafiante mientras disfrutamos de nuestras caladas.\u00a0Un currado dise\u00f1o que le da un toque \u201cmarino\u201d a tus fumadas con los amigos, ya que es perfecto para compartir con sus 4 hendiduras para colocar los cigarrillos. Y con un acabado cristal que le da un plus de resistencia perfecto.<\/p>\n","protected":false},"featured_media":11192,"template":"","meta":{"_acf_changed":false,"inline_featured_image":false},"product_brand":[],"product_cat":[784],"product_tag":[],"class_list":{"0":"post-10397","1":"product","2":"type-product","3":"status-publish","4":"has-post-thumbnail","6":"product_cat-cenicero","8":"first","9":"instock","10":"shipping-taxable","11":"product-type-simple"},"acf":[],"yoast_head":"<!-- This site is optimized with the Yoast SEO plugin v26.2 - https:\/\/yoast.com\/wordpress\/plugins\/seo\/ -->\n<title>Cenicero Dark Blue | Smoking Paper<\/title>\n<meta name=\"description\" content=\"Alucina con cada calada y comparte el buen rollo con este cenicero psicod\u00e9lico de Smoking Paper. Dise\u00f1o hipn\u00f3tico y resistente en cristal. \u00a1Vis\u00edtanos!\" \/>\n<meta name=\"robots\" content=\"index, follow, max-snippet:-1, max-image-preview:large, max-video-preview:-1\" \/>\n<link rel=\"canonical\" href=\"https:\/\/www.smokingpaper.com\/es\/producto\/cenicero-dark-blue\/\" \/>\n<meta property=\"og:locale\" content=\"es_ES\" \/>\n<meta property=\"og:type\" content=\"article\" \/>\n<meta property=\"og:title\" content=\"Cenicero Dark Blue | Smoking Paper\" \/>\n<meta property=\"og:description\" content=\"Alucina con cada calada y comparte el buen rollo con este cenicero psicod\u00e9lico de Smoking Paper. Dise\u00f1o hipn\u00f3tico y resistente en cristal. \u00a1Vis\u00edtanos!\" \/>\n<meta property=\"og:url\" content=\"https:\/\/www.smokingpaper.com\/es\/producto\/cenicero-dark-blue\/\" \/>\n<meta property=\"og:site_name\" content=\"Smoking\" \/>\n<meta property=\"article:modified_time\" content=\"2024-11-29T09:41:48+00:00\" \/>\n<meta property=\"og:image\" content=\"https:\/\/www.smokingpaper.com\/wp-content\/uploads\/2024\/10\/Dark-Blue-Ashtray.jpg\" \/>\n\t<meta property=\"og:image:width\" content=\"1277\" \/>\n\t<meta property=\"og:image:height\" content=\"1915\" \/>\n\t<meta property=\"og:image:type\" content=\"image\/jpeg\" \/>\n<meta name=\"twitter:card\" content=\"summary_large_image\" \/>\n<!-- \/ Yoast SEO plugin. -->","yoast_head_json":{"title":"Cenicero Dark Blue | Smoking Paper","description":"Alucina con cada calada y comparte el buen rollo con este cenicero psicod\u00e9lico de Smoking Paper. Dise\u00f1o hipn\u00f3tico y resistente en cristal. \u00a1Vis\u00edtanos!","robots":{"index":"index","follow":"follow","max-snippet":"max-snippet:-1","max-image-preview":"max-image-preview:large","max-video-preview":"max-video-preview:-1"},"canonical":"https:\/\/www.smokingpaper.com\/es\/producto\/cenicero-dark-blue\/","og_locale":"es_ES","og_type":"article","og_title":"Cenicero Dark Blue | Smoking Paper","og_description":"Alucina con cada calada y comparte el buen rollo con este cenicero psicod\u00e9lico de Smoking Paper. Dise\u00f1o hipn\u00f3tico y resistente en cristal. \u00a1Vis\u00edtanos!","og_url":"https:\/\/www.smokingpaper.com\/es\/producto\/cenicero-dark-blue\/","og_site_name":"Smoking","article_modified_time":"2024-11-29T09:41:48+00:00","og_image":[{"width":1277,"height":1915,"url":"https:\/\/www.smokingpaper.com\/wp-content\/uploads\/2024\/10\/Dark-Blue-Ashtray.jpg","type":"image\/jpeg"}],"twitter_card":"summary_large_image","schema":{"@context":"https:\/\/schema.org","@graph":[{"@type":"BreadcrumbList","@id":"https:\/\/www.smokingpaper.com\/es\/producto\/cenicero-dark-blue\/#breadcrumb","itemListElement":[{"@type":"ListItem","position":1,"name":"Home","item":"https:\/\/www.smokingpaper.com\/es\/"},{"@type":"ListItem","position":2,"name":"Productos","item":"https:\/\/www.smokingpaper.com\/es\/shop\/"},{"@type":"ListItem","position":3,"name":"Ceniceros","item":"https:\/\/www.smokingpaper.com\/es\/productos\/cenicero\/"},{"@type":"ListItem","position":4,"name":"Cenicero Dark Blue"}]}]}},"_links":{"self":[{"href":"https:\/\/www.smokingpaper.com\/es\/wp-json\/wp\/v2\/product\/10397","targetHints":{"allow":["GET"]}}],"collection":[{"href":"https:\/\/www.smokingpaper.com\/es\/wp-json\/wp\/v2\/product"}],"about":[{"href":"https:\/\/www.smokingpaper.com\/es\/wp-json\/wp\/v2\/types\/product"}],"wp:featuredmedia":[{"embeddable":true,"href":"https:\/\/www.smokingpaper.com\/es\/wp-json\/wp\/v2\/media\/11192"}],"wp:attachment":[{"href":"https:\/\/www.smokingpaper.com\/es\/wp-json\/wp\/v2\/media?parent=10397"}],"wp:term":[{"taxonomy":"product_brand","embeddable":true,"href":"https:\/\/www.smokingpaper.com\/es\/wp-json\/wp\/v2\/product_brand?post=10397"},{"taxonomy":"product_cat","embeddable":true,"href":"https:\/\/www.smokingpaper.com\/es\/wp-json\/wp\/v2\/product_cat?post=10397"},{"taxonomy":"product_tag","embeddable":true,"href":"https:\/\/www.smokingpaper.com\/es\/wp-json\/wp\/v2\/product_tag?post=10397"}],"curies":[{"name":"wp","href":"https:\/\/api.w.org\/{rel}","templated":true}]}}