{"id":10389,"date":"2024-10-18T11:51:53","date_gmt":"2024-10-18T09:51:53","guid":{"rendered":"https:\/\/www.smokingpaper.com\/cenicero-dark-mushrooms\/"},"modified":"2024-11-29T10:42:15","modified_gmt":"2024-11-29T09:42:15","slug":"cenicero-dark-mushrooms","status":"publish","type":"product","link":"https:\/\/www.smokingpaper.com\/es\/producto\/cenicero-dark-mushrooms\/","title":{"rendered":"Cenicero Dark Mushrooms"},"content":{"rendered":"","protected":false},"excerpt":{"rendered":"<p>Alucina en cada calada, con este cenicero de estilo entre psicod\u00e9lico y natural. \u00a1Todo un puntazo para fumar con m\u00e1s pe\u00f1a!\u00a0Como el resto de modelos de esta serie de<strong> ceniceros Roll With It de Smoking Paper,<\/strong> aqu\u00ed tambi\u00e9n hay un \u201cskull face\u201d protagonizando un dise\u00f1o inquietante e hipn\u00f3tico al mismo tiempo.\u00a0Hojas de mar\u00eda y setas salvajes han acampado en este cr\u00e1neo. Don\u2019t worry, que puedes echar encima la ceniza sin miedo. El dise\u00f1o es de m\u00e1xima calidad y no se deteriora f\u00e1cilmente, igual que el resto del cenicero, s\u00faper resistente con su imponente acabado en cristal.<\/p>\n","protected":false},"featured_media":11198,"template":"","meta":{"_acf_changed":false,"inline_featured_image":false},"product_brand":[],"product_cat":[784],"product_tag":[],"class_list":{"0":"post-10389","1":"product","2":"type-product","3":"status-publish","4":"has-post-thumbnail","6":"product_cat-cenicero","8":"first","9":"instock","10":"shipping-taxable","11":"product-type-simple"},"acf":[],"yoast_head":"<!-- This site is optimized with the Yoast SEO plugin v26.2 - https:\/\/yoast.com\/wordpress\/plugins\/seo\/ -->\n<title>Cenicero Dark Mushrooms | Smoking Paper<\/title>\n<meta name=\"description\" content=\"Alucina con cada calada y comparte el buen rollo con este cenicero psicod\u00e9lico de Smoking Paper. Dise\u00f1o hipn\u00f3tico y resistente en cristal. \u00a1Vis\u00edtanos!\" \/>\n<meta name=\"robots\" content=\"index, follow, max-snippet:-1, max-image-preview:large, max-video-preview:-1\" \/>\n<link rel=\"canonical\" href=\"https:\/\/www.smokingpaper.com\/es\/producto\/cenicero-dark-mushrooms\/\" \/>\n<meta property=\"og:locale\" content=\"es_ES\" \/>\n<meta property=\"og:type\" content=\"article\" \/>\n<meta property=\"og:title\" content=\"Cenicero Dark Mushrooms | Smoking Paper\" \/>\n<meta property=\"og:description\" content=\"Alucina con cada calada y comparte el buen rollo con este cenicero psicod\u00e9lico de Smoking Paper. Dise\u00f1o hipn\u00f3tico y resistente en cristal. \u00a1Vis\u00edtanos!\" \/>\n<meta property=\"og:url\" content=\"https:\/\/www.smokingpaper.com\/es\/producto\/cenicero-dark-mushrooms\/\" \/>\n<meta property=\"og:site_name\" content=\"Smoking\" \/>\n<meta property=\"article:modified_time\" content=\"2024-11-29T09:42:15+00:00\" \/>\n<meta property=\"og:image\" content=\"https:\/\/www.smokingpaper.com\/wp-content\/uploads\/2024\/10\/Dark-Mushrooms-Ashtray-1-683x1024.png\" \/>\n\t<meta property=\"og:image:width\" content=\"683\" \/>\n\t<meta property=\"og:image:height\" content=\"1024\" \/>\n\t<meta property=\"og:image:type\" content=\"image\/png\" \/>\n<meta name=\"twitter:card\" content=\"summary_large_image\" \/>\n<!-- \/ Yoast SEO plugin. -->","yoast_head_json":{"title":"Cenicero Dark Mushrooms | Smoking Paper","description":"Alucina con cada calada y comparte el buen rollo con este cenicero psicod\u00e9lico de Smoking Paper. Dise\u00f1o hipn\u00f3tico y resistente en cristal. \u00a1Vis\u00edtanos!","robots":{"index":"index","follow":"follow","max-snippet":"max-snippet:-1","max-image-preview":"max-image-preview:large","max-video-preview":"max-video-preview:-1"},"canonical":"https:\/\/www.smokingpaper.com\/es\/producto\/cenicero-dark-mushrooms\/","og_locale":"es_ES","og_type":"article","og_title":"Cenicero Dark Mushrooms | Smoking Paper","og_description":"Alucina con cada calada y comparte el buen rollo con este cenicero psicod\u00e9lico de Smoking Paper. Dise\u00f1o hipn\u00f3tico y resistente en cristal. \u00a1Vis\u00edtanos!","og_url":"https:\/\/www.smokingpaper.com\/es\/producto\/cenicero-dark-mushrooms\/","og_site_name":"Smoking","article_modified_time":"2024-11-29T09:42:15+00:00","og_image":[{"width":683,"height":1024,"url":"https:\/\/www.smokingpaper.com\/wp-content\/uploads\/2024\/10\/Dark-Mushrooms-Ashtray-1-683x1024.png","type":"image\/png"}],"twitter_card":"summary_large_image","schema":{"@context":"https:\/\/schema.org","@graph":[{"@type":"BreadcrumbList","@id":"https:\/\/www.smokingpaper.com\/es\/producto\/cenicero-dark-mushrooms\/#breadcrumb","itemListElement":[{"@type":"ListItem","position":1,"name":"Home","item":"https:\/\/www.smokingpaper.com\/es\/"},{"@type":"ListItem","position":2,"name":"Productos","item":"https:\/\/www.smokingpaper.com\/es\/shop\/"},{"@type":"ListItem","position":3,"name":"Ceniceros","item":"https:\/\/www.smokingpaper.com\/es\/productos\/cenicero\/"},{"@type":"ListItem","position":4,"name":"Cenicero Dark Mushrooms"}]}]}},"_links":{"self":[{"href":"https:\/\/www.smokingpaper.com\/es\/wp-json\/wp\/v2\/product\/10389","targetHints":{"allow":["GET"]}}],"collection":[{"href":"https:\/\/www.smokingpaper.com\/es\/wp-json\/wp\/v2\/product"}],"about":[{"href":"https:\/\/www.smokingpaper.com\/es\/wp-json\/wp\/v2\/types\/product"}],"wp:featuredmedia":[{"embeddable":true,"href":"https:\/\/www.smokingpaper.com\/es\/wp-json\/wp\/v2\/media\/11198"}],"wp:attachment":[{"href":"https:\/\/www.smokingpaper.com\/es\/wp-json\/wp\/v2\/media?parent=10389"}],"wp:term":[{"taxonomy":"product_brand","embeddable":true,"href":"https:\/\/www.smokingpaper.com\/es\/wp-json\/wp\/v2\/product_brand?post=10389"},{"taxonomy":"product_cat","embeddable":true,"href":"https:\/\/www.smokingpaper.com\/es\/wp-json\/wp\/v2\/product_cat?post=10389"},{"taxonomy":"product_tag","embeddable":true,"href":"https:\/\/www.smokingpaper.com\/es\/wp-json\/wp\/v2\/product_tag?post=10389"}],"curies":[{"name":"wp","href":"https:\/\/api.w.org\/{rel}","templated":true}]}}