{"id":10380,"date":"2024-10-18T11:37:55","date_gmt":"2024-10-18T09:37:55","guid":{"rendered":"https:\/\/www.smokingpaper.com\/cenicero-dark-fire\/"},"modified":"2024-11-29T10:42:30","modified_gmt":"2024-11-29T09:42:30","slug":"cenicero-dark-fire","status":"publish","type":"product","link":"https:\/\/www.smokingpaper.com\/es\/producto\/cenicero-dark-fire\/","title":{"rendered":"Cenicero Dark Fire"},"content":{"rendered":"","protected":false},"excerpt":{"rendered":"<p>\u00a1No te calientes el tarro! Para eso ya est\u00e1 nuestra querid\u00edsima \u201cskull face\u201d que, como el resto de modelos de esta serie de <strong>ceniceros Roll With It de Smoking Paper,<\/strong> es protagonista absoluta.\u00a0Con fuego en su cabeza, humo en la boca y derriti\u00e9ndose. Uno de los accesorios m\u00e1s atrevidos que puedes tener en casa a la hora de fumar.\u00a0Eso s\u00ed, mega resistente gracias a su acabado en cristal, que le aporta un estilo macizo, muy propio tambi\u00e9n de los ceniceros m\u00e1s retro.\u00a0Con cuatro hendiduras, ideal para compartir con tus amistades y que la ceniza se quede donde debe estar.<\/p>\n","protected":false},"featured_media":11195,"template":"","meta":{"_acf_changed":false,"inline_featured_image":false},"product_brand":[],"product_cat":[784],"product_tag":[],"class_list":{"0":"post-10380","1":"product","2":"type-product","3":"status-publish","4":"has-post-thumbnail","6":"product_cat-cenicero","8":"first","9":"instock","10":"shipping-taxable","11":"product-type-simple"},"acf":[],"yoast_head":"<!-- This site is optimized with the Yoast SEO plugin v26.2 - https:\/\/yoast.com\/wordpress\/plugins\/seo\/ -->\n<title>Cenicero Dark Fire | Smoking Paper<\/title>\n<meta name=\"description\" content=\"Con la &#039;skull face&#039; de Smoking Paper, tu cenicero ser\u00e1 el centro de todas las miradas. Resistente, con cuatro hendiduras y un dise\u00f1o \u00fanico \u00a1Vis\u00edtanos!\" \/>\n<meta name=\"robots\" content=\"index, follow, max-snippet:-1, max-image-preview:large, max-video-preview:-1\" \/>\n<link rel=\"canonical\" href=\"https:\/\/www.smokingpaper.com\/es\/producto\/cenicero-dark-fire\/\" \/>\n<meta property=\"og:locale\" content=\"es_ES\" \/>\n<meta property=\"og:type\" content=\"article\" \/>\n<meta property=\"og:title\" content=\"Cenicero Dark Fire | Smoking Paper\" \/>\n<meta property=\"og:description\" content=\"Con la &#039;skull face&#039; de Smoking Paper, tu cenicero ser\u00e1 el centro de todas las miradas. Resistente, con cuatro hendiduras y un dise\u00f1o \u00fanico \u00a1Vis\u00edtanos!\" \/>\n<meta property=\"og:url\" content=\"https:\/\/www.smokingpaper.com\/es\/producto\/cenicero-dark-fire\/\" \/>\n<meta property=\"og:site_name\" content=\"Smoking\" \/>\n<meta property=\"article:modified_time\" content=\"2024-11-29T09:42:30+00:00\" \/>\n<meta property=\"og:image\" content=\"https:\/\/www.smokingpaper.com\/wp-content\/uploads\/2024\/10\/Dark-Fire-Ashtray-1-683x1024.png\" \/>\n\t<meta property=\"og:image:width\" content=\"683\" \/>\n\t<meta property=\"og:image:height\" content=\"1024\" \/>\n\t<meta property=\"og:image:type\" content=\"image\/png\" \/>\n<meta name=\"twitter:card\" content=\"summary_large_image\" \/>\n<!-- \/ Yoast SEO plugin. -->","yoast_head_json":{"title":"Cenicero Dark Fire | Smoking Paper","description":"Con la 'skull face' de Smoking Paper, tu cenicero ser\u00e1 el centro de todas las miradas. Resistente, con cuatro hendiduras y un dise\u00f1o \u00fanico \u00a1Vis\u00edtanos!","robots":{"index":"index","follow":"follow","max-snippet":"max-snippet:-1","max-image-preview":"max-image-preview:large","max-video-preview":"max-video-preview:-1"},"canonical":"https:\/\/www.smokingpaper.com\/es\/producto\/cenicero-dark-fire\/","og_locale":"es_ES","og_type":"article","og_title":"Cenicero Dark Fire | Smoking Paper","og_description":"Con la 'skull face' de Smoking Paper, tu cenicero ser\u00e1 el centro de todas las miradas. Resistente, con cuatro hendiduras y un dise\u00f1o \u00fanico \u00a1Vis\u00edtanos!","og_url":"https:\/\/www.smokingpaper.com\/es\/producto\/cenicero-dark-fire\/","og_site_name":"Smoking","article_modified_time":"2024-11-29T09:42:30+00:00","og_image":[{"width":683,"height":1024,"url":"https:\/\/www.smokingpaper.com\/wp-content\/uploads\/2024\/10\/Dark-Fire-Ashtray-1-683x1024.png","type":"image\/png"}],"twitter_card":"summary_large_image","schema":{"@context":"https:\/\/schema.org","@graph":[{"@type":"BreadcrumbList","@id":"https:\/\/www.smokingpaper.com\/es\/producto\/cenicero-dark-fire\/#breadcrumb","itemListElement":[{"@type":"ListItem","position":1,"name":"Home","item":"https:\/\/www.smokingpaper.com\/es\/"},{"@type":"ListItem","position":2,"name":"Productos","item":"https:\/\/www.smokingpaper.com\/es\/shop\/"},{"@type":"ListItem","position":3,"name":"Ceniceros","item":"https:\/\/www.smokingpaper.com\/es\/productos\/cenicero\/"},{"@type":"ListItem","position":4,"name":"Cenicero Dark Fire"}]}]}},"_links":{"self":[{"href":"https:\/\/www.smokingpaper.com\/es\/wp-json\/wp\/v2\/product\/10380","targetHints":{"allow":["GET"]}}],"collection":[{"href":"https:\/\/www.smokingpaper.com\/es\/wp-json\/wp\/v2\/product"}],"about":[{"href":"https:\/\/www.smokingpaper.com\/es\/wp-json\/wp\/v2\/types\/product"}],"wp:featuredmedia":[{"embeddable":true,"href":"https:\/\/www.smokingpaper.com\/es\/wp-json\/wp\/v2\/media\/11195"}],"wp:attachment":[{"href":"https:\/\/www.smokingpaper.com\/es\/wp-json\/wp\/v2\/media?parent=10380"}],"wp:term":[{"taxonomy":"product_brand","embeddable":true,"href":"https:\/\/www.smokingpaper.com\/es\/wp-json\/wp\/v2\/product_brand?post=10380"},{"taxonomy":"product_cat","embeddable":true,"href":"https:\/\/www.smokingpaper.com\/es\/wp-json\/wp\/v2\/product_cat?post=10380"},{"taxonomy":"product_tag","embeddable":true,"href":"https:\/\/www.smokingpaper.com\/es\/wp-json\/wp\/v2\/product_tag?post=10380"}],"curies":[{"name":"wp","href":"https:\/\/api.w.org\/{rel}","templated":true}]}}