{"id":10366,"date":"2024-10-18T11:03:55","date_gmt":"2024-10-18T09:03:55","guid":{"rendered":"https:\/\/www.smokingpaper.com\/grinder-plant-based\/"},"modified":"2024-12-09T19:30:08","modified_gmt":"2024-12-09T18:30:08","slug":"grinder-plant-based","status":"publish","type":"product","link":"https:\/\/www.smokingpaper.com\/es\/producto\/grinder-plant-based\/","title":{"rendered":"Grinder Plant Based"},"content":{"rendered":"","protected":false},"excerpt":{"rendered":"<p>Conecta con tu lado m\u00e1s natural con el <strong>Grinder Plant Based de Smoking Paper<\/strong>, \u00a1un \u201cmust have\u201d en toda regla para fumadores como t\u00fa! Un dise\u00f1o que mezcla el estilo cartoon de sus verdes hojas con un rosa pastel atemporal, perfecto para tu streetwear.\u00a0De acabado met\u00e1lico, para desmenuzar con tu grinder todo lo posible sin que se rompa. Adem\u00e1s, tiene en su interior unos dientes internos afilados para conseguir m\u00e1xima eficacia en la molienda.\u00a0Y todo lo que el grinder perfecto debe llevar, es decir, tama\u00f1o XL y hasta 4 partes. Ese compartimento adicional para polen es todo un punto a su favor, que seguro que sabes aprovechar.\u00a0\u00a1Consigue tu nuevo grinder XL y sorprende a tus amigos con la calidad con la que ahora pod\u00e9is prepararlo todo!<\/p>\n","protected":false},"featured_media":11186,"template":"","meta":{"_acf_changed":false,"inline_featured_image":false},"product_brand":[],"product_cat":[772],"product_tag":[],"class_list":{"0":"post-10366","1":"product","2":"type-product","3":"status-publish","4":"has-post-thumbnail","6":"product_cat-grinder","8":"first","9":"instock","10":"shipping-taxable","11":"product-type-simple"},"acf":[],"yoast_head":"<!-- This site is optimized with the Yoast SEO plugin v26.2 - https:\/\/yoast.com\/wordpress\/plugins\/seo\/ -->\n<title>Grinder Plant Based | Smoking Paper<\/title>\n<meta name=\"description\" content=\"No te pierdas nuestro nuevo grinder para picar, cuenta con 4 partes para separar. Un indispensable para todo fumeta. \u00a1Visita ahora Smoking Paper!\" \/>\n<meta name=\"robots\" content=\"index, follow, max-snippet:-1, max-image-preview:large, max-video-preview:-1\" \/>\n<link rel=\"canonical\" href=\"https:\/\/www.smokingpaper.com\/es\/producto\/grinder-plant-based\/\" \/>\n<meta property=\"og:locale\" content=\"es_ES\" \/>\n<meta property=\"og:type\" content=\"article\" \/>\n<meta property=\"og:title\" content=\"Grinder Plant Based | Smoking Paper\" \/>\n<meta property=\"og:description\" content=\"No te pierdas nuestro nuevo grinder para picar, cuenta con 4 partes para separar. Un indispensable para todo fumeta. \u00a1Visita ahora Smoking Paper!\" \/>\n<meta property=\"og:url\" content=\"https:\/\/www.smokingpaper.com\/es\/producto\/grinder-plant-based\/\" \/>\n<meta property=\"og:site_name\" content=\"Smoking\" \/>\n<meta property=\"article:modified_time\" content=\"2024-12-09T18:30:08+00:00\" \/>\n<meta property=\"og:image\" content=\"https:\/\/www.smokingpaper.com\/wp-content\/uploads\/2024\/10\/Grinder-plant-based-683x1024.png\" \/>\n\t<meta property=\"og:image:width\" content=\"683\" \/>\n\t<meta property=\"og:image:height\" content=\"1024\" \/>\n\t<meta property=\"og:image:type\" content=\"image\/png\" \/>\n<meta name=\"twitter:card\" content=\"summary_large_image\" \/>\n<!-- \/ Yoast SEO plugin. -->","yoast_head_json":{"title":"Grinder Plant Based | Smoking Paper","description":"No te pierdas nuestro nuevo grinder para picar, cuenta con 4 partes para separar. Un indispensable para todo fumeta. \u00a1Visita ahora Smoking Paper!","robots":{"index":"index","follow":"follow","max-snippet":"max-snippet:-1","max-image-preview":"max-image-preview:large","max-video-preview":"max-video-preview:-1"},"canonical":"https:\/\/www.smokingpaper.com\/es\/producto\/grinder-plant-based\/","og_locale":"es_ES","og_type":"article","og_title":"Grinder Plant Based | Smoking Paper","og_description":"No te pierdas nuestro nuevo grinder para picar, cuenta con 4 partes para separar. Un indispensable para todo fumeta. \u00a1Visita ahora Smoking Paper!","og_url":"https:\/\/www.smokingpaper.com\/es\/producto\/grinder-plant-based\/","og_site_name":"Smoking","article_modified_time":"2024-12-09T18:30:08+00:00","og_image":[{"width":683,"height":1024,"url":"https:\/\/www.smokingpaper.com\/wp-content\/uploads\/2024\/10\/Grinder-plant-based-683x1024.png","type":"image\/png"}],"twitter_card":"summary_large_image","schema":{"@context":"https:\/\/schema.org","@graph":[{"@type":"BreadcrumbList","@id":"https:\/\/www.smokingpaper.com\/es\/producto\/grinder-plant-based\/#breadcrumb","itemListElement":[{"@type":"ListItem","position":1,"name":"Home","item":"https:\/\/www.smokingpaper.com\/es\/"},{"@type":"ListItem","position":2,"name":"Productos","item":"https:\/\/www.smokingpaper.com\/es\/shop\/"},{"@type":"ListItem","position":3,"name":"Grinders","item":"https:\/\/www.smokingpaper.com\/es\/productos\/grinder\/"},{"@type":"ListItem","position":4,"name":"Grinder Plant Based"}]}]}},"_links":{"self":[{"href":"https:\/\/www.smokingpaper.com\/es\/wp-json\/wp\/v2\/product\/10366","targetHints":{"allow":["GET"]}}],"collection":[{"href":"https:\/\/www.smokingpaper.com\/es\/wp-json\/wp\/v2\/product"}],"about":[{"href":"https:\/\/www.smokingpaper.com\/es\/wp-json\/wp\/v2\/types\/product"}],"wp:featuredmedia":[{"embeddable":true,"href":"https:\/\/www.smokingpaper.com\/es\/wp-json\/wp\/v2\/media\/11186"}],"wp:attachment":[{"href":"https:\/\/www.smokingpaper.com\/es\/wp-json\/wp\/v2\/media?parent=10366"}],"wp:term":[{"taxonomy":"product_brand","embeddable":true,"href":"https:\/\/www.smokingpaper.com\/es\/wp-json\/wp\/v2\/product_brand?post=10366"},{"taxonomy":"product_cat","embeddable":true,"href":"https:\/\/www.smokingpaper.com\/es\/wp-json\/wp\/v2\/product_cat?post=10366"},{"taxonomy":"product_tag","embeddable":true,"href":"https:\/\/www.smokingpaper.com\/es\/wp-json\/wp\/v2\/product_tag?post=10366"}],"curies":[{"name":"wp","href":"https:\/\/api.w.org\/{rel}","templated":true}]}}