{"id":10358,"date":"2024-10-18T10:48:50","date_gmt":"2024-10-18T08:48:50","guid":{"rendered":"https:\/\/www.smokingpaper.com\/grinder-high-as-fxxk\/"},"modified":"2025-05-27T10:39:16","modified_gmt":"2025-05-27T08:39:16","slug":"grinder-high-as-fxck","status":"publish","type":"product","link":"https:\/\/www.smokingpaper.com\/es\/producto\/grinder-high-as-fxck\/","title":{"rendered":"Grinder High as F*ck"},"content":{"rendered":"","protected":false},"excerpt":{"rendered":"<p>El accesorio Grinder High as Fxxk de Smoking Paper es puro swag. Con un acabado met\u00e1lico amarillo que cautiva miradas y con un plus de resistencia, para que te dure lo m\u00e1ximo posible. Adem\u00e1s, tiene un dise\u00f1o currad\u00edsimo, que recuerda a una vela encendida, con detalles en rojo que simulan la cera derriti\u00e9ndose. \u00a1Una verdadera declaraci\u00f3n de estilo!\u00a0Este grinder XL tiene 4 partes, con el compartimento extra para polen, todo un bonus que no querr\u00e1s perder. Con dientes internos s\u00faper afilados, para desmenuzar todo al instante.\u00a0\u00a1Dale un upgrade a tu experiencia y sorprende a tus amigos con este <strong>nuevo grinder XL<\/strong>!<\/p>\n","protected":false},"featured_media":11189,"template":"","meta":{"_acf_changed":false,"inline_featured_image":false},"product_brand":[],"product_cat":[772],"product_tag":[],"class_list":{"0":"post-10358","1":"product","2":"type-product","3":"status-publish","4":"has-post-thumbnail","6":"product_cat-grinder","8":"first","9":"instock","10":"shipping-taxable","11":"product-type-simple"},"acf":[],"yoast_head":"<!-- This site is optimized with the Yoast SEO plugin v26.2 - https:\/\/yoast.com\/wordpress\/plugins\/seo\/ -->\n<title>Grinder High as Fxxk | Smoking Paper<\/title>\n<meta name=\"description\" content=\"No te pierdas nuestro nuevo grinder para picar maria, cuenta con 4 partes para separar. Un indispensable para todo fumeta. \u00a1Visita ahora Smoking Paper!\" \/>\n<meta name=\"robots\" content=\"index, follow, max-snippet:-1, max-image-preview:large, max-video-preview:-1\" \/>\n<link rel=\"canonical\" href=\"https:\/\/www.smokingpaper.com\/es\/producto\/grinder-high-as-fxck\/\" \/>\n<meta property=\"og:locale\" content=\"es_ES\" \/>\n<meta property=\"og:type\" content=\"article\" \/>\n<meta property=\"og:title\" content=\"Grinder High as Fxxk | Smoking Paper\" \/>\n<meta property=\"og:description\" content=\"No te pierdas nuestro nuevo grinder para picar maria, cuenta con 4 partes para separar. Un indispensable para todo fumeta. \u00a1Visita ahora Smoking Paper!\" \/>\n<meta property=\"og:url\" content=\"https:\/\/www.smokingpaper.com\/es\/producto\/grinder-high-as-fxck\/\" \/>\n<meta property=\"og:site_name\" content=\"Smoking\" \/>\n<meta property=\"article:modified_time\" content=\"2025-05-27T08:39:16+00:00\" \/>\n<meta property=\"og:image\" content=\"https:\/\/www.smokingpaper.com\/wp-content\/uploads\/2024\/10\/Grinder-High-as-Fxxk-683x1024.png\" \/>\n\t<meta property=\"og:image:width\" content=\"683\" \/>\n\t<meta property=\"og:image:height\" content=\"1024\" \/>\n\t<meta property=\"og:image:type\" content=\"image\/png\" \/>\n<meta name=\"twitter:card\" content=\"summary_large_image\" \/>\n<!-- \/ Yoast SEO plugin. -->","yoast_head_json":{"title":"Grinder High as Fxxk | Smoking Paper","description":"No te pierdas nuestro nuevo grinder para picar maria, cuenta con 4 partes para separar. Un indispensable para todo fumeta. \u00a1Visita ahora Smoking Paper!","robots":{"index":"index","follow":"follow","max-snippet":"max-snippet:-1","max-image-preview":"max-image-preview:large","max-video-preview":"max-video-preview:-1"},"canonical":"https:\/\/www.smokingpaper.com\/es\/producto\/grinder-high-as-fxck\/","og_locale":"es_ES","og_type":"article","og_title":"Grinder High as Fxxk | Smoking Paper","og_description":"No te pierdas nuestro nuevo grinder para picar maria, cuenta con 4 partes para separar. Un indispensable para todo fumeta. \u00a1Visita ahora Smoking Paper!","og_url":"https:\/\/www.smokingpaper.com\/es\/producto\/grinder-high-as-fxck\/","og_site_name":"Smoking","article_modified_time":"2025-05-27T08:39:16+00:00","og_image":[{"width":683,"height":1024,"url":"https:\/\/www.smokingpaper.com\/wp-content\/uploads\/2024\/10\/Grinder-High-as-Fxxk-683x1024.png","type":"image\/png"}],"twitter_card":"summary_large_image","schema":{"@context":"https:\/\/schema.org","@graph":[{"@type":"BreadcrumbList","@id":"https:\/\/www.smokingpaper.com\/es\/producto\/grinder-high-as-fxck\/#breadcrumb","itemListElement":[{"@type":"ListItem","position":1,"name":"Home","item":"https:\/\/www.smokingpaper.com\/es\/"},{"@type":"ListItem","position":2,"name":"Productos","item":"https:\/\/www.smokingpaper.com\/es\/shop\/"},{"@type":"ListItem","position":3,"name":"Grinders","item":"https:\/\/www.smokingpaper.com\/es\/productos\/grinder\/"},{"@type":"ListItem","position":4,"name":"Grinder High as F*ck"}]}]}},"_links":{"self":[{"href":"https:\/\/www.smokingpaper.com\/es\/wp-json\/wp\/v2\/product\/10358","targetHints":{"allow":["GET"]}}],"collection":[{"href":"https:\/\/www.smokingpaper.com\/es\/wp-json\/wp\/v2\/product"}],"about":[{"href":"https:\/\/www.smokingpaper.com\/es\/wp-json\/wp\/v2\/types\/product"}],"wp:featuredmedia":[{"embeddable":true,"href":"https:\/\/www.smokingpaper.com\/es\/wp-json\/wp\/v2\/media\/11189"}],"wp:attachment":[{"href":"https:\/\/www.smokingpaper.com\/es\/wp-json\/wp\/v2\/media?parent=10358"}],"wp:term":[{"taxonomy":"product_brand","embeddable":true,"href":"https:\/\/www.smokingpaper.com\/es\/wp-json\/wp\/v2\/product_brand?post=10358"},{"taxonomy":"product_cat","embeddable":true,"href":"https:\/\/www.smokingpaper.com\/es\/wp-json\/wp\/v2\/product_cat?post=10358"},{"taxonomy":"product_tag","embeddable":true,"href":"https:\/\/www.smokingpaper.com\/es\/wp-json\/wp\/v2\/product_tag?post=10358"}],"curies":[{"name":"wp","href":"https:\/\/api.w.org\/{rel}","templated":true}]}}