{"id":1003,"date":"2021-12-02T13:23:34","date_gmt":"2021-12-02T12:23:34","guid":{"rendered":"http:\/\/new.smokingpaper.com\/product\/papel-regular-tree-free\/"},"modified":"2024-01-03T19:06:31","modified_gmt":"2024-01-03T18:06:31","slug":"papel-regular-tree-free","status":"publish","type":"product","link":"https:\/\/www.smokingpaper.com\/es\/producto\/papel-regular-tree-free\/","title":{"rendered":"Tree free Regular"},"content":{"rendered":"","protected":false},"excerpt":{"rendered":"<p><span data-sheets-value=\"{&quot;1&quot;:2,&quot;2&quot;:&quot;Tree Free Regular es un pack que asegura un resultado \u00f3ptimo en una sola pasada. Adem\u00e1s, la gama Tree Free de tama\u00f1o regular cuenta con un papel ultrafino de combusti\u00f3n lenta.\\nContiene 60 hojas de tama\u00f1o 69 x 37 mm, papel de 13 gr\/m2 y marca de agua Smoking\u00ae.\\nCuenta con goma vegetal 100% natural, sin colorantes ni otros aditivos, y adem\u00e1s est\u00e1 hecho con fibras textiles, por eso es Tree Free.&quot;}\" data-sheets-userformat=\"{&quot;2&quot;:7037,&quot;3&quot;:{&quot;1&quot;:0},&quot;5&quot;:{&quot;1&quot;:[{&quot;1&quot;:2,&quot;2&quot;:0,&quot;5&quot;:{&quot;1&quot;:2,&quot;2&quot;:0}},{&quot;1&quot;:0,&quot;2&quot;:0,&quot;3&quot;:3},{&quot;1&quot;:1,&quot;2&quot;:0,&quot;4&quot;:1}]},&quot;6&quot;:{&quot;1&quot;:[{&quot;1&quot;:2,&quot;2&quot;:0,&quot;5&quot;:{&quot;1&quot;:2,&quot;2&quot;:0}},{&quot;1&quot;:0,&quot;2&quot;:0,&quot;3&quot;:3},{&quot;1&quot;:1,&quot;2&quot;:0,&quot;4&quot;:1}]},&quot;7&quot;:{&quot;1&quot;:[{&quot;1&quot;:2,&quot;2&quot;:0,&quot;5&quot;:{&quot;1&quot;:2,&quot;2&quot;:0}},{&quot;1&quot;:0,&quot;2&quot;:0,&quot;3&quot;:3},{&quot;1&quot;:1,&quot;2&quot;:0,&quot;4&quot;:1}]},&quot;8&quot;:{&quot;1&quot;:[{&quot;1&quot;:2,&quot;2&quot;:0,&quot;5&quot;:{&quot;1&quot;:2,&quot;2&quot;:0}},{&quot;1&quot;:0,&quot;2&quot;:0,&quot;3&quot;:3},{&quot;1&quot;:1,&quot;2&quot;:0,&quot;4&quot;:1}]},&quot;9&quot;:0,&quot;11&quot;:4,&quot;12&quot;:0,&quot;14&quot;:{&quot;1&quot;:2,&quot;2&quot;:0},&quot;15&quot;:&quot;Arial&quot;}\">Tree Free Regular es un pack que asegura un resultado \u00f3ptimo en una sola pasada. Adem\u00e1s, la gama Tree Free de tama\u00f1o regular cuenta con un papel ultrafino de combusti\u00f3n lenta.<br \/>\nContiene 60 hojas de tama\u00f1o 69 x 37 mm, papel de 11 gr\/m2 y marca de agua Smoking\u00ae.<br \/>\nCuenta con goma vegetal 100% natural, sin colorantes ni otros aditivos, y adem\u00e1s est\u00e1 hecho con fibras textiles, por eso es Tree Free.<\/span><\/p>\n","protected":false},"featured_media":1251,"template":"","meta":{"_acf_changed":false,"inline_featured_image":false},"product_brand":[],"product_cat":[67,68],"product_tag":[],"class_list":{"0":"post-1003","1":"product","2":"type-product","3":"status-publish","4":"has-post-thumbnail","6":"product_cat-papeles","7":"product_cat-regular","9":"first","10":"instock","11":"shipping-taxable","12":"product-type-simple"},"acf":[],"yoast_head":"<!-- This site is optimized with the Yoast SEO plugin v26.2 - https:\/\/yoast.com\/wordpress\/plugins\/seo\/ -->\n<title>Papel Regular Tree Free | Smoking Paper<\/title>\n<meta name=\"description\" content=\"Experimenta el sabor puro con Papel Regular Tree-Free de Smoking. Con 50 hojas, este papel sostenible te ofrece una fumada sin comprometer los \u00e1rboles. \u2705\" \/>\n<meta name=\"robots\" content=\"index, follow, max-snippet:-1, max-image-preview:large, max-video-preview:-1\" \/>\n<link rel=\"canonical\" href=\"https:\/\/www.smokingpaper.com\/es\/producto\/papel-regular-tree-free\/\" \/>\n<meta property=\"og:locale\" content=\"es_ES\" \/>\n<meta property=\"og:type\" content=\"article\" \/>\n<meta property=\"og:title\" content=\"Papel Regular Tree Free | Smoking Paper\" \/>\n<meta property=\"og:description\" content=\"Experimenta el sabor puro con Papel Regular Tree-Free de Smoking. Con 50 hojas, este papel sostenible te ofrece una fumada sin comprometer los \u00e1rboles. \u2705\" \/>\n<meta property=\"og:url\" content=\"https:\/\/www.smokingpaper.com\/es\/producto\/papel-regular-tree-free\/\" \/>\n<meta property=\"og:site_name\" content=\"Smoking\" \/>\n<meta property=\"article:modified_time\" content=\"2024-01-03T18:06:31+00:00\" \/>\n<meta property=\"og:image\" content=\"https:\/\/www.smokingpaper.com\/wp-content\/uploads\/2021\/12\/686x385_3cf02-030920165824-removebg-preview.png\" \/>\n\t<meta property=\"og:image:width\" content=\"667\" \/>\n\t<meta property=\"og:image:height\" content=\"374\" \/>\n\t<meta property=\"og:image:type\" content=\"image\/png\" \/>\n<meta name=\"twitter:card\" content=\"summary_large_image\" \/>\n<!-- \/ Yoast SEO plugin. -->","yoast_head_json":{"title":"Papel Regular Tree Free | Smoking Paper","description":"Experimenta el sabor puro con Papel Regular Tree-Free de Smoking. Con 50 hojas, este papel sostenible te ofrece una fumada sin comprometer los \u00e1rboles. \u2705","robots":{"index":"index","follow":"follow","max-snippet":"max-snippet:-1","max-image-preview":"max-image-preview:large","max-video-preview":"max-video-preview:-1"},"canonical":"https:\/\/www.smokingpaper.com\/es\/producto\/papel-regular-tree-free\/","og_locale":"es_ES","og_type":"article","og_title":"Papel Regular Tree Free | Smoking Paper","og_description":"Experimenta el sabor puro con Papel Regular Tree-Free de Smoking. Con 50 hojas, este papel sostenible te ofrece una fumada sin comprometer los \u00e1rboles. \u2705","og_url":"https:\/\/www.smokingpaper.com\/es\/producto\/papel-regular-tree-free\/","og_site_name":"Smoking","article_modified_time":"2024-01-03T18:06:31+00:00","og_image":[{"width":667,"height":374,"url":"https:\/\/www.smokingpaper.com\/wp-content\/uploads\/2021\/12\/686x385_3cf02-030920165824-removebg-preview.png","type":"image\/png"}],"twitter_card":"summary_large_image","schema":{"@context":"https:\/\/schema.org","@graph":[{"@type":"BreadcrumbList","@id":"https:\/\/www.smokingpaper.com\/es\/producto\/papel-regular-tree-free\/#breadcrumb","itemListElement":[{"@type":"ListItem","position":1,"name":"Home","item":"https:\/\/www.smokingpaper.com\/es\/"},{"@type":"ListItem","position":2,"name":"Productos","item":"https:\/\/www.smokingpaper.com\/es\/shop\/"},{"@type":"ListItem","position":3,"name":"Papel de liar","item":"https:\/\/www.smokingpaper.com\/es\/productos\/papeles\/"},{"@type":"ListItem","position":4,"name":"Tree free Regular"}]}]}},"_links":{"self":[{"href":"https:\/\/www.smokingpaper.com\/es\/wp-json\/wp\/v2\/product\/1003","targetHints":{"allow":["GET"]}}],"collection":[{"href":"https:\/\/www.smokingpaper.com\/es\/wp-json\/wp\/v2\/product"}],"about":[{"href":"https:\/\/www.smokingpaper.com\/es\/wp-json\/wp\/v2\/types\/product"}],"wp:featuredmedia":[{"embeddable":true,"href":"https:\/\/www.smokingpaper.com\/es\/wp-json\/wp\/v2\/media\/1251"}],"wp:attachment":[{"href":"https:\/\/www.smokingpaper.com\/es\/wp-json\/wp\/v2\/media?parent=1003"}],"wp:term":[{"taxonomy":"product_brand","embeddable":true,"href":"https:\/\/www.smokingpaper.com\/es\/wp-json\/wp\/v2\/product_brand?post=1003"},{"taxonomy":"product_cat","embeddable":true,"href":"https:\/\/www.smokingpaper.com\/es\/wp-json\/wp\/v2\/product_cat?post=1003"},{"taxonomy":"product_tag","embeddable":true,"href":"https:\/\/www.smokingpaper.com\/es\/wp-json\/wp\/v2\/product_tag?post=1003"}],"curies":[{"name":"wp","href":"https:\/\/api.w.org\/{rel}","templated":true}]}}