{"id":4082,"date":"2022-03-16T09:49:51","date_gmt":"2022-03-16T08:49:51","guid":{"rendered":"https:\/\/www.smokingpaper.com\/sobre-nosotros\/our-innovation-hub\/"},"modified":"2023-11-08T11:30:09","modified_gmt":"2023-11-08T10:30:09","slug":"our-innovation-hub","status":"publish","type":"page","link":"https:\/\/www.smokingpaper.com\/es\/sobre-nosotros\/our-innovation-hub\/","title":{"rendered":"Nuestro HUB de innovaci\u00f3n"},"content":{"rendered":"","protected":false},"excerpt":{"rendered":"","protected":false},"author":1,"featured_media":0,"parent":2571,"menu_order":0,"comment_status":"closed","ping_status":"closed","template":"template-pages\/our-innovation_hub.php","meta":{"_acf_changed":false,"inline_featured_image":false,"footnotes":""},"class_list":["post-4082","page","type-page","status-publish","hentry"],"acf":[],"yoast_head":"<!-- This site is optimized with the Yoast SEO plugin v26.2 - https:\/\/yoast.com\/wordpress\/plugins\/seo\/ -->\n<title>Nuestro HUB de innovaci\u00f3n | Smoking Paper<\/title>\n<meta name=\"description\" content=\"Colaboramos con diferentes partners estrat\u00e9gicos en el desarrollo de proyectos de innovaci\u00f3n. Con\u00f3celos todos en Smoking Papers.\" \/>\n<meta name=\"robots\" content=\"index, follow, max-snippet:-1, max-image-preview:large, max-video-preview:-1\" \/>\n<link rel=\"canonical\" href=\"https:\/\/www.smokingpaper.com\/es\/sobre-nosotros\/our-innovation-hub\/\" \/>\n<meta property=\"og:locale\" content=\"es_ES\" \/>\n<meta property=\"og:type\" content=\"article\" \/>\n<meta property=\"og:title\" content=\"Nuestro HUB de innovaci\u00f3n | Smoking Paper\" \/>\n<meta property=\"og:description\" content=\"Colaboramos con diferentes partners estrat\u00e9gicos en el desarrollo de proyectos de innovaci\u00f3n. Con\u00f3celos todos en Smoking Papers.\" \/>\n<meta property=\"og:url\" content=\"https:\/\/www.smokingpaper.com\/es\/sobre-nosotros\/our-innovation-hub\/\" \/>\n<meta property=\"og:site_name\" content=\"Smoking\" \/>\n<meta property=\"article:modified_time\" content=\"2023-11-08T10:30:09+00:00\" \/>\n<meta name=\"twitter:card\" content=\"summary_large_image\" \/>\n<!-- \/ Yoast SEO plugin. -->","yoast_head_json":{"title":"Nuestro HUB de innovaci\u00f3n | Smoking Paper","description":"Colaboramos con diferentes partners estrat\u00e9gicos en el desarrollo de proyectos de innovaci\u00f3n. Con\u00f3celos todos en Smoking Papers.","robots":{"index":"index","follow":"follow","max-snippet":"max-snippet:-1","max-image-preview":"max-image-preview:large","max-video-preview":"max-video-preview:-1"},"canonical":"https:\/\/www.smokingpaper.com\/es\/sobre-nosotros\/our-innovation-hub\/","og_locale":"es_ES","og_type":"article","og_title":"Nuestro HUB de innovaci\u00f3n | Smoking Paper","og_description":"Colaboramos con diferentes partners estrat\u00e9gicos en el desarrollo de proyectos de innovaci\u00f3n. Con\u00f3celos todos en Smoking Papers.","og_url":"https:\/\/www.smokingpaper.com\/es\/sobre-nosotros\/our-innovation-hub\/","og_site_name":"Smoking","article_modified_time":"2023-11-08T10:30:09+00:00","twitter_card":"summary_large_image","schema":{"@context":"https:\/\/schema.org","@graph":[{"@type":"BreadcrumbList","@id":"https:\/\/www.smokingpaper.com\/es\/sobre-nosotros\/our-innovation-hub\/#breadcrumb","itemListElement":[{"@type":"ListItem","position":1,"name":"Home","item":"https:\/\/www.smokingpaper.com\/es\/"},{"@type":"ListItem","position":2,"name":"Sobre Nosotros","item":"https:\/\/www.smokingpaper.com\/es\/sobre-nosotros\/"},{"@type":"ListItem","position":3,"name":"Nuestro HUB de innovaci\u00f3n"}]}]}},"_links":{"self":[{"href":"https:\/\/www.smokingpaper.com\/es\/wp-json\/wp\/v2\/pages\/4082","targetHints":{"allow":["GET"]}}],"collection":[{"href":"https:\/\/www.smokingpaper.com\/es\/wp-json\/wp\/v2\/pages"}],"about":[{"href":"https:\/\/www.smokingpaper.com\/es\/wp-json\/wp\/v2\/types\/page"}],"author":[{"embeddable":true,"href":"https:\/\/www.smokingpaper.com\/es\/wp-json\/wp\/v2\/users\/1"}],"replies":[{"embeddable":true,"href":"https:\/\/www.smokingpaper.com\/es\/wp-json\/wp\/v2\/comments?post=4082"}],"version-history":[{"count":6,"href":"https:\/\/www.smokingpaper.com\/es\/wp-json\/wp\/v2\/pages\/4082\/revisions"}],"predecessor-version":[{"id":8168,"href":"https:\/\/www.smokingpaper.com\/es\/wp-json\/wp\/v2\/pages\/4082\/revisions\/8168"}],"up":[{"embeddable":true,"href":"https:\/\/www.smokingpaper.com\/es\/wp-json\/wp\/v2\/pages\/2571"}],"wp:attachment":[{"href":"https:\/\/www.smokingpaper.com\/es\/wp-json\/wp\/v2\/media?parent=4082"}],"curies":[{"name":"wp","href":"https:\/\/api.w.org\/{rel}","templated":true}]}}