{"id":3745,"date":"2022-03-03T16:34:51","date_gmt":"2022-03-03T15:34:51","guid":{"rendered":"https:\/\/www.smokingpaper.com\/?page_id=3745"},"modified":"2022-08-31T11:19:05","modified_gmt":"2022-08-31T09:19:05","slug":"create-and-roll-memes","status":"publish","type":"page","link":"https:\/\/www.smokingpaper.com\/es\/create-and-roll\/create-and-roll-memes\/","title":{"rendered":"LA GALER\u00cdA DEL MEME ART"},"content":{"rendered":"","protected":false},"excerpt":{"rendered":"","protected":false},"author":1,"featured_media":0,"parent":3973,"menu_order":0,"comment_status":"closed","ping_status":"closed","template":"template-pages\/create-and-roll-memes.php","meta":{"_acf_changed":false,"inline_featured_image":false,"footnotes":""},"class_list":["post-3745","page","type-page","status-publish","hentry"],"acf":[],"yoast_head":"<!-- This site is optimized with the Yoast SEO plugin v26.2 - https:\/\/yoast.com\/wordpress\/plugins\/seo\/ -->\n<title>LA GALER\u00cdA DEL MEME ART | Smoking<\/title>\n<meta name=\"description\" content=\"\u00bfPara qu\u00e9 hablar seriamente si podemos entendernos mejor con memes? Te dejamos con una selecci\u00f3n de los memes m\u00e1s virales de Smoking\" \/>\n<meta name=\"robots\" content=\"index, follow, max-snippet:-1, max-image-preview:large, max-video-preview:-1\" \/>\n<link rel=\"canonical\" href=\"https:\/\/www.smokingpaper.com\/es\/create-and-roll\/create-and-roll-memes\/\" \/>\n<meta property=\"og:locale\" content=\"es_ES\" \/>\n<meta property=\"og:type\" content=\"article\" \/>\n<meta property=\"og:title\" content=\"LA GALER\u00cdA DEL MEME ART | Smoking\" \/>\n<meta property=\"og:description\" content=\"\u00bfPara qu\u00e9 hablar seriamente si podemos entendernos mejor con memes? Te dejamos con una selecci\u00f3n de los memes m\u00e1s virales de Smoking\" \/>\n<meta property=\"og:url\" content=\"https:\/\/www.smokingpaper.com\/es\/create-and-roll\/create-and-roll-memes\/\" \/>\n<meta property=\"og:site_name\" content=\"Smoking\" \/>\n<meta property=\"article:modified_time\" content=\"2022-08-31T09:19:05+00:00\" \/>\n<meta name=\"twitter:card\" content=\"summary_large_image\" \/>\n<!-- \/ Yoast SEO plugin. -->","yoast_head_json":{"title":"LA GALER\u00cdA DEL MEME ART | Smoking","description":"\u00bfPara qu\u00e9 hablar seriamente si podemos entendernos mejor con memes? Te dejamos con una selecci\u00f3n de los memes m\u00e1s virales de Smoking","robots":{"index":"index","follow":"follow","max-snippet":"max-snippet:-1","max-image-preview":"max-image-preview:large","max-video-preview":"max-video-preview:-1"},"canonical":"https:\/\/www.smokingpaper.com\/es\/create-and-roll\/create-and-roll-memes\/","og_locale":"es_ES","og_type":"article","og_title":"LA GALER\u00cdA DEL MEME ART | Smoking","og_description":"\u00bfPara qu\u00e9 hablar seriamente si podemos entendernos mejor con memes? Te dejamos con una selecci\u00f3n de los memes m\u00e1s virales de Smoking","og_url":"https:\/\/www.smokingpaper.com\/es\/create-and-roll\/create-and-roll-memes\/","og_site_name":"Smoking","article_modified_time":"2022-08-31T09:19:05+00:00","twitter_card":"summary_large_image","schema":{"@context":"https:\/\/schema.org","@graph":[{"@type":"BreadcrumbList","@id":"https:\/\/www.smokingpaper.com\/es\/create-and-roll\/create-and-roll-memes\/#breadcrumb","itemListElement":[{"@type":"ListItem","position":1,"name":"Home","item":"https:\/\/www.smokingpaper.com\/es\/"},{"@type":"ListItem","position":2,"name":"Create &#038; Roll","item":"https:\/\/www.smokingpaper.com\/es\/create-and-roll\/"},{"@type":"ListItem","position":3,"name":"LA GALER\u00cdA DEL MEME ART"}]}]}},"_links":{"self":[{"href":"https:\/\/www.smokingpaper.com\/es\/wp-json\/wp\/v2\/pages\/3745","targetHints":{"allow":["GET"]}}],"collection":[{"href":"https:\/\/www.smokingpaper.com\/es\/wp-json\/wp\/v2\/pages"}],"about":[{"href":"https:\/\/www.smokingpaper.com\/es\/wp-json\/wp\/v2\/types\/page"}],"author":[{"embeddable":true,"href":"https:\/\/www.smokingpaper.com\/es\/wp-json\/wp\/v2\/users\/1"}],"replies":[{"embeddable":true,"href":"https:\/\/www.smokingpaper.com\/es\/wp-json\/wp\/v2\/comments?post=3745"}],"version-history":[{"count":9,"href":"https:\/\/www.smokingpaper.com\/es\/wp-json\/wp\/v2\/pages\/3745\/revisions"}],"predecessor-version":[{"id":5657,"href":"https:\/\/www.smokingpaper.com\/es\/wp-json\/wp\/v2\/pages\/3745\/revisions\/5657"}],"up":[{"embeddable":true,"href":"https:\/\/www.smokingpaper.com\/es\/wp-json\/wp\/v2\/pages\/3973"}],"wp:attachment":[{"href":"https:\/\/www.smokingpaper.com\/es\/wp-json\/wp\/v2\/media?parent=3745"}],"curies":[{"name":"wp","href":"https:\/\/api.w.org\/{rel}","templated":true}]}}