{"id":988,"date":"2021-12-02T13:23:30","date_gmt":"2021-12-02T12:23:30","guid":{"rendered":"http:\/\/new.smokingpaper.com\/product\/organic-doble-window\/"},"modified":"2023-12-18T21:24:09","modified_gmt":"2023-12-18T20:24:09","slug":"organic-doble-window","status":"publish","type":"product","link":"https:\/\/www.smokingpaper.com\/de\/organic-doble-window\/","title":{"rendered":"Organic doble window Regular"},"content":{"rendered":"","protected":false},"excerpt":{"rendered":"<p>Doppeltes Heft mit patentiertem Anti-Rutsch-System. Unser \u00f6kologischstes Papier. Das engagierteste und umweltfreundlichste. Papier aus 100% ZERTIFIZIERTEM BIO-Hanf, aus biologischem Anbau, ohne Pestizide, Herbizide oder Kunstd\u00fcnger. Ungebleichtes Papier. TREE FREE-Siegel, das bescheinigt, dass f\u00fcr seine Herstellung kein Baum gef\u00e4llt wurde, da es ausschlie\u00dflich aus Hanfzellstoff hergestellt wurde. 100% nat\u00fcrliches Gummi pflanzlichen Ursprungs, ohne Farbstoffe oder andere Zusatzstoffe. Garantiert eine bessere Verklebung mit einem einzigen Durchgang.<\/p>\n","protected":false},"featured_media":2182,"template":"","meta":{"_acf_changed":false,"inline_featured_image":false},"product_brand":[],"product_cat":[112,350],"product_tag":[],"class_list":{"0":"post-988","1":"product","2":"type-product","3":"status-publish","4":"has-post-thumbnail","6":"product_cat-blattchen","7":"product_cat-regular","9":"first","10":"instock","11":"shipping-taxable","12":"product-type-simple"},"acf":[],"yoast_head":"<!-- This site is optimized with the Yoast SEO plugin v26.2 - https:\/\/yoast.com\/wordpress\/plugins\/seo\/ -->\n<title>Normales Organisches Doppeltes apier | Smoking Paper<\/title>\n<meta name=\"description\" content=\"Finden Sie das doppellagige Bio-Normalpapier mit 120 Blatt Raucherprodukte der besten Qualit\u00e4t \u2705 zu den besten Preisen - Papierkatalog hier!\" \/>\n<meta name=\"robots\" content=\"index, follow, max-snippet:-1, max-image-preview:large, max-video-preview:-1\" \/>\n<link rel=\"canonical\" href=\"https:\/\/www.smokingpaper.com\/de\/organic-doble-window\/\" \/>\n<meta property=\"og:locale\" content=\"de_DE\" \/>\n<meta property=\"og:type\" content=\"article\" \/>\n<meta property=\"og:title\" content=\"Normales Organisches Doppeltes apier | Smoking Paper\" \/>\n<meta property=\"og:description\" content=\"Finden Sie das doppellagige Bio-Normalpapier mit 120 Blatt Raucherprodukte der besten Qualit\u00e4t \u2705 zu den besten Preisen - Papierkatalog hier!\" \/>\n<meta property=\"og:url\" content=\"https:\/\/www.smokingpaper.com\/de\/organic-doble-window\/\" \/>\n<meta property=\"og:site_name\" content=\"Smoking\" \/>\n<meta property=\"article:modified_time\" content=\"2023-12-18T20:24:09+00:00\" \/>\n<meta property=\"og:image\" content=\"https:\/\/www.smokingpaper.com\/wp-content\/uploads\/2021\/12\/Nuevo_proyecto__36_-removebg-preview.png\" \/>\n\t<meta property=\"og:image:width\" content=\"667\" \/>\n\t<meta property=\"og:image:height\" content=\"374\" \/>\n\t<meta property=\"og:image:type\" content=\"image\/png\" \/>\n<meta name=\"twitter:card\" content=\"summary_large_image\" \/>\n<meta name=\"twitter:label1\" content=\"Gesch\u00e4tzte Lesezeit\" \/>\n\t<meta name=\"twitter:data1\" content=\"1\u00a0Minute\" \/>\n<!-- \/ Yoast SEO plugin. -->","yoast_head_json":{"title":"Normales Organisches Doppeltes apier | Smoking Paper","description":"Finden Sie das doppellagige Bio-Normalpapier mit 120 Blatt Raucherprodukte der besten Qualit\u00e4t \u2705 zu den besten Preisen - Papierkatalog hier!","robots":{"index":"index","follow":"follow","max-snippet":"max-snippet:-1","max-image-preview":"max-image-preview:large","max-video-preview":"max-video-preview:-1"},"canonical":"https:\/\/www.smokingpaper.com\/de\/organic-doble-window\/","og_locale":"de_DE","og_type":"article","og_title":"Normales Organisches Doppeltes apier | Smoking Paper","og_description":"Finden Sie das doppellagige Bio-Normalpapier mit 120 Blatt Raucherprodukte der besten Qualit\u00e4t \u2705 zu den besten Preisen - Papierkatalog hier!","og_url":"https:\/\/www.smokingpaper.com\/de\/organic-doble-window\/","og_site_name":"Smoking","article_modified_time":"2023-12-18T20:24:09+00:00","og_image":[{"width":667,"height":374,"url":"https:\/\/www.smokingpaper.com\/wp-content\/uploads\/2021\/12\/Nuevo_proyecto__36_-removebg-preview.png","type":"image\/png"}],"twitter_card":"summary_large_image","twitter_misc":{"Gesch\u00e4tzte Lesezeit":"1\u00a0Minute"},"schema":{"@context":"https:\/\/schema.org","@graph":[{"@type":"BreadcrumbList","@id":"https:\/\/www.smokingpaper.com\/de\/organic-doble-window\/#breadcrumb","itemListElement":[{"@type":"ListItem","position":1,"name":"Home","item":"https:\/\/www.smokingpaper.com\/de\/"},{"@type":"ListItem","position":2,"name":"Produkte","item":"https:\/\/www.smokingpaper.com\/de\/shop\/"},{"@type":"ListItem","position":3,"name":"ZIGARETTENPAPIER","item":"https:\/\/www.smokingpaper.com\/de\/produkte\/blattchen\/"},{"@type":"ListItem","position":4,"name":"Organic doble window Regular"}]}]}},"_links":{"self":[{"href":"https:\/\/www.smokingpaper.com\/de\/wp-json\/wp\/v2\/product\/988","targetHints":{"allow":["GET"]}}],"collection":[{"href":"https:\/\/www.smokingpaper.com\/de\/wp-json\/wp\/v2\/product"}],"about":[{"href":"https:\/\/www.smokingpaper.com\/de\/wp-json\/wp\/v2\/types\/product"}],"wp:featuredmedia":[{"embeddable":true,"href":"https:\/\/www.smokingpaper.com\/de\/wp-json\/wp\/v2\/media\/2182"}],"wp:attachment":[{"href":"https:\/\/www.smokingpaper.com\/de\/wp-json\/wp\/v2\/media?parent=988"}],"wp:term":[{"taxonomy":"product_brand","embeddable":true,"href":"https:\/\/www.smokingpaper.com\/de\/wp-json\/wp\/v2\/product_brand?post=988"},{"taxonomy":"product_cat","embeddable":true,"href":"https:\/\/www.smokingpaper.com\/de\/wp-json\/wp\/v2\/product_cat?post=988"},{"taxonomy":"product_tag","embeddable":true,"href":"https:\/\/www.smokingpaper.com\/de\/wp-json\/wp\/v2\/product_tag?post=988"}],"curies":[{"name":"wp","href":"https:\/\/api.w.org\/{rel}","templated":true}]}}