{"id":985,"date":"2021-12-02T13:23:29","date_gmt":"2021-12-02T12:23:29","guid":{"rendered":"http:\/\/new.smokingpaper.com\/product\/papel-regular-organic\/"},"modified":"2023-12-18T21:37:23","modified_gmt":"2023-12-18T20:37:23","slug":"papel-regular-organic","status":"publish","type":"product","link":"https:\/\/www.smokingpaper.com\/de\/papel-regular-organic\/","title":{"rendered":"Organic Regular"},"content":{"rendered":"","protected":false},"excerpt":{"rendered":"<p>Smoking Organic spendet einen Teil seines Umsatzes an TREES FOR THE FUTURE, um die Aufforstungsarbeit zu unterst\u00fctzen.<\/p>\n<p>Mit dem Kauf eines beliebigen Produkts aus dem Smoking Organic-Sortiment tragen Sie also zur Pflanzung von 50.000 B\u00e4umen pro Jahr bei.<\/p>\n<p>Unser \u00f6kologischstes und umweltfreundlichstes Papier mit dem TREE FREE-Siegel, das bescheinigt, dass f\u00fcr seine Herstellung kein Baum gef\u00e4llt wurde, da es zu 100% aus Hanf hergestellt wird. BIO-zertifiziert. Ungebleichtes Papier. 100% nat\u00fcrliches Gummi pflanzlichen Ursprungs, ohne Farbstoffe oder andere Zusatzstoffe. Garantiert eine bessere Verklebung in einem einzigen Arbeitsgang. Eines der ersten auf dem Markt mit Klebelasche, einem sehr n\u00fctzlichen Klebstoff, mit dem Sie das Papier an Ihren Lieblingstabakbeutel kleben k\u00f6nnen.<\/p>\n","protected":false},"featured_media":1310,"template":"","meta":{"_acf_changed":false,"inline_featured_image":false},"product_brand":[],"product_cat":[112,350],"product_tag":[],"class_list":{"0":"post-985","1":"product","2":"type-product","3":"status-publish","4":"has-post-thumbnail","6":"product_cat-blattchen","7":"product_cat-regular","9":"first","10":"instock","11":"shipping-taxable","12":"product-type-simple"},"acf":[],"yoast_head":"<!-- This site is optimized with the Yoast SEO plugin v26.2 - https:\/\/yoast.com\/wordpress\/plugins\/seo\/ -->\n<title>Papier Regelm\u00e4\u00dfig Organisch | Smoking Paper<\/title>\n<meta name=\"description\" content=\"Wir stellen vor: Organic Regular Paper, die beste Qualit\u00e4t von Raucherpapierprodukten \u2705 zu den besten Preisen, Produktkatalog hier!\" \/>\n<meta name=\"robots\" content=\"index, follow, max-snippet:-1, max-image-preview:large, max-video-preview:-1\" \/>\n<link rel=\"canonical\" href=\"https:\/\/www.smokingpaper.com\/de\/papel-regular-organic\/\" \/>\n<meta property=\"og:locale\" content=\"de_DE\" \/>\n<meta property=\"og:type\" content=\"article\" \/>\n<meta property=\"og:title\" content=\"Papier Regelm\u00e4\u00dfig Organisch | Smoking Paper\" \/>\n<meta property=\"og:description\" content=\"Wir stellen vor: Organic Regular Paper, die beste Qualit\u00e4t von Raucherpapierprodukten \u2705 zu den besten Preisen, Produktkatalog hier!\" \/>\n<meta property=\"og:url\" content=\"https:\/\/www.smokingpaper.com\/de\/papel-regular-organic\/\" \/>\n<meta property=\"og:site_name\" content=\"Smoking\" \/>\n<meta property=\"article:modified_time\" content=\"2023-12-18T20:37:23+00:00\" \/>\n<meta property=\"og:image\" content=\"https:\/\/www.smokingpaper.com\/wp-content\/uploads\/2021\/12\/686x385_924d0-240320171617-removebg-preview.png\" \/>\n\t<meta property=\"og:image:width\" content=\"667\" \/>\n\t<meta property=\"og:image:height\" content=\"374\" \/>\n\t<meta property=\"og:image:type\" content=\"image\/png\" \/>\n<meta name=\"twitter:card\" content=\"summary_large_image\" \/>\n<meta name=\"twitter:label1\" content=\"Gesch\u00e4tzte Lesezeit\" \/>\n\t<meta name=\"twitter:data1\" content=\"1\u00a0Minute\" \/>\n<!-- \/ Yoast SEO plugin. -->","yoast_head_json":{"title":"Papier Regelm\u00e4\u00dfig Organisch | Smoking Paper","description":"Wir stellen vor: Organic Regular Paper, die beste Qualit\u00e4t von Raucherpapierprodukten \u2705 zu den besten Preisen, Produktkatalog hier!","robots":{"index":"index","follow":"follow","max-snippet":"max-snippet:-1","max-image-preview":"max-image-preview:large","max-video-preview":"max-video-preview:-1"},"canonical":"https:\/\/www.smokingpaper.com\/de\/papel-regular-organic\/","og_locale":"de_DE","og_type":"article","og_title":"Papier Regelm\u00e4\u00dfig Organisch | Smoking Paper","og_description":"Wir stellen vor: Organic Regular Paper, die beste Qualit\u00e4t von Raucherpapierprodukten \u2705 zu den besten Preisen, Produktkatalog hier!","og_url":"https:\/\/www.smokingpaper.com\/de\/papel-regular-organic\/","og_site_name":"Smoking","article_modified_time":"2023-12-18T20:37:23+00:00","og_image":[{"width":667,"height":374,"url":"https:\/\/www.smokingpaper.com\/wp-content\/uploads\/2021\/12\/686x385_924d0-240320171617-removebg-preview.png","type":"image\/png"}],"twitter_card":"summary_large_image","twitter_misc":{"Gesch\u00e4tzte Lesezeit":"1\u00a0Minute"},"schema":{"@context":"https:\/\/schema.org","@graph":[{"@type":"BreadcrumbList","@id":"https:\/\/www.smokingpaper.com\/de\/papel-regular-organic\/#breadcrumb","itemListElement":[{"@type":"ListItem","position":1,"name":"Home","item":"https:\/\/www.smokingpaper.com\/de\/"},{"@type":"ListItem","position":2,"name":"Produkte","item":"https:\/\/www.smokingpaper.com\/de\/shop\/"},{"@type":"ListItem","position":3,"name":"ZIGARETTENPAPIER","item":"https:\/\/www.smokingpaper.com\/de\/produkte\/blattchen\/"},{"@type":"ListItem","position":4,"name":"Organic Regular"}]}]}},"_links":{"self":[{"href":"https:\/\/www.smokingpaper.com\/de\/wp-json\/wp\/v2\/product\/985","targetHints":{"allow":["GET"]}}],"collection":[{"href":"https:\/\/www.smokingpaper.com\/de\/wp-json\/wp\/v2\/product"}],"about":[{"href":"https:\/\/www.smokingpaper.com\/de\/wp-json\/wp\/v2\/types\/product"}],"wp:featuredmedia":[{"embeddable":true,"href":"https:\/\/www.smokingpaper.com\/de\/wp-json\/wp\/v2\/media\/1310"}],"wp:attachment":[{"href":"https:\/\/www.smokingpaper.com\/de\/wp-json\/wp\/v2\/media?parent=985"}],"wp:term":[{"taxonomy":"product_brand","embeddable":true,"href":"https:\/\/www.smokingpaper.com\/de\/wp-json\/wp\/v2\/product_brand?post=985"},{"taxonomy":"product_cat","embeddable":true,"href":"https:\/\/www.smokingpaper.com\/de\/wp-json\/wp\/v2\/product_cat?post=985"},{"taxonomy":"product_tag","embeddable":true,"href":"https:\/\/www.smokingpaper.com\/de\/wp-json\/wp\/v2\/product_tag?post=985"}],"curies":[{"name":"wp","href":"https:\/\/api.w.org\/{rel}","templated":true}]}}