{"id":983,"date":"2021-12-02T13:23:29","date_gmt":"2021-12-02T12:23:29","guid":{"rendered":"http:\/\/new.smokingpaper.com\/product\/regular-orange-doble-window\/"},"modified":"2023-12-18T20:53:43","modified_gmt":"2023-12-18T19:53:43","slug":"regular-orange-doble-window","status":"publish","type":"product","link":"https:\/\/www.smokingpaper.com\/de\/regular-orange-doble-window\/","title":{"rendered":"Orange doble window Regular"},"content":{"rendered":"","protected":false},"excerpt":{"rendered":"<p>Doppelheft mit patentiertem Anti-Rutsch-System. Perfekt f\u00fcr alle, die ein \u00e4hnliches Erlebnis wie bei einer herk\u00f6mmlichen Zigarette suchen. Leichtes Gewicht, die Smoke\u00ae Orange frei brennend (Link), mikroperforiert, um den Abbrand zu verbessern. Enth\u00e4lt 120 Blatt pro Heft.<\/p>\n<p>Dieses Papier ist Typ A mit einem TREE FREE-Siegel. 100% nat\u00fcrliches Gummi pflanzlichen Ursprungs, ohne Farbstoffe oder andere Zusatzstoffe. So erhalten Sie einen besseren Stick mit nur einem Leckvorgang.<\/p>\n","protected":false},"featured_media":2185,"template":"","meta":{"_acf_changed":false,"inline_featured_image":false},"product_brand":[],"product_cat":[112,350],"product_tag":[],"class_list":{"0":"post-983","1":"product","2":"type-product","3":"status-publish","4":"has-post-thumbnail","6":"product_cat-blattchen","7":"product_cat-regular","9":"first","10":"instock","11":"shipping-taxable","12":"product-type-simple"},"acf":[],"yoast_head":"<!-- This site is optimized with the Yoast SEO plugin v26.2 - https:\/\/yoast.com\/wordpress\/plugins\/seo\/ -->\n<title>Papier-normales orange doppelter Fenster | Smoking Paper<\/title>\n<meta name=\"description\" content=\"Finden Sie die beste Qualit\u00e4t Raucherpapier \u2705 orange Doppelfenster regelm\u00e4\u00dfige Raucherpapier Produkte zu den besten Preisen, Katalog hier!\" \/>\n<meta name=\"robots\" content=\"index, follow, max-snippet:-1, max-image-preview:large, max-video-preview:-1\" \/>\n<link rel=\"canonical\" href=\"https:\/\/www.smokingpaper.com\/de\/regular-orange-doble-window\/\" \/>\n<meta property=\"og:locale\" content=\"de_DE\" \/>\n<meta property=\"og:type\" content=\"article\" \/>\n<meta property=\"og:title\" content=\"Papier-normales orange doppelter Fenster | Smoking Paper\" \/>\n<meta property=\"og:description\" content=\"Finden Sie die beste Qualit\u00e4t Raucherpapier \u2705 orange Doppelfenster regelm\u00e4\u00dfige Raucherpapier Produkte zu den besten Preisen, Katalog hier!\" \/>\n<meta property=\"og:url\" content=\"https:\/\/www.smokingpaper.com\/de\/regular-orange-doble-window\/\" \/>\n<meta property=\"og:site_name\" content=\"Smoking\" \/>\n<meta property=\"article:modified_time\" content=\"2023-12-18T19:53:43+00:00\" \/>\n<meta property=\"og:image\" content=\"https:\/\/www.smokingpaper.com\/wp-content\/uploads\/2021\/12\/Nuevo_proyecto__31_-removebg-preview.png\" \/>\n\t<meta property=\"og:image:width\" content=\"667\" \/>\n\t<meta property=\"og:image:height\" content=\"374\" \/>\n\t<meta property=\"og:image:type\" content=\"image\/png\" \/>\n<meta name=\"twitter:card\" content=\"summary_large_image\" \/>\n<meta name=\"twitter:label1\" content=\"Gesch\u00e4tzte Lesezeit\" \/>\n\t<meta name=\"twitter:data1\" content=\"1\u00a0Minute\" \/>\n<!-- \/ Yoast SEO plugin. -->","yoast_head_json":{"title":"Papier-normales orange doppelter Fenster | Smoking Paper","description":"Finden Sie die beste Qualit\u00e4t Raucherpapier \u2705 orange Doppelfenster regelm\u00e4\u00dfige Raucherpapier Produkte zu den besten Preisen, Katalog hier!","robots":{"index":"index","follow":"follow","max-snippet":"max-snippet:-1","max-image-preview":"max-image-preview:large","max-video-preview":"max-video-preview:-1"},"canonical":"https:\/\/www.smokingpaper.com\/de\/regular-orange-doble-window\/","og_locale":"de_DE","og_type":"article","og_title":"Papier-normales orange doppelter Fenster | Smoking Paper","og_description":"Finden Sie die beste Qualit\u00e4t Raucherpapier \u2705 orange Doppelfenster regelm\u00e4\u00dfige Raucherpapier Produkte zu den besten Preisen, Katalog hier!","og_url":"https:\/\/www.smokingpaper.com\/de\/regular-orange-doble-window\/","og_site_name":"Smoking","article_modified_time":"2023-12-18T19:53:43+00:00","og_image":[{"width":667,"height":374,"url":"https:\/\/www.smokingpaper.com\/wp-content\/uploads\/2021\/12\/Nuevo_proyecto__31_-removebg-preview.png","type":"image\/png"}],"twitter_card":"summary_large_image","twitter_misc":{"Gesch\u00e4tzte Lesezeit":"1\u00a0Minute"},"schema":{"@context":"https:\/\/schema.org","@graph":[{"@type":"BreadcrumbList","@id":"https:\/\/www.smokingpaper.com\/de\/regular-orange-doble-window\/#breadcrumb","itemListElement":[{"@type":"ListItem","position":1,"name":"Home","item":"https:\/\/www.smokingpaper.com\/de\/"},{"@type":"ListItem","position":2,"name":"Produkte","item":"https:\/\/www.smokingpaper.com\/de\/shop\/"},{"@type":"ListItem","position":3,"name":"ZIGARETTENPAPIER","item":"https:\/\/www.smokingpaper.com\/de\/produkte\/blattchen\/"},{"@type":"ListItem","position":4,"name":"Orange doble window Regular"}]}]}},"_links":{"self":[{"href":"https:\/\/www.smokingpaper.com\/de\/wp-json\/wp\/v2\/product\/983","targetHints":{"allow":["GET"]}}],"collection":[{"href":"https:\/\/www.smokingpaper.com\/de\/wp-json\/wp\/v2\/product"}],"about":[{"href":"https:\/\/www.smokingpaper.com\/de\/wp-json\/wp\/v2\/types\/product"}],"wp:featuredmedia":[{"embeddable":true,"href":"https:\/\/www.smokingpaper.com\/de\/wp-json\/wp\/v2\/media\/2185"}],"wp:attachment":[{"href":"https:\/\/www.smokingpaper.com\/de\/wp-json\/wp\/v2\/media?parent=983"}],"wp:term":[{"taxonomy":"product_brand","embeddable":true,"href":"https:\/\/www.smokingpaper.com\/de\/wp-json\/wp\/v2\/product_brand?post=983"},{"taxonomy":"product_cat","embeddable":true,"href":"https:\/\/www.smokingpaper.com\/de\/wp-json\/wp\/v2\/product_cat?post=983"},{"taxonomy":"product_tag","embeddable":true,"href":"https:\/\/www.smokingpaper.com\/de\/wp-json\/wp\/v2\/product_tag?post=983"}],"curies":[{"name":"wp","href":"https:\/\/api.w.org\/{rel}","templated":true}]}}