{"id":981,"date":"2021-12-02T13:23:28","date_gmt":"2021-12-02T12:23:28","guid":{"rendered":"http:\/\/new.smokingpaper.com\/product\/regular-orange-bloc\/"},"modified":"2023-12-18T23:32:18","modified_gmt":"2023-12-18T22:32:18","slug":"regular-orange-bloc","status":"publish","type":"product","link":"https:\/\/www.smokingpaper.com\/de\/regular-orange-bloc\/","title":{"rendered":"Orange bloc Regular"},"content":{"rendered":"","protected":false},"excerpt":{"rendered":"<p>Klassisches spanisches Format, separate flache Bl\u00e4tter. Perfekt f\u00fcr alle, die ein Erlebnis suchen, das dem einer herk\u00f6mmlichen Zigarette \u00e4hnelt. Die Smoking\u00ae Orange ist leicht, frei brennend und mikroperforiert, um den Abbrand zu verbessern.<\/p>\n<p>Enth\u00e4lt 200 Bl\u00e4tter pro Heft. Dieses Papier ist Typ A mit einem TREE FREE-Siegel. 100% nat\u00fcrliches Gummi pflanzlichen Ursprungs, ohne Farbstoffe oder andere Zus\u00e4tze.<\/p>\n<p>So erh\u00e4ltst Du einen besseren Stick mit nur einem Leck.<\/p>\n","protected":false},"featured_media":2193,"template":"","meta":{"_acf_changed":false,"inline_featured_image":false},"product_brand":[],"product_cat":[112,350],"product_tag":[],"class_list":{"0":"post-981","1":"product","2":"type-product","3":"status-publish","4":"has-post-thumbnail","6":"product_cat-blattchen","7":"product_cat-regular","9":"first","10":"instock","11":"shipping-taxable","12":"product-type-simple"},"acf":[],"yoast_head":"<!-- This site is optimized with the Yoast SEO plugin v26.2 - https:\/\/yoast.com\/wordpress\/plugins\/seo\/ -->\n<title>Papier Regelm\u00e4\u00dfiger Orange Farbener Bloc | Smoking Paper<\/title>\n<meta name=\"description\" content=\"Entdecken Sie orange bloc regular paper, die besten Qualit\u00e4tsprodukte zum Rauchen bei Smoking paper und zu den besten Preisen, Online-Katalog! \u2705\" \/>\n<meta name=\"robots\" content=\"index, follow, max-snippet:-1, max-image-preview:large, max-video-preview:-1\" \/>\n<link rel=\"canonical\" href=\"https:\/\/www.smokingpaper.com\/de\/regular-orange-bloc\/\" \/>\n<meta property=\"og:locale\" content=\"de_DE\" \/>\n<meta property=\"og:type\" content=\"article\" \/>\n<meta property=\"og:title\" content=\"Papier Regelm\u00e4\u00dfiger Orange Farbener Bloc | Smoking Paper\" \/>\n<meta property=\"og:description\" content=\"Entdecken Sie orange bloc regular paper, die besten Qualit\u00e4tsprodukte zum Rauchen bei Smoking paper und zu den besten Preisen, Online-Katalog! \u2705\" \/>\n<meta property=\"og:url\" content=\"https:\/\/www.smokingpaper.com\/de\/regular-orange-bloc\/\" \/>\n<meta property=\"og:site_name\" content=\"Smoking\" \/>\n<meta property=\"article:modified_time\" content=\"2023-12-18T22:32:18+00:00\" \/>\n<meta property=\"og:image\" content=\"https:\/\/www.smokingpaper.com\/wp-content\/uploads\/2021\/12\/200_gramaje-removebg-preview.png\" \/>\n\t<meta property=\"og:image:width\" content=\"667\" \/>\n\t<meta property=\"og:image:height\" content=\"374\" \/>\n\t<meta property=\"og:image:type\" content=\"image\/png\" \/>\n<meta name=\"twitter:card\" content=\"summary_large_image\" \/>\n<!-- \/ Yoast SEO plugin. -->","yoast_head_json":{"title":"Papier Regelm\u00e4\u00dfiger Orange Farbener Bloc | Smoking Paper","description":"Entdecken Sie orange bloc regular paper, die besten Qualit\u00e4tsprodukte zum Rauchen bei Smoking paper und zu den besten Preisen, Online-Katalog! \u2705","robots":{"index":"index","follow":"follow","max-snippet":"max-snippet:-1","max-image-preview":"max-image-preview:large","max-video-preview":"max-video-preview:-1"},"canonical":"https:\/\/www.smokingpaper.com\/de\/regular-orange-bloc\/","og_locale":"de_DE","og_type":"article","og_title":"Papier Regelm\u00e4\u00dfiger Orange Farbener Bloc | Smoking Paper","og_description":"Entdecken Sie orange bloc regular paper, die besten Qualit\u00e4tsprodukte zum Rauchen bei Smoking paper und zu den besten Preisen, Online-Katalog! \u2705","og_url":"https:\/\/www.smokingpaper.com\/de\/regular-orange-bloc\/","og_site_name":"Smoking","article_modified_time":"2023-12-18T22:32:18+00:00","og_image":[{"width":667,"height":374,"url":"https:\/\/www.smokingpaper.com\/wp-content\/uploads\/2021\/12\/200_gramaje-removebg-preview.png","type":"image\/png"}],"twitter_card":"summary_large_image","schema":{"@context":"https:\/\/schema.org","@graph":[{"@type":"BreadcrumbList","@id":"https:\/\/www.smokingpaper.com\/de\/regular-orange-bloc\/#breadcrumb","itemListElement":[{"@type":"ListItem","position":1,"name":"Home","item":"https:\/\/www.smokingpaper.com\/de\/"},{"@type":"ListItem","position":2,"name":"Produkte","item":"https:\/\/www.smokingpaper.com\/de\/shop\/"},{"@type":"ListItem","position":3,"name":"ZIGARETTENPAPIER","item":"https:\/\/www.smokingpaper.com\/de\/produkte\/blattchen\/"},{"@type":"ListItem","position":4,"name":"Orange bloc Regular"}]}]}},"_links":{"self":[{"href":"https:\/\/www.smokingpaper.com\/de\/wp-json\/wp\/v2\/product\/981","targetHints":{"allow":["GET"]}}],"collection":[{"href":"https:\/\/www.smokingpaper.com\/de\/wp-json\/wp\/v2\/product"}],"about":[{"href":"https:\/\/www.smokingpaper.com\/de\/wp-json\/wp\/v2\/types\/product"}],"wp:featuredmedia":[{"embeddable":true,"href":"https:\/\/www.smokingpaper.com\/de\/wp-json\/wp\/v2\/media\/2193"}],"wp:attachment":[{"href":"https:\/\/www.smokingpaper.com\/de\/wp-json\/wp\/v2\/media?parent=981"}],"wp:term":[{"taxonomy":"product_brand","embeddable":true,"href":"https:\/\/www.smokingpaper.com\/de\/wp-json\/wp\/v2\/product_brand?post=981"},{"taxonomy":"product_cat","embeddable":true,"href":"https:\/\/www.smokingpaper.com\/de\/wp-json\/wp\/v2\/product_cat?post=981"},{"taxonomy":"product_tag","embeddable":true,"href":"https:\/\/www.smokingpaper.com\/de\/wp-json\/wp\/v2\/product_tag?post=981"}],"curies":[{"name":"wp","href":"https:\/\/api.w.org\/{rel}","templated":true}]}}