{"id":976,"date":"2021-12-02T13:23:26","date_gmt":"2021-12-02T12:23:26","guid":{"rendered":"http:\/\/new.smokingpaper.com\/product\/regular-liquorice\/"},"modified":"2023-12-18T17:43:08","modified_gmt":"2023-12-18T16:43:08","slug":"regular-liquorice","status":"publish","type":"product","link":"https:\/\/www.smokingpaper.com\/de\/regular-liquorice\/","title":{"rendered":"Liquorice Regular"},"content":{"rendered":"","protected":false},"excerpt":{"rendered":"<p>Dieses Papier hat einen s\u00fc\u00dfen Geschmack wie Lakritze. Es ist ein mittelschweres Papier. Auch bekannt als &#8222;Tabakblatt&#8220;.<br \/>\nEnth\u00e4lt 50 Bl\u00e4tter pro Heft.<br \/>\nFSC\u00ae-zertifiziert.<br \/>\n100% nat\u00fcrliches pflanzliches Gummi, ohne Farbstoffe oder andere Zus\u00e4tze. So erh\u00e4ltst Du den optimalen Stick mit nur einem Zug.<br \/>\nEines der ersten auf dem Markt mit Sticky Tab, mit der Du die Bl\u00e4tter an deinen Lieblings-Tabakbeutel kleben kannst.<\/p>\n","protected":false},"featured_media":1346,"template":"","meta":{"_acf_changed":false,"inline_featured_image":false},"product_brand":[],"product_cat":[112,350],"product_tag":[],"class_list":{"0":"post-976","1":"product","2":"type-product","3":"status-publish","4":"has-post-thumbnail","6":"product_cat-blattchen","7":"product_cat-regular","9":"first","10":"instock","11":"shipping-taxable","12":"product-type-simple"},"acf":[],"yoast_head":"<!-- This site is optimized with the Yoast SEO plugin v26.2 - https:\/\/yoast.com\/wordpress\/plugins\/seo\/ -->\n<title>\u25b7 Normaler Lakranz Papier | Smoking Paper<\/title>\n<meta name=\"description\" content=\"Ermitteln Sie das Papier regelm\u00e4\u00dfige Lakritze, Raucherprodukte der besten Qualit\u00e4t beim Raucherpapier \u2705 Zu den Top-Preisen. Einzigartiges und anderes Rauchpapier!\" \/>\n<meta name=\"robots\" content=\"index, follow, max-snippet:-1, max-image-preview:large, max-video-preview:-1\" \/>\n<link rel=\"canonical\" href=\"https:\/\/www.smokingpaper.com\/de\/regular-liquorice\/\" \/>\n<meta property=\"og:locale\" content=\"de_DE\" \/>\n<meta property=\"og:type\" content=\"article\" \/>\n<meta property=\"og:title\" content=\"\u25b7 Normaler Lakranz Papier | Smoking Paper\" \/>\n<meta property=\"og:description\" content=\"Ermitteln Sie das Papier regelm\u00e4\u00dfige Lakritze, Raucherprodukte der besten Qualit\u00e4t beim Raucherpapier \u2705 Zu den Top-Preisen. Einzigartiges und anderes Rauchpapier!\" \/>\n<meta property=\"og:url\" content=\"https:\/\/www.smokingpaper.com\/de\/regular-liquorice\/\" \/>\n<meta property=\"og:site_name\" content=\"Smoking\" \/>\n<meta property=\"article:modified_time\" content=\"2023-12-18T16:43:08+00:00\" \/>\n<meta property=\"og:image\" content=\"https:\/\/www.smokingpaper.com\/wp-content\/uploads\/2021\/12\/686x385_d4b44-100820140002-removebg-preview.png\" \/>\n\t<meta property=\"og:image:width\" content=\"667\" \/>\n\t<meta property=\"og:image:height\" content=\"374\" \/>\n\t<meta property=\"og:image:type\" content=\"image\/png\" \/>\n<meta name=\"twitter:card\" content=\"summary_large_image\" \/>\n<!-- \/ Yoast SEO plugin. -->","yoast_head_json":{"title":"\u25b7 Normaler Lakranz Papier | Smoking Paper","description":"Ermitteln Sie das Papier regelm\u00e4\u00dfige Lakritze, Raucherprodukte der besten Qualit\u00e4t beim Raucherpapier \u2705 Zu den Top-Preisen. Einzigartiges und anderes Rauchpapier!","robots":{"index":"index","follow":"follow","max-snippet":"max-snippet:-1","max-image-preview":"max-image-preview:large","max-video-preview":"max-video-preview:-1"},"canonical":"https:\/\/www.smokingpaper.com\/de\/regular-liquorice\/","og_locale":"de_DE","og_type":"article","og_title":"\u25b7 Normaler Lakranz Papier | Smoking Paper","og_description":"Ermitteln Sie das Papier regelm\u00e4\u00dfige Lakritze, Raucherprodukte der besten Qualit\u00e4t beim Raucherpapier \u2705 Zu den Top-Preisen. Einzigartiges und anderes Rauchpapier!","og_url":"https:\/\/www.smokingpaper.com\/de\/regular-liquorice\/","og_site_name":"Smoking","article_modified_time":"2023-12-18T16:43:08+00:00","og_image":[{"width":667,"height":374,"url":"https:\/\/www.smokingpaper.com\/wp-content\/uploads\/2021\/12\/686x385_d4b44-100820140002-removebg-preview.png","type":"image\/png"}],"twitter_card":"summary_large_image","schema":{"@context":"https:\/\/schema.org","@graph":[{"@type":"BreadcrumbList","@id":"https:\/\/www.smokingpaper.com\/de\/regular-liquorice\/#breadcrumb","itemListElement":[{"@type":"ListItem","position":1,"name":"Home","item":"https:\/\/www.smokingpaper.com\/de\/"},{"@type":"ListItem","position":2,"name":"Produkte","item":"https:\/\/www.smokingpaper.com\/de\/shop\/"},{"@type":"ListItem","position":3,"name":"ZIGARETTENPAPIER","item":"https:\/\/www.smokingpaper.com\/de\/produkte\/blattchen\/"},{"@type":"ListItem","position":4,"name":"Liquorice Regular"}]}]}},"_links":{"self":[{"href":"https:\/\/www.smokingpaper.com\/de\/wp-json\/wp\/v2\/product\/976","targetHints":{"allow":["GET"]}}],"collection":[{"href":"https:\/\/www.smokingpaper.com\/de\/wp-json\/wp\/v2\/product"}],"about":[{"href":"https:\/\/www.smokingpaper.com\/de\/wp-json\/wp\/v2\/types\/product"}],"wp:featuredmedia":[{"embeddable":true,"href":"https:\/\/www.smokingpaper.com\/de\/wp-json\/wp\/v2\/media\/1346"}],"wp:attachment":[{"href":"https:\/\/www.smokingpaper.com\/de\/wp-json\/wp\/v2\/media?parent=976"}],"wp:term":[{"taxonomy":"product_brand","embeddable":true,"href":"https:\/\/www.smokingpaper.com\/de\/wp-json\/wp\/v2\/product_brand?post=976"},{"taxonomy":"product_cat","embeddable":true,"href":"https:\/\/www.smokingpaper.com\/de\/wp-json\/wp\/v2\/product_cat?post=976"},{"taxonomy":"product_tag","embeddable":true,"href":"https:\/\/www.smokingpaper.com\/de\/wp-json\/wp\/v2\/product_tag?post=976"}],"curies":[{"name":"wp","href":"https:\/\/api.w.org\/{rel}","templated":true}]}}