{"id":973,"date":"2021-12-02T13:23:24","date_gmt":"2021-12-02T12:23:24","guid":{"rendered":"http:\/\/new.smokingpaper.com\/product\/regular-deluxe\/"},"modified":"2023-12-18T23:00:00","modified_gmt":"2023-12-18T22:00:00","slug":"regular-deluxe","status":"publish","type":"product","link":"https:\/\/www.smokingpaper.com\/de\/regular-deluxe\/","title":{"rendered":"Deluxe Regular"},"content":{"rendered":"","protected":false},"excerpt":{"rendered":"<p><span data-sheets-value=\"{&quot;1&quot;:2,&quot;2&quot;:&quot;Deluxe Regular ist eines der Lieblingspapiere unserer Kunden! Es handelt sich um ein ultrad\u00fcnnes Papier mit dem charakteristischen langsamen Abbrand. Es war auch eines der ersten Papiere auf dem Markt, das mit einer Klebelasche versehen war, mit der man die Bl\u00e4tter an seinem Lieblings-Tabakbeutel befestigen konnte.nDiese Packung Smoking\u00ae-Papier mit Wasserzeichen (13 g\/m\u00b2) enth\u00e4lt 60 Blatt im Format 69 x 37 mm.nEs besteht au\u00dferdem aus 100 % nat\u00fcrlichem Pflanzengummi, ohne Farbstoffe oder andere Zus\u00e4tze und ist FSC\u00ae-zertifiziert.&quot;}\" data-sheets-userformat=\"{&quot;2&quot;:1319869,&quot;3&quot;:{&quot;1&quot;:0},&quot;5&quot;:{&quot;1&quot;:[{&quot;1&quot;:2,&quot;2&quot;:0,&quot;5&quot;:{&quot;1&quot;:2,&quot;2&quot;:0}},{&quot;1&quot;:0,&quot;2&quot;:0,&quot;3&quot;:3},{&quot;1&quot;:1,&quot;2&quot;:0,&quot;4&quot;:2}]},&quot;6&quot;:{&quot;1&quot;:[{&quot;1&quot;:2,&quot;2&quot;:0,&quot;5&quot;:{&quot;1&quot;:2,&quot;2&quot;:0}},{&quot;1&quot;:0,&quot;2&quot;:0,&quot;3&quot;:3},{&quot;1&quot;:1,&quot;2&quot;:0,&quot;4&quot;:2}]},&quot;7&quot;:{&quot;1&quot;:[{&quot;1&quot;:2,&quot;2&quot;:0,&quot;5&quot;:{&quot;1&quot;:2,&quot;2&quot;:0}},{&quot;1&quot;:0,&quot;2&quot;:0,&quot;3&quot;:3},{&quot;1&quot;:1,&quot;2&quot;:0,&quot;4&quot;:2}]},&quot;8&quot;:{&quot;1&quot;:[{&quot;1&quot;:2,&quot;2&quot;:0,&quot;5&quot;:{&quot;1&quot;:2,&quot;2&quot;:0}},{&quot;1&quot;:0,&quot;2&quot;:0,&quot;3&quot;:3},{&quot;1&quot;:1,&quot;2&quot;:0,&quot;4&quot;:2}]},&quot;10&quot;:1,&quot;11&quot;:3,&quot;12&quot;:0,&quot;16&quot;:10,&quot;21&quot;:0,&quot;23&quot;:2}\">Deluxe Regular ist eines der Lieblingspapiere unserer Kunden! Es handelt sich um ein ultrad\u00fcnnes Papier mit dem charakteristischen langsamen Abbrand. Es war auch eines der ersten Papiere auf dem Markt, das unser Sticky Tab hatte, mit der man es an der Tasche seines Lieblingstabaks befestigen konnte.<br \/>\nDiese 13 g\/m2-Papierpackung mit dem Smoking\u00ae-Wasserzeichen enth\u00e4lt 60 Papiere im Format 69 x 37 mm.<br \/>\nEs ist au\u00dferdem FSC\u00ae-zertifiziert und besteht zu 100 % aus nat\u00fcrlichem Guarkernmehl, ohne Farb- oder Zusatzstoffe.<\/span><\/p>\n","protected":false},"featured_media":2135,"template":"","meta":{"_acf_changed":false,"inline_featured_image":false},"product_brand":[],"product_cat":[112,350],"product_tag":[],"class_list":{"0":"post-973","1":"product","2":"type-product","3":"status-publish","4":"has-post-thumbnail","6":"product_cat-blattchen","7":"product_cat-regular","9":"first","10":"instock","11":"shipping-taxable","12":"product-type-simple"},"acf":[],"yoast_head":"<!-- This site is optimized with the Yoast SEO plugin v26.2 - https:\/\/yoast.com\/wordpress\/plugins\/seo\/ -->\n<title>\u25b7 Papiersteuerer Deluxe | Smoking Paper<\/title>\n<meta name=\"description\" content=\"Finden Sie die Deluxe Regular Paper mit , Bl\u00e4tter Rauchen Produkte von bester Qualit\u00e4t in Raucherpapier \u2705 zu den besten Preisen. mehr hier!\" \/>\n<meta name=\"robots\" content=\"index, follow, max-snippet:-1, max-image-preview:large, max-video-preview:-1\" \/>\n<link rel=\"canonical\" href=\"https:\/\/www.smokingpaper.com\/de\/regular-deluxe\/\" \/>\n<meta property=\"og:locale\" content=\"de_DE\" \/>\n<meta property=\"og:type\" content=\"article\" \/>\n<meta property=\"og:title\" content=\"\u25b7 Papiersteuerer Deluxe | Smoking Paper\" \/>\n<meta property=\"og:description\" content=\"Finden Sie die Deluxe Regular Paper mit , Bl\u00e4tter Rauchen Produkte von bester Qualit\u00e4t in Raucherpapier \u2705 zu den besten Preisen. mehr hier!\" \/>\n<meta property=\"og:url\" content=\"https:\/\/www.smokingpaper.com\/de\/regular-deluxe\/\" \/>\n<meta property=\"og:site_name\" content=\"Smoking\" \/>\n<meta property=\"article:modified_time\" content=\"2023-12-18T22:00:00+00:00\" \/>\n<meta property=\"og:image\" content=\"https:\/\/www.smokingpaper.com\/wp-content\/uploads\/2021\/12\/Nuevo_proyecto__23_-removebg-preview.png\" \/>\n\t<meta property=\"og:image:width\" content=\"667\" \/>\n\t<meta property=\"og:image:height\" content=\"374\" \/>\n\t<meta property=\"og:image:type\" content=\"image\/png\" \/>\n<meta name=\"twitter:card\" content=\"summary_large_image\" \/>\n<!-- \/ Yoast SEO plugin. -->","yoast_head_json":{"title":"\u25b7 Papiersteuerer Deluxe | Smoking Paper","description":"Finden Sie die Deluxe Regular Paper mit , Bl\u00e4tter Rauchen Produkte von bester Qualit\u00e4t in Raucherpapier \u2705 zu den besten Preisen. mehr hier!","robots":{"index":"index","follow":"follow","max-snippet":"max-snippet:-1","max-image-preview":"max-image-preview:large","max-video-preview":"max-video-preview:-1"},"canonical":"https:\/\/www.smokingpaper.com\/de\/regular-deluxe\/","og_locale":"de_DE","og_type":"article","og_title":"\u25b7 Papiersteuerer Deluxe | Smoking Paper","og_description":"Finden Sie die Deluxe Regular Paper mit , Bl\u00e4tter Rauchen Produkte von bester Qualit\u00e4t in Raucherpapier \u2705 zu den besten Preisen. mehr hier!","og_url":"https:\/\/www.smokingpaper.com\/de\/regular-deluxe\/","og_site_name":"Smoking","article_modified_time":"2023-12-18T22:00:00+00:00","og_image":[{"width":667,"height":374,"url":"https:\/\/www.smokingpaper.com\/wp-content\/uploads\/2021\/12\/Nuevo_proyecto__23_-removebg-preview.png","type":"image\/png"}],"twitter_card":"summary_large_image","schema":{"@context":"https:\/\/schema.org","@graph":[{"@type":"BreadcrumbList","@id":"https:\/\/www.smokingpaper.com\/de\/regular-deluxe\/#breadcrumb","itemListElement":[{"@type":"ListItem","position":1,"name":"Home","item":"https:\/\/www.smokingpaper.com\/de\/"},{"@type":"ListItem","position":2,"name":"Produkte","item":"https:\/\/www.smokingpaper.com\/de\/shop\/"},{"@type":"ListItem","position":3,"name":"ZIGARETTENPAPIER","item":"https:\/\/www.smokingpaper.com\/de\/produkte\/blattchen\/"},{"@type":"ListItem","position":4,"name":"Deluxe Regular"}]}]}},"_links":{"self":[{"href":"https:\/\/www.smokingpaper.com\/de\/wp-json\/wp\/v2\/product\/973","targetHints":{"allow":["GET"]}}],"collection":[{"href":"https:\/\/www.smokingpaper.com\/de\/wp-json\/wp\/v2\/product"}],"about":[{"href":"https:\/\/www.smokingpaper.com\/de\/wp-json\/wp\/v2\/types\/product"}],"wp:featuredmedia":[{"embeddable":true,"href":"https:\/\/www.smokingpaper.com\/de\/wp-json\/wp\/v2\/media\/2135"}],"wp:attachment":[{"href":"https:\/\/www.smokingpaper.com\/de\/wp-json\/wp\/v2\/media?parent=973"}],"wp:term":[{"taxonomy":"product_brand","embeddable":true,"href":"https:\/\/www.smokingpaper.com\/de\/wp-json\/wp\/v2\/product_brand?post=973"},{"taxonomy":"product_cat","embeddable":true,"href":"https:\/\/www.smokingpaper.com\/de\/wp-json\/wp\/v2\/product_cat?post=973"},{"taxonomy":"product_tag","embeddable":true,"href":"https:\/\/www.smokingpaper.com\/de\/wp-json\/wp\/v2\/product_tag?post=973"}],"curies":[{"name":"wp","href":"https:\/\/api.w.org\/{rel}","templated":true}]}}