{"id":969,"date":"2021-12-02T13:49:15","date_gmt":"2021-12-02T12:49:15","guid":{"rendered":"http:\/\/new.smokingpaper.com\/product\/regular-brown\/"},"modified":"2023-12-18T22:51:58","modified_gmt":"2023-12-18T21:51:58","slug":"regular-brown","status":"publish","type":"product","link":"https:\/\/www.smokingpaper.com\/de\/regular-brown\/","title":{"rendered":"Brown Regular"},"content":{"rendered":"","protected":false},"excerpt":{"rendered":"<p>Brown Regular ist das umweltfreundlichste Heft. Ein ultrafeines (13 g\/m2) ungebleichtes Papier, das den langsamen Rauchgenuss erh\u00e4lt, den Sie sich f\u00fcr Ihre Zigaretten w\u00fcnschen. 100% nat\u00fcrliches Gummi pflanzlichen Ursprungs, ohne Farbstoffe oder andere Zus\u00e4tze. Es ist FSC\u00ae-zertifiziert, da es aus Gebieten stammt, die die Artenvielfalt erhalten. In diesem Heftchen sind 60 Bl\u00e4tter im Standardformat 69 x 37 mm enthalten, die mit einen Sticky-Tab versehen sind, um das Papier perfekt zu kleben.<\/p>\n","protected":false},"featured_media":2138,"template":"","meta":{"_acf_changed":false,"inline_featured_image":false},"product_brand":[],"product_cat":[112,350],"product_tag":[],"class_list":{"0":"post-969","1":"product","2":"type-product","3":"status-publish","4":"has-post-thumbnail","6":"product_cat-blattchen","7":"product_cat-regular","9":"first","10":"instock","11":"shipping-taxable","12":"product-type-simple"},"acf":[],"yoast_head":"<!-- This site is optimized with the Yoast SEO plugin v26.2 - https:\/\/yoast.com\/wordpress\/plugins\/seo\/ -->\n<title>Papier regelm\u00e4\u00dfig braun | Smoking Paper<\/title>\n<meta name=\"description\" content=\"Finden Sie die beste Qualit\u00e4t Regular Brown, Raucherprodukte bei Smoking Paper \u2705 Zu den besten Preisen, Online-Produktkatalog hier!\" \/>\n<meta name=\"robots\" content=\"index, follow, max-snippet:-1, max-image-preview:large, max-video-preview:-1\" \/>\n<link rel=\"canonical\" href=\"https:\/\/www.smokingpaper.com\/de\/regular-brown\/\" \/>\n<meta property=\"og:locale\" content=\"de_DE\" \/>\n<meta property=\"og:type\" content=\"article\" \/>\n<meta property=\"og:title\" content=\"Papier regelm\u00e4\u00dfig braun | Smoking Paper\" \/>\n<meta property=\"og:description\" content=\"Finden Sie die beste Qualit\u00e4t Regular Brown, Raucherprodukte bei Smoking Paper \u2705 Zu den besten Preisen, Online-Produktkatalog hier!\" \/>\n<meta property=\"og:url\" content=\"https:\/\/www.smokingpaper.com\/de\/regular-brown\/\" \/>\n<meta property=\"og:site_name\" content=\"Smoking\" \/>\n<meta property=\"article:modified_time\" content=\"2023-12-18T21:51:58+00:00\" \/>\n<meta property=\"og:image\" content=\"https:\/\/www.smokingpaper.com\/wp-content\/uploads\/2021\/12\/Nuevo_proyecto__24_-removebg-preview.png\" \/>\n\t<meta property=\"og:image:width\" content=\"667\" \/>\n\t<meta property=\"og:image:height\" content=\"374\" \/>\n\t<meta property=\"og:image:type\" content=\"image\/png\" \/>\n<meta name=\"twitter:card\" content=\"summary_large_image\" \/>\n<!-- \/ Yoast SEO plugin. -->","yoast_head_json":{"title":"Papier regelm\u00e4\u00dfig braun | Smoking Paper","description":"Finden Sie die beste Qualit\u00e4t Regular Brown, Raucherprodukte bei Smoking Paper \u2705 Zu den besten Preisen, Online-Produktkatalog hier!","robots":{"index":"index","follow":"follow","max-snippet":"max-snippet:-1","max-image-preview":"max-image-preview:large","max-video-preview":"max-video-preview:-1"},"canonical":"https:\/\/www.smokingpaper.com\/de\/regular-brown\/","og_locale":"de_DE","og_type":"article","og_title":"Papier regelm\u00e4\u00dfig braun | Smoking Paper","og_description":"Finden Sie die beste Qualit\u00e4t Regular Brown, Raucherprodukte bei Smoking Paper \u2705 Zu den besten Preisen, Online-Produktkatalog hier!","og_url":"https:\/\/www.smokingpaper.com\/de\/regular-brown\/","og_site_name":"Smoking","article_modified_time":"2023-12-18T21:51:58+00:00","og_image":[{"width":667,"height":374,"url":"https:\/\/www.smokingpaper.com\/wp-content\/uploads\/2021\/12\/Nuevo_proyecto__24_-removebg-preview.png","type":"image\/png"}],"twitter_card":"summary_large_image","schema":{"@context":"https:\/\/schema.org","@graph":[{"@type":"BreadcrumbList","@id":"https:\/\/www.smokingpaper.com\/de\/regular-brown\/#breadcrumb","itemListElement":[{"@type":"ListItem","position":1,"name":"Home","item":"https:\/\/www.smokingpaper.com\/de\/"},{"@type":"ListItem","position":2,"name":"Produkte","item":"https:\/\/www.smokingpaper.com\/de\/shop\/"},{"@type":"ListItem","position":3,"name":"ZIGARETTENPAPIER","item":"https:\/\/www.smokingpaper.com\/de\/produkte\/blattchen\/"},{"@type":"ListItem","position":4,"name":"Brown Regular"}]}]}},"_links":{"self":[{"href":"https:\/\/www.smokingpaper.com\/de\/wp-json\/wp\/v2\/product\/969","targetHints":{"allow":["GET"]}}],"collection":[{"href":"https:\/\/www.smokingpaper.com\/de\/wp-json\/wp\/v2\/product"}],"about":[{"href":"https:\/\/www.smokingpaper.com\/de\/wp-json\/wp\/v2\/types\/product"}],"wp:featuredmedia":[{"embeddable":true,"href":"https:\/\/www.smokingpaper.com\/de\/wp-json\/wp\/v2\/media\/2138"}],"wp:attachment":[{"href":"https:\/\/www.smokingpaper.com\/de\/wp-json\/wp\/v2\/media?parent=969"}],"wp:term":[{"taxonomy":"product_brand","embeddable":true,"href":"https:\/\/www.smokingpaper.com\/de\/wp-json\/wp\/v2\/product_brand?post=969"},{"taxonomy":"product_cat","embeddable":true,"href":"https:\/\/www.smokingpaper.com\/de\/wp-json\/wp\/v2\/product_cat?post=969"},{"taxonomy":"product_tag","embeddable":true,"href":"https:\/\/www.smokingpaper.com\/de\/wp-json\/wp\/v2\/product_tag?post=969"}],"curies":[{"name":"wp","href":"https:\/\/api.w.org\/{rel}","templated":true}]}}